{"id":41046,"date":"2024-06-09T15:50:56","date_gmt":"2024-06-09T12:50:56","guid":{"rendered":"https:\/\/agrozone.ee\/toode\/auringonkukansiemenet-puutarha-ja-metsalinnuille-2-kg\/"},"modified":"2025-02-28T12:48:51","modified_gmt":"2025-02-28T10:48:51","slug":"auringonkukansiemenet-puutarha-ja-metsalinnuille-2-kg","status":"publish","type":"product","link":"https:\/\/agrozone.ee\/fi\/tuote\/auringonkukansiemenet-puutarha-ja-metsalinnuille-2-kg\/","title":{"rendered":"Auringonkukansiemenet puutarha- ja mets\u00e4linnuille 2 kg"},"content":{"rendered":"<p>Seos sis\u00e4lt\u00e4\u00e4 t\u00e4rkeimm\u00e4t ravintoaineet, joita lintumme tarvitsevat talvella. Talviruokinta on t\u00e4rke\u00e4\u00e4 pienille puutarha- ja mets\u00e4linnuille ja lis\u00e4\u00e4 monien lintujen selviytymismahdollisuuksia, erityisesti ankarilla pakkasilla! <\/p>\n<p>&nbsp;<\/p>\n<h3>K\u00e4ytt\u00f6ohjeet<\/h3>\n<p>Huom! Jos olet jo aloittanut lintujen ruokinnan, jatka sit\u00e4 ehdottomasti kev\u00e4\u00e4seen asti, sill\u00e4 lis\u00e4ruokintaan tottuneet linnut voivat kuolla ruoan puutteeseen.<\/p>\n","protected":false},"excerpt":{"rendered":"<p>Seos sis\u00e4lt\u00e4\u00e4 t\u00e4rkeimm\u00e4t ravintoaineet, joita lintumme tarvitsevat talvella. Talviruokinta on t\u00e4rke\u00e4\u00e4 pienille puutarha- ja mets\u00e4linnuille ja lis\u00e4\u00e4 monien lintujen selviytymismahdollisuuksia, erityisesti ankarilla pakkasilla! <\/p>\n","protected":false},"featured_media":41048,"template":"","meta":{"_acf_changed":false,"_seopress_robots_primary_cat":"none","_seopress_titles_title":"","_seopress_titles_desc":"","_seopress_robots_index":"","_gspb_post_css":""},"product_brand":[],"product_cat":[2392,2393,2395],"product_tag":[],"class_list":{"0":"post-41046","1":"product","2":"type-product","3":"status-publish","4":"has-post-thumbnail","6":"product_cat-kaikki-luokat","7":"product_cat-linnuille","8":"product_cat-lintujen-ruoka","10":"first","11":"instock","12":"taxable","13":"shipping-taxable","14":"purchasable","15":"product-type-simple"},"ct_brands":[],"acf":[],"_links":{"self":[{"href":"https:\/\/agrozone.ee\/fi\/wp-json\/wp\/v2\/product\/41046","targetHints":{"allow":["GET"]}}],"collection":[{"href":"https:\/\/agrozone.ee\/fi\/wp-json\/wp\/v2\/product"}],"about":[{"href":"https:\/\/agrozone.ee\/fi\/wp-json\/wp\/v2\/types\/product"}],"wp:featuredmedia":[{"embeddable":true,"href":"https:\/\/agrozone.ee\/fi\/wp-json\/wp\/v2\/media\/41048"}],"wp:attachment":[{"href":"https:\/\/agrozone.ee\/fi\/wp-json\/wp\/v2\/media?parent=41046"}],"wp:term":[{"taxonomy":"product_brand","embeddable":true,"href":"https:\/\/agrozone.ee\/fi\/wp-json\/wp\/v2\/product_brand?post=41046"},{"taxonomy":"product_cat","embeddable":true,"href":"https:\/\/agrozone.ee\/fi\/wp-json\/wp\/v2\/product_cat?post=41046"},{"taxonomy":"product_tag","embeddable":true,"href":"https:\/\/agrozone.ee\/fi\/wp-json\/wp\/v2\/product_tag?post=41046"}],"curies":[{"name":"wp","href":"https:\/\/api.w.org\/{rel}","templated":true}]}}