{"id":41057,"date":"2024-10-14T14:51:48","date_gmt":"2024-10-14T12:51:48","guid":{"rendered":"https:\/\/agrozone.ee\/toode\/vaco-riippuva-koin-karkoittava-geelituote-laventeli-2-kpl\/"},"modified":"2024-10-14T14:51:48","modified_gmt":"2024-10-14T12:51:48","slug":"vaco-riippuva-koin-karkoittava-geelituote-laventeli-2-kpl","status":"publish","type":"product","link":"https:\/\/agrozone.ee\/fi\/tuote\/vaco-riippuva-koin-karkoittava-geelituote-laventeli-2-kpl\/","title":{"rendered":"VACO Riippuva Koin Karkoittava Geelituote (laventeli) &#8211; 2 kpl"},"content":{"rendered":"<ul>\n<li>Tuoksu riippuva koinsuojatuote vaatteiden suojaamiseksi koilta.<\/li>\n<li>Sopii vaatekaappien, kaappien ja laatikoiden suojaamiseen.<\/li>\n<li>Biologinen riippuva koinsuojatuote h\u00e4vitt\u00e4\u00e4 koit 3 kuukauden kuluessa.<\/li>\n<li>Tehokas vaikutusalue: 0,75 m3.<\/li>\n<li>T\u00e4ysi biologinen vaikutus saavutetaan 7\u201314 p\u00e4iv\u00e4n kuluessa.<\/li>\n<li>Laventelin tuoksu.<\/li>\n<li>Mukana 2 riippuvaa koinsuojatuotetta.<\/li>\n<\/ul>\n<p data-sourcepos=\"1:1-1:11\"><strong>K\u00e4ytt\u00f6:<\/strong><\/p>\n<ul>\n<li data-sourcepos=\"3:1-7:78\">Poista folio.<\/li>\n<li data-sourcepos=\"3:1-7:78\">Ripusta koinsuojatuote henkariin k\u00e4ytt\u00e4m\u00e4ll\u00e4 ripustuslenkkej\u00e4.<\/li>\n<li data-sourcepos=\"3:1-7:78\">V\u00e4lt\u00e4 geelin suoraa kosketusta vaatteisiin, muoviin tai kankaisiin.<\/li>\n<li data-sourcepos=\"3:1-7:78\">Tuote on vaihdettava kauden lopussa tai kun tuoksu on kadonnut ja geeli on t\u00e4ysin kuivunut.<\/li>\n<li data-sourcepos=\"3:1-7:78\">Parhaan tehon saavuttamiseksi kaappien ja laatikoiden tulee olla suljettuja.<\/li>\n<\/ul>\n","protected":false},"excerpt":{"rendered":"<ul>\n<li>Tuoksu riippuva koinsuojatuote vaatteiden suojaamiseksi koilta.<\/li>\n<li>Sopii vaatekaappien, kaappien ja laatikoiden suojaamiseen.<\/li>\n<\/ul>\n","protected":false},"featured_media":41059,"template":"","meta":{"_acf_changed":false,"_seopress_robots_primary_cat":"none","_seopress_titles_title":"VACO Riippuva Koin Karkoittava Geelituote - Laventeli","_seopress_titles_desc":"Tuoksu riippuva koinsuojatuote. Tehokas vaatekaappien ja kaappien suoja. Mukana 2 kpl. Biologinen vaikutus 3 kuukautta.   ","_seopress_robots_index":"","_gspb_post_css":""},"product_brand":[],"product_cat":[2358,2392,2356],"product_tag":[],"class_list":{"0":"post-41057","1":"product","2":"type-product","3":"status-publish","4":"has-post-thumbnail","6":"product_cat-hyonteisten-ja-hyttysten-torjunta","7":"product_cat-kaikki-luokat","8":"product_cat-puutarhan-ja-kasvien-suojelu","10":"first","11":"instock","12":"taxable","13":"shipping-taxable","14":"purchasable","15":"product-type-simple"},"ct_brands":[],"acf":[],"_links":{"self":[{"href":"https:\/\/agrozone.ee\/fi\/wp-json\/wp\/v2\/product\/41057","targetHints":{"allow":["GET"]}}],"collection":[{"href":"https:\/\/agrozone.ee\/fi\/wp-json\/wp\/v2\/product"}],"about":[{"href":"https:\/\/agrozone.ee\/fi\/wp-json\/wp\/v2\/types\/product"}],"wp:featuredmedia":[{"embeddable":true,"href":"https:\/\/agrozone.ee\/fi\/wp-json\/wp\/v2\/media\/41059"}],"wp:attachment":[{"href":"https:\/\/agrozone.ee\/fi\/wp-json\/wp\/v2\/media?parent=41057"}],"wp:term":[{"taxonomy":"product_brand","embeddable":true,"href":"https:\/\/agrozone.ee\/fi\/wp-json\/wp\/v2\/product_brand?post=41057"},{"taxonomy":"product_cat","embeddable":true,"href":"https:\/\/agrozone.ee\/fi\/wp-json\/wp\/v2\/product_cat?post=41057"},{"taxonomy":"product_tag","embeddable":true,"href":"https:\/\/agrozone.ee\/fi\/wp-json\/wp\/v2\/product_tag?post=41057"}],"curies":[{"name":"wp","href":"https:\/\/api.w.org\/{rel}","templated":true}]}}