{"id":41061,"date":"2024-07-04T10:22:03","date_gmt":"2024-07-04T07:22:03","guid":{"rendered":"https:\/\/agrozone.ee\/toode\/kissaheina-luonnollinen-herkku-kissakaverillesi\/"},"modified":"2025-12-09T08:08:24","modified_gmt":"2025-12-09T06:08:24","slug":"kissaheina-luonnollinen-herkku-kissakaverillesi","status":"publish","type":"product","link":"https:\/\/agrozone.ee\/fi\/tuote\/kissaheina-luonnollinen-herkku-kissakaverillesi\/","title":{"rendered":"Kissahein\u00e4 &#8211; Luonnollinen herkku kissakaverillesi!"},"content":{"rendered":"<p data-sourcepos=\"3:1-3:37\">Pureskeleeko kissasi huonekasveja tai kaipaako se ulos? Esittele sille kissanruoho, sen oma henkil\u00f6kohtainen vihre\u00e4 keidas! <\/p>\n<p data-sourcepos=\"5:1-5:15\"><strong>Mit\u00e4 se on?<\/strong> Kissanruoho on erityisesti kissoille kasvatettua sy\u00f6t\u00e4v\u00e4\u00e4 ruohoa, joka sis\u00e4lt\u00e4\u00e4 runsaasti vitamiineja ja kivenn\u00e4isaineita. Se on turvallinen ja terveellinen tapa tyydytt\u00e4\u00e4 kissasi luonnollinen halu pureskella ruohoa. <\/p>\n<p data-sourcepos=\"7:1-7:26\"><strong>Miksi valita kissahein\u00e4?<\/strong><\/p>\n<ul data-sourcepos=\"9:1-12:39\">\n<li data-sourcepos=\"9:1-9:97\"><strong>Auttaa ruoansulatusta:<\/strong> Ruoho auttaa kissoja oksentamaan karvapalloja ja edist\u00e4\u00e4 ruoansulatusta.<\/li>\n<li data-sourcepos=\"10:1-10:108\"><strong>Suojaa huonekasveja:<\/strong> Jos kissasi tykk\u00e4\u00e4 maistella huonekasveja, kissahein\u00e4 tarjoaa sille herkullisen vaihtoehdon.<\/li>\n<li data-sourcepos=\"11:1-11:106\"><strong>Tarjoaa viihdett\u00e4:<\/strong> Kissahein\u00e4 lis\u00e4\u00e4 kissasi el\u00e4m\u00e4\u00e4n vaihtelua ja aktiviteettia, erityisesti jos se on sis\u00e4kissa.<\/li>\n<li data-sourcepos=\"12:1-12:39\"><strong>Luonnollinen ja terveellinen:<\/strong> Kissahein\u00e4 on kasvatettu ilman haitallisia torjunta-aineita ja lannoitteita.<\/li>\n<\/ul>\n<p data-sourcepos=\"14:1-14:20\"><strong>Miten k\u00e4ytt\u00e4\u00e4?<\/strong><\/p>\n<p data-sourcepos=\"16:1-16:150\">Kissahein\u00e4n kasvattaminen on helppoa! Aseta se valoisaan paikkaan ja kastele s\u00e4\u00e4nn\u00f6llisesti. Muutaman p\u00e4iv\u00e4n kuluttua kissallasi on oma tuore vihre\u00e4 herkku!  <\/p>\n<p data-sourcepos=\"18:1-18:68\"><strong>Anna kissallesi luonnon lahja &#8211; kokeile kissahein\u00e4\u00e4 jo t\u00e4n\u00e4\u00e4n!<\/strong><\/p>\n<p data-sourcepos=\"20:1-20:45\"><em class=\"\">Sopii sek\u00e4 sis\u00e4- ett\u00e4 ulkokissoille.<\/em><\/p>\n<p data-sourcepos=\"22:1-22:18\"><em class=\"\">Huom! Jos kissallasi on terveysongelmia, ota yhteys el\u00e4inl\u00e4\u00e4k\u00e4riin ennen kissanhein\u00e4n k\u00e4ytt\u00f6\u00e4. <\/em><\/p>\n","protected":false},"excerpt":{"rendered":"<ul>\n<li>Nopeasti kasvava kissahein\u00e4 on rehev\u00e4 ja vehre\u00e4n kirkas kasvi, joka tarjoaa tuoretta ja terveellist\u00e4 ravintolis\u00e4\u00e4 niin papukaijoille kuin muillekin lemmikeille.<\/li>\n<li>Sen pehme\u00e4t ja mehukkaat lehdet ovat ihanteellinen pureskelu- ja herkutteluateria, joka tarjoaa lemmikeille luonnollista kuitua ja t\u00e4rkeit\u00e4 ravintoaineita.<\/li>\n<li>Kissanhein\u00e4n kasvattaminen on helppoa ja nopeaa.<\/li>\n<li>Ennen it\u00e4mist\u00e4 siemenet tulisi sijoittaa l\u00e4mpim\u00e4\u00e4n paikkaan ikkunan l\u00e4helle, jotta ne saavat riitt\u00e4v\u00e4sti valoa ja l\u00e4mp\u00f6\u00e4.<\/li>\n<li>Kaura<\/li>\n<\/ul>\n","protected":false},"featured_media":41063,"template":"","meta":{"_acf_changed":false,"_seopress_robots_primary_cat":"none","_seopress_titles_title":"Kassirohdon kasvattaminen: Luonnollinen ravintolis\u00e4 lemmikeille","_seopress_titles_desc":"Kasvata nopeasti rehev\u00e4 ja terve kissanruoho kaikille lemmikkiel\u00e4imille. Helppo ja nopea ratkaisu luonnollisten kuitujen l\u00e4hteeksi. Kokeile jo t\u00e4n\u00e4\u00e4n!  ","_seopress_robots_index":"","_gspb_post_css":""},"product_brand":[],"product_cat":[2430,2392,2445,2399],"product_tag":[],"class_list":{"0":"post-41061","1":"product","2":"type-product","3":"status-publish","4":"has-post-thumbnail","6":"product_cat-muut","7":"product_cat-kaikki-luokat","8":"product_cat-nurmikonsiemenet","9":"product_cat-siemenet","11":"first","12":"instock","13":"sale","14":"featured","15":"taxable","16":"shipping-taxable","17":"purchasable","18":"product-type-simple"},"ct_brands":[],"acf":[],"_links":{"self":[{"href":"https:\/\/agrozone.ee\/fi\/wp-json\/wp\/v2\/product\/41061","targetHints":{"allow":["GET"]}}],"collection":[{"href":"https:\/\/agrozone.ee\/fi\/wp-json\/wp\/v2\/product"}],"about":[{"href":"https:\/\/agrozone.ee\/fi\/wp-json\/wp\/v2\/types\/product"}],"wp:featuredmedia":[{"embeddable":true,"href":"https:\/\/agrozone.ee\/fi\/wp-json\/wp\/v2\/media\/41063"}],"wp:attachment":[{"href":"https:\/\/agrozone.ee\/fi\/wp-json\/wp\/v2\/media?parent=41061"}],"wp:term":[{"taxonomy":"product_brand","embeddable":true,"href":"https:\/\/agrozone.ee\/fi\/wp-json\/wp\/v2\/product_brand?post=41061"},{"taxonomy":"product_cat","embeddable":true,"href":"https:\/\/agrozone.ee\/fi\/wp-json\/wp\/v2\/product_cat?post=41061"},{"taxonomy":"product_tag","embeddable":true,"href":"https:\/\/agrozone.ee\/fi\/wp-json\/wp\/v2\/product_tag?post=41061"}],"curies":[{"name":"wp","href":"https:\/\/api.w.org\/{rel}","templated":true}]}}