{"id":41091,"date":"2024-06-09T15:50:57","date_gmt":"2024-06-09T13:50:57","guid":{"rendered":"https:\/\/agrozone.ee\/toode\/rasvapallot-amparissa-puutarha-ja-metsalinnuille-50x84g-verkolla\/"},"modified":"2024-12-17T12:05:02","modified_gmt":"2024-12-17T10:05:02","slug":"rasvapallot-amparissa-puutarha-ja-metsalinnuille-50x84g-verkolla","status":"publish","type":"product","link":"https:\/\/agrozone.ee\/fi\/tuote\/rasvapallot-amparissa-puutarha-ja-metsalinnuille-50x84g-verkolla\/","title":{"rendered":"Rasvapallot \u00e4mp\u00e4riss\u00e4 puutarha- ja mets\u00e4linnuille 50x84g (verkolla)"},"content":{"rendered":"<p>Rasvapallot sis\u00e4lt\u00e4v\u00e4t t\u00e4rkeimm\u00e4t ravintoaineet, joita puutarha- ja mets\u00e4linnut tarvitsevat talvella.<\/p>\n<ul>\n<li>Rasvapallot tarjoavat energiaa ja terveydellisi\u00e4 hy\u00f6tyj\u00e4, jotka ovat eritt\u00e4in t\u00e4rkeit\u00e4 puutarhalintujen ravinnolle.<\/li>\n<li>Rasvapallot on erityisesti suunniteltu antamaan linnuille jatkuvaa energiaa, ja niit\u00e4 voi sy\u00f6tt\u00e4\u00e4 ymp\u00e4ri vuoden, mutta ne ovat erityisen hy\u00f6dyllisi\u00e4 kylmempin\u00e4 kuukausina.<\/li>\n<li>Sopii erinomaisesti syksyn ja talven ruokintaan.<\/li>\n<li>V\u00e4lit\u00f6n energianl\u00e4hde linnuille.<\/li>\n<li>Houkuttelee puutarhaasi erilaisia mets\u00e4lintuja.<\/li>\n<li>Sopii lintujen ruokintaan lintulaudalta, rasvapallosen sy\u00f6tt\u00f6laitteesta tai maasta.<\/li>\n<\/ul>\n<p data-sourcepos=\"1:1-1:36\">Lintujen rehussa ei ole elintarvikelis\u00e4aineita.<\/p>\n<p data-sourcepos=\"3:1-3:166\">S\u00e4ilyvyysaika 2 vuotta johtuu el\u00e4inrasvapitoisuudesta.<\/p>\n<p data-sourcepos=\"3:1-3:166\">Rasva on luonnollinen s\u00e4il\u00f6nt\u00e4aine, jonka ansiosta rasvapallotuotteet s\u00e4ilyv\u00e4t jopa yli 2 vuotta.<\/p>\n<h3>K\u00e4ytt\u00f6ohjeet<\/h3>\n<p>Talviruokinta on t\u00e4rke\u00e4\u00e4 pienille puutarha- ja mets\u00e4linnuille ja lis\u00e4\u00e4 monien lintujen selviytymismahdollisuuksia, erityisesti ankarilla pakkasilla.<\/p>\n<p><strong>Huom!<\/strong> Jos olet jo aloittanut lintujen ruokinnan, jatka sit\u00e4 ehdottomasti kev\u00e4\u00e4seen asti, sill\u00e4 lis\u00e4ruokintaan tottuneet linnut voivat kuolla ruoan puutteeseen.<\/p>\n","protected":false},"excerpt":{"rendered":"<p>Rasvapallot sis\u00e4lt\u00e4v\u00e4t t\u00e4rkeimm\u00e4t ravintoaineet, joita puutarha- ja mets\u00e4linnut tarvitsevat talvella.<\/p>\n","protected":false},"featured_media":41092,"template":"","meta":{"_acf_changed":false,"_seopress_robots_primary_cat":"none","_seopress_titles_title":"","_seopress_titles_desc":"Rasvapallot sis\u00e4lt\u00e4v\u00e4t t\u00e4rkeimm\u00e4t ravintoaineet, joita puutarha- ja mets\u00e4linnut tarvitsevat talvella.\nRasvapallot antavat energiaa ja terveydellisi\u00e4 hy\u00f6tyj\u00e4 linnuille. ","_seopress_robots_index":"","_gspb_post_css":""},"product_brand":[],"product_cat":[2392,2393,2395],"product_tag":[],"class_list":{"0":"post-41091","1":"product","2":"type-product","3":"status-publish","4":"has-post-thumbnail","6":"product_cat-kaikki-luokat","7":"product_cat-linnuille","8":"product_cat-lintujen-ruoka","10":"first","11":"instock","12":"taxable","13":"shipping-taxable","14":"purchasable","15":"product-type-simple"},"ct_brands":[],"acf":[],"_links":{"self":[{"href":"https:\/\/agrozone.ee\/fi\/wp-json\/wp\/v2\/product\/41091","targetHints":{"allow":["GET"]}}],"collection":[{"href":"https:\/\/agrozone.ee\/fi\/wp-json\/wp\/v2\/product"}],"about":[{"href":"https:\/\/agrozone.ee\/fi\/wp-json\/wp\/v2\/types\/product"}],"wp:featuredmedia":[{"embeddable":true,"href":"https:\/\/agrozone.ee\/fi\/wp-json\/wp\/v2\/media\/41092"}],"wp:attachment":[{"href":"https:\/\/agrozone.ee\/fi\/wp-json\/wp\/v2\/media?parent=41091"}],"wp:term":[{"taxonomy":"product_brand","embeddable":true,"href":"https:\/\/agrozone.ee\/fi\/wp-json\/wp\/v2\/product_brand?post=41091"},{"taxonomy":"product_cat","embeddable":true,"href":"https:\/\/agrozone.ee\/fi\/wp-json\/wp\/v2\/product_cat?post=41091"},{"taxonomy":"product_tag","embeddable":true,"href":"https:\/\/agrozone.ee\/fi\/wp-json\/wp\/v2\/product_tag?post=41091"}],"curies":[{"name":"wp","href":"https:\/\/api.w.org\/{rel}","templated":true}]}}