{"id":41101,"date":"2024-10-02T12:26:59","date_gmt":"2024-10-02T09:26:59","guid":{"rendered":"https:\/\/agrozone.ee\/toode\/lintujen-ruokinta-automaatti-siemenille-nelion-muotoinen-k-45-cm\/"},"modified":"2024-10-02T12:26:59","modified_gmt":"2024-10-02T10:26:59","slug":"lintujen-ruokinta-automaatti-siemenille-nelion-muotoinen-k-45-cm","status":"publish","type":"product","link":"https:\/\/agrozone.ee\/fi\/tuote\/lintujen-ruokinta-automaatti-siemenille-nelion-muotoinen-k-45-cm\/","title":{"rendered":"Lintujen ruokinta-automaatti siemenille (neli\u00f6n muotoinen) k 45 cm"},"content":{"rendered":"<p>Lintujen ruokinta-automaatti siemenille (neli\u00f6n muotoinen) k 45 cm, 25\u00d725 cm. Suuri neli\u00f6n muotoinen lintujen ruokinta-automaatti on ihanteellinen ratkaisu lintujen ruokintaan ymp\u00e4ri vuoden. Helposti avattava ja t\u00e4ytett\u00e4v\u00e4 rakenne tekee huollosta helppoa. Ruokinta-automaatti on valmistettu kest\u00e4v\u00e4st\u00e4 materiaalista ja p\u00e4\u00e4llystetty jauhemaalilla, joka suojaa sit\u00e4 s\u00e4\u00e4lt\u00e4. Mukana on kiinnitysny\u00f6ri, jonka avulla ruokinta-automaatti on helppo ripustaa. Varustettu kiinnitysny\u00f6rill\u00e4. P\u00e4\u00e4llystetty jauhemaalilla. Vahvasta materiaalista valmistettu.<\/p>\n","protected":false},"excerpt":{"rendered":"<ul>\n<li>Suuri ja kest\u00e4v\u00e4 lintujen ruokinta-automaatti siemenille.<\/li>\n<li>Helppo t\u00e4ytt\u00e4\u00e4 ja huoltaa.<\/li>\n<li>Kiinnitysny\u00f6ri sis\u00e4ltyy hintaan.<\/li>\n<\/ul>\n","protected":false},"featured_media":41102,"template":"","meta":{"_acf_changed":false,"_seopress_robots_primary_cat":"none","_seopress_titles_title":"Kest\u00e4v\u00e4 lintujen ruokinta-automaatti siemenille - 45 cm","_seopress_titles_desc":"Suuri ja k\u00e4yt\u00e4nn\u00f6llinen lintujen ruokinta-automaatti siemenille. Helppo t\u00e4ytt\u00e4\u00e4 ja huoltaa, ihanteellinen lintujen ruokintaan ymp\u00e4ri vuoden. Kiinnitysny\u00f6ri sis\u00e4ltyy hintaan.  ","_seopress_robots_index":"","_gspb_post_css":""},"product_brand":[],"product_cat":[2392,2393,2394],"product_tag":[],"class_list":{"0":"post-41101","1":"product","2":"type-product","3":"status-publish","4":"has-post-thumbnail","6":"product_cat-kaikki-luokat","7":"product_cat-linnuille","8":"product_cat-lintujen-ruokinta-automaatit","10":"first","11":"instock","12":"taxable","13":"shipping-taxable","14":"purchasable","15":"product-type-simple"},"ct_brands":[],"acf":[],"_links":{"self":[{"href":"https:\/\/agrozone.ee\/fi\/wp-json\/wp\/v2\/product\/41101","targetHints":{"allow":["GET"]}}],"collection":[{"href":"https:\/\/agrozone.ee\/fi\/wp-json\/wp\/v2\/product"}],"about":[{"href":"https:\/\/agrozone.ee\/fi\/wp-json\/wp\/v2\/types\/product"}],"wp:featuredmedia":[{"embeddable":true,"href":"https:\/\/agrozone.ee\/fi\/wp-json\/wp\/v2\/media\/41102"}],"wp:attachment":[{"href":"https:\/\/agrozone.ee\/fi\/wp-json\/wp\/v2\/media?parent=41101"}],"wp:term":[{"taxonomy":"product_brand","embeddable":true,"href":"https:\/\/agrozone.ee\/fi\/wp-json\/wp\/v2\/product_brand?post=41101"},{"taxonomy":"product_cat","embeddable":true,"href":"https:\/\/agrozone.ee\/fi\/wp-json\/wp\/v2\/product_cat?post=41101"},{"taxonomy":"product_tag","embeddable":true,"href":"https:\/\/agrozone.ee\/fi\/wp-json\/wp\/v2\/product_tag?post=41101"}],"curies":[{"name":"wp","href":"https:\/\/api.w.org\/{rel}","templated":true}]}}