{"id":41111,"date":"2024-09-26T09:15:10","date_gmt":"2024-09-26T06:15:10","guid":{"rendered":"https:\/\/agrozone.ee\/toode\/rotanloukku\/"},"modified":"2026-02-05T09:14:47","modified_gmt":"2026-02-05T07:14:47","slug":"rotanloukku","status":"publish","type":"product","link":"https:\/\/agrozone.ee\/fi\/tuote\/rotanloukku\/","title":{"rendered":"Rotanloukku"},"content":{"rendered":"<p><strong>Helppok\u00e4ytt\u00f6inen rotanloukku<\/strong><\/p>\n<ul>\n<li data-sourcepos=\"1:1-1:63\">Rotanloukku on tehokas ja kest\u00e4v\u00e4 ratkaisu ei-toivottujen jyrsij\u00f6iden poistamiseen.<\/li>\n<li data-sourcepos=\"1:1-1:63\">Sen herkk\u00e4 mekanismi takaa nopean ja inhimillisen pyydystyksen, jolloin voit pit\u00e4\u00e4 kotisi tai yrityksesi tuholaisista vapaana.<\/li>\n<li data-sourcepos=\"1:1-1:63\">Loukku on valmistettu kest\u00e4v\u00e4st\u00e4 materiaalista, joka on tarkoitettu toistuvaan k\u00e4ytt\u00f6\u00f6n, mik\u00e4 tekee siit\u00e4 k\u00e4yt\u00e4nn\u00f6llisen ja taloudellisen vaihtoehdon.<\/li>\n<li data-sourcepos=\"1:1-1:63\">Helppo asennus ja k\u00e4ytt\u00f6 tekev\u00e4t siit\u00e4 ihanteellisen ratkaisun niin kodinomistajille kuin ammattilaisillekin.<\/li>\n<\/ul>\n<p data-sourcepos=\"7:1-7:8\">Mitat:<\/p>\n<p data-sourcepos=\"9:1-11:15\">Korkeus: 25 mm Pituus: 170 mm Syvyys: 90 mm<\/p>\n","protected":false},"excerpt":{"rendered":"<p>Tehokas ja kest\u00e4v\u00e4 rotanloukku, joka on helppok\u00e4ytt\u00f6inen ja sopii toistuvaan k\u00e4ytt\u00f6\u00f6n.<\/p>\n","protected":false},"featured_media":41112,"template":"","meta":{"_acf_changed":false,"_seopress_robots_primary_cat":"none","_seopress_titles_title":"Tehokas rotanloukku: Yksinkertainen ja kest\u00e4v\u00e4 ratkaisu","_seopress_titles_desc":"Rotanloukku on tehokas ja kest\u00e4v\u00e4 ratkaisu, joka on helppok\u00e4ytt\u00f6inen ja sopii toistuvaan k\u00e4ytt\u00f6\u00f6n. Pid\u00e4 kotisi tuholaisista vapaana! ","_seopress_robots_index":"","_gspb_post_css":""},"product_brand":[],"product_cat":[2357,2392,2356],"product_tag":[],"class_list":{"0":"post-41111","1":"product","2":"type-product","3":"status-publish","4":"has-post-thumbnail","6":"product_cat-jyrsijoiden-torjunta","7":"product_cat-kaikki-luokat","8":"product_cat-puutarhan-ja-kasvien-suojelu","10":"first","11":"instock","12":"sale","13":"taxable","14":"shipping-taxable","15":"purchasable","16":"product-type-simple"},"ct_brands":[],"acf":[],"_links":{"self":[{"href":"https:\/\/agrozone.ee\/fi\/wp-json\/wp\/v2\/product\/41111","targetHints":{"allow":["GET"]}}],"collection":[{"href":"https:\/\/agrozone.ee\/fi\/wp-json\/wp\/v2\/product"}],"about":[{"href":"https:\/\/agrozone.ee\/fi\/wp-json\/wp\/v2\/types\/product"}],"wp:featuredmedia":[{"embeddable":true,"href":"https:\/\/agrozone.ee\/fi\/wp-json\/wp\/v2\/media\/41112"}],"wp:attachment":[{"href":"https:\/\/agrozone.ee\/fi\/wp-json\/wp\/v2\/media?parent=41111"}],"wp:term":[{"taxonomy":"product_brand","embeddable":true,"href":"https:\/\/agrozone.ee\/fi\/wp-json\/wp\/v2\/product_brand?post=41111"},{"taxonomy":"product_cat","embeddable":true,"href":"https:\/\/agrozone.ee\/fi\/wp-json\/wp\/v2\/product_cat?post=41111"},{"taxonomy":"product_tag","embeddable":true,"href":"https:\/\/agrozone.ee\/fi\/wp-json\/wp\/v2\/product_tag?post=41111"}],"curies":[{"name":"wp","href":"https:\/\/api.w.org\/{rel}","templated":true}]}}