{"id":41154,"date":"2024-06-09T15:50:12","date_gmt":"2024-06-09T12:50:12","guid":{"rendered":"https:\/\/agrozone.ee\/toode\/maapahkinat-linnuille-ja-oraville-500-g\/"},"modified":"2025-12-09T09:41:09","modified_gmt":"2025-12-09T07:41:09","slug":"maapahkinat-linnuille-ja-oraville-500-g","status":"publish","type":"product","link":"https:\/\/agrozone.ee\/fi\/tuote\/maapahkinat-linnuille-ja-oraville-500-g\/","title":{"rendered":"Maap\u00e4hkin\u00e4t linnuille ja oraville 500 g"},"content":{"rendered":"<ul>\n<li>P\u00e4hkin\u00e4t ovat tarpeellinen energiapitoinen lis\u00e4ravinto linnuille ja oraville kylm\u00e4ll\u00e4 s\u00e4\u00e4ll\u00e4.<\/li>\n<li>Maap\u00e4hkin\u00e4t ovat <strong>energiapitoista<\/strong> ruokaa, josta monet eri lintulajit ja oravat nauttivat.<\/li>\n<li>Ne ovat 100 % sy\u00f6t\u00e4vi\u00e4 ja sis\u00e4lt\u00e4v\u00e4t runsaasti sek\u00e4 proteiinia ett\u00e4 rasvaa.<\/li>\n<li>Linnut ottavat usein p\u00e4hkin\u00e4n sy\u00f6tt\u00f6laudalta ja viev\u00e4t sen my\u00f6hemmin sy\u00f6t\u00e4v\u00e4ksi piilopaikkaan.<\/li>\n<\/ul>\n<p>&nbsp;<\/p>\n<p><strong>MIKSI MAAP\u00c4HKIN\u00c4T OVAT HY\u00d6DYLLISI\u00c4 LINNUILLE<\/strong><\/p>\n<ul>\n<li>Maap\u00e4hkin\u00f6iss\u00e4 on luonnostaan paljon rasvaa.<\/li>\n<li>Rasva antaa paljon energiaa lintujen jokap\u00e4iv\u00e4iseen toimintaan &#8211; lent\u00e4miseen, h\u00f6yhenten puhdistamiseen, pes\u00e4n suojaamiseen, poikasten kasvattamiseen, laulamiseen ja muuhun.<\/li>\n<li>Rasvapitoinen ruoka, kuten maap\u00e4hkin\u00e4t, on erityisen t\u00e4rke\u00e4\u00e4 talvella tai kev\u00e4\u00e4n ja syksyn kylmin\u00e4 aikoina.<\/li>\n<li>Linnut tarvitsevat kylm\u00e4ll\u00e4 s\u00e4\u00e4ll\u00e4 lis\u00e4kaloreita ruumiinl\u00e4mm\u00f6n yll\u00e4pit\u00e4miseen.<\/li>\n<li>Samalla maap\u00e4hkin\u00e4t tarjoavat my\u00f6s kuitua, kalsiumia, kaliumia ja muita ravintoaineita, jotka ovat osa lintujen monipuolisesta ruokavaliosta.<\/li>\n<li>N\u00e4m\u00e4 p\u00e4hkin\u00e4t eiv\u00e4t pilaannu yht\u00e4 nopeasti kuin muut runsasrasvaiset ruoat.<\/li>\n<\/ul>\n<h3><\/h3>\n<p><strong>Huom!<\/strong> Jos olet jo aloittanut lintujen ruokinnan, jatka sit\u00e4 ehdottomasti kev\u00e4\u00e4seen asti, sill\u00e4 lis\u00e4ruokintaan tottuneet linnut voivat kuolla ruoan puutteeseen.<\/p>\n","protected":false},"excerpt":{"rendered":"<ul>\n<li>P\u00e4hkin\u00e4t ovat tarpeellinen energiapitoinen lis\u00e4ravinto linnuille ja oraville kylm\u00e4ll\u00e4 s\u00e4\u00e4ll\u00e4.<\/li>\n<li>Maap\u00e4hkin\u00e4t ovat <strong>energiapitoista<\/strong> ruokaa, josta monet eri lintulajit ja oravat nauttivat.<\/li>\n<li>Ne ovat 100 % sy\u00f6t\u00e4vi\u00e4 ja sis\u00e4lt\u00e4v\u00e4t runsaasti sek\u00e4 proteiinia ett\u00e4 rasvaa.<\/li>\n<\/ul>\n","protected":false},"featured_media":41156,"template":"","meta":{"_acf_changed":false,"_seopress_robots_primary_cat":"none","_seopress_titles_title":"","_seopress_titles_desc":"Maap\u00e4hkin\u00e4t ovat tarpeellinen energiapitoinen lis\u00e4ravinto linnuille ja oraville kylm\u00e4ll\u00e4 s\u00e4\u00e4ll\u00e4. P\u00e4hkin\u00e4t ovat energiapitoista ruokaa, josta monet eri lintulajit ja oravat nauttivat.","_seopress_robots_index":"","_gspb_post_css":""},"product_brand":[],"product_cat":[2392,2393,2395],"product_tag":[],"class_list":{"0":"post-41154","1":"product","2":"type-product","3":"status-publish","4":"has-post-thumbnail","6":"product_cat-kaikki-luokat","7":"product_cat-linnuille","8":"product_cat-lintujen-ruoka","10":"first","11":"instock","12":"taxable","13":"shipping-taxable","14":"purchasable","15":"product-type-simple"},"ct_brands":[],"acf":[],"_links":{"self":[{"href":"https:\/\/agrozone.ee\/fi\/wp-json\/wp\/v2\/product\/41154","targetHints":{"allow":["GET"]}}],"collection":[{"href":"https:\/\/agrozone.ee\/fi\/wp-json\/wp\/v2\/product"}],"about":[{"href":"https:\/\/agrozone.ee\/fi\/wp-json\/wp\/v2\/types\/product"}],"wp:featuredmedia":[{"embeddable":true,"href":"https:\/\/agrozone.ee\/fi\/wp-json\/wp\/v2\/media\/41156"}],"wp:attachment":[{"href":"https:\/\/agrozone.ee\/fi\/wp-json\/wp\/v2\/media?parent=41154"}],"wp:term":[{"taxonomy":"product_brand","embeddable":true,"href":"https:\/\/agrozone.ee\/fi\/wp-json\/wp\/v2\/product_brand?post=41154"},{"taxonomy":"product_cat","embeddable":true,"href":"https:\/\/agrozone.ee\/fi\/wp-json\/wp\/v2\/product_cat?post=41154"},{"taxonomy":"product_tag","embeddable":true,"href":"https:\/\/agrozone.ee\/fi\/wp-json\/wp\/v2\/product_tag?post=41154"}],"curies":[{"name":"wp","href":"https:\/\/api.w.org\/{rel}","templated":true}]}}