{"id":41155,"date":"2024-06-09T15:50:11","date_gmt":"2024-06-09T12:50:11","guid":{"rendered":"https:\/\/agrozone.ee\/toode\/ratimor-hiirien-ja-rottien-torjunta-aine-tahnapalat-150-g\/"},"modified":"2025-05-24T06:14:35","modified_gmt":"2025-05-24T04:14:35","slug":"ratimor-hiirien-ja-rottien-torjunta-aine-tahnapalat-150-g","status":"publish","type":"product","link":"https:\/\/agrozone.ee\/fi\/tuote\/ratimor-hiirien-ja-rottien-torjunta-aine-tahnapalat-150-g\/","title":{"rendered":"Ratimor-hiirien ja -rottien torjunta-aine, tahnapalat 150 g"},"content":{"rendered":"<ul>\n<li>Ratimor-tahnapalat ovat tehokas ja k\u00e4tev\u00e4 ratkaisu hiirten ja rottien torjuntaan.<\/li>\n<li>N\u00e4m\u00e4 valmiit sy\u00f6ttitahnapalat sis\u00e4lt\u00e4v\u00e4t bromadiolonia, joka on jyrsij\u00f6ille tappava jo kerta-annoksella.<\/li>\n<li>Tahnapalojen viiv\u00e4stetty vaikutus varmistaa, ett\u00e4 jyrsij\u00e4t eiv\u00e4t yhdist\u00e4 myrkky\u00e4 sy\u00f6miseen, mik\u00e4 parantaa torjunnan tehokkuutta.<\/li>\n<li>Tuote on pakattu pieniin, helppok\u00e4ytt\u00f6isiin pusseihin, jotka eiv\u00e4t vuoda ja sopivat erinomaisesti k\u00e4ytett\u00e4v\u00e4ksi sy\u00f6ttilaatikossa.<\/li>\n<li>Ratimor-tahnapalat auttavat suojaamaan kotiasi ja omaisuuttasi kutsumattomilta vierailijoilta.<\/li>\n<\/ul>\n<p>&nbsp;<\/p>\n<h3>K\u00e4ytt\u00f6ohjeet<\/h3>\n<ul>\n<li>Ennen sy\u00f6tin k\u00e4ytt\u00f6\u00e4 on harkittava ehk\u00e4isevi\u00e4 torjuntatoimenpiteit\u00e4, kuten ruoan poistamista ja sis\u00e4\u00e4np\u00e4\u00e4syaukkojen sulkemista, sek\u00e4 kemikaalittomia torjuntamenetelmi\u00e4, kuten ansoja.<\/li>\n<li>Sy\u00f6ttitahnaa tulee k\u00e4ytt\u00e4\u00e4 suljettavassa, murtovarmassa sy\u00f6ttilaatikossa.<\/li>\n<li>Sy\u00f6ttilaatikot tulee sijoittaa mahdollisimman l\u00e4helle paikkoja, joissa on havaittu jyrsij\u00f6iden elintoimintaa (esim. kulkureitit, pesim\u00e4paikat, ruokailupaikat, rei\u00e4t, kolot jne.).<\/li>\n<li>Mahdollisuuksien mukaan sy\u00f6ttilaatikot tulee kiinnitt\u00e4\u00e4 maahan tai rakenteisiin.<\/li>\n<li>Aseta sy\u00f6ttilaatikot lasten, lintujen, lemmikkiel\u00e4inten, kotiel\u00e4inten ja muiden ei-kohde-el\u00e4inten ulottumattomiin.<\/li>\n<li>Pid\u00e4 poissa elintarvikkeista, juomista ja el\u00e4inten ruoasta sek\u00e4 niiden kanssa kosketuksiin joutuvista astioista tai pinnoista.<\/li>\n<li>\u00c4l\u00e4 aseta sy\u00f6ttilaatikoita viem\u00e4rij\u00e4rjestelmien l\u00e4helle, miss\u00e4 ne voivat joutua kosketuksiin veden kanssa.<\/li>\n<li>\u00c4l\u00e4 sy\u00f6, juo tai tupakoi k\u00e4sitelless\u00e4si tuotetta.<\/li>\n<li>Pese k\u00e4det ja tuotteen kanssa suoraan kosketuksiin joutunut ihoalue tuotteen k\u00e4sittelyn j\u00e4lkeen.<\/li>\n<li>Sy\u00f6ttitahnaa k\u00e4ytett\u00e4ess\u00e4 jyrsij\u00e4t pit\u00e4isi h\u00e4vit\u00e4 35 p\u00e4iv\u00e4n kuluessa.<\/li>\n<\/ul>\n<p><a href=\"https:\/\/agrozone.ee\/wp-content\/uploads\/2024\/09\/ratimor_brodifacoum_pasta_clp_et_3d5e7727.pdf\">TURVALLISUUSKORTTI<\/a><\/p>\n<p><strong>KULUTUSNORMI<\/strong> K\u00e4yt\u00e4 sis\u00e4tiloissa hiirille 10\u201320 g sy\u00f6tti\u00e4 sy\u00f6ttilaatikkoa kohti, jos hiiri\u00e4 on paljon. <\/p>\n<ul>\n<li>Jos tarvitset useamman kuin yhden sy\u00f6ttilaatikon, aseta ne 5 metrin p\u00e4\u00e4h\u00e4n toisistaan (jos jyrsij\u00f6it\u00e4 on paljon, jopa 2 metrin p\u00e4\u00e4h\u00e4n toisistaan).<\/li>\n<li>Sy\u00f6ttilaatikot tulee tarkistaa torjunnan alussa v\u00e4hint\u00e4\u00e4n 2-3 p\u00e4iv\u00e4n v\u00e4lein ja my\u00f6hemmin v\u00e4hint\u00e4\u00e4n kerran viikossa, jotta voidaan tarkistaa, onko sy\u00f6tti\u00e4 kosketeltu ja ovatko sy\u00f6ttilaatikot vahingoittumattomia, sek\u00e4 poistaa jyrsij\u00f6iden raadot.<\/li>\n<li>Lis\u00e4\u00e4 tarvittaessa sy\u00f6tti\u00e4.<\/li>\n<\/ul>\n","protected":false},"excerpt":{"rendered":"<ul>\n<li>Tehokas hiiren ja rotan myrkky valmiissa tahnapaloissa.<\/li>\n<li>Tappava jo kerta-annoksella, viiv\u00e4stetty vaikutus.<\/li>\n<li>K\u00e4tev\u00e4 k\u00e4ytt\u00e4\u00e4 sy\u00f6ttilaatikossa.<\/li>\n<\/ul>\n","protected":false},"featured_media":41158,"template":"","meta":{"_acf_changed":false,"_seopress_robots_primary_cat":"none","_seopress_titles_title":"","_seopress_titles_desc":"","_seopress_robots_index":"","_gspb_post_css":""},"product_brand":[],"product_cat":[2357,2392,2356],"product_tag":[],"class_list":{"0":"post-41155","1":"product","2":"type-product","3":"status-publish","4":"has-post-thumbnail","6":"product_cat-jyrsijoiden-torjunta","7":"product_cat-kaikki-luokat","8":"product_cat-puutarhan-ja-kasvien-suojelu","10":"first","11":"instock","12":"taxable","13":"shipping-taxable","14":"purchasable","15":"product-type-simple"},"ct_brands":[],"acf":[],"_links":{"self":[{"href":"https:\/\/agrozone.ee\/fi\/wp-json\/wp\/v2\/product\/41155","targetHints":{"allow":["GET"]}}],"collection":[{"href":"https:\/\/agrozone.ee\/fi\/wp-json\/wp\/v2\/product"}],"about":[{"href":"https:\/\/agrozone.ee\/fi\/wp-json\/wp\/v2\/types\/product"}],"wp:featuredmedia":[{"embeddable":true,"href":"https:\/\/agrozone.ee\/fi\/wp-json\/wp\/v2\/media\/41158"}],"wp:attachment":[{"href":"https:\/\/agrozone.ee\/fi\/wp-json\/wp\/v2\/media?parent=41155"}],"wp:term":[{"taxonomy":"product_brand","embeddable":true,"href":"https:\/\/agrozone.ee\/fi\/wp-json\/wp\/v2\/product_brand?post=41155"},{"taxonomy":"product_cat","embeddable":true,"href":"https:\/\/agrozone.ee\/fi\/wp-json\/wp\/v2\/product_cat?post=41155"},{"taxonomy":"product_tag","embeddable":true,"href":"https:\/\/agrozone.ee\/fi\/wp-json\/wp\/v2\/product_tag?post=41155"}],"curies":[{"name":"wp","href":"https:\/\/api.w.org\/{rel}","templated":true}]}}