{"id":41159,"date":"2024-06-09T15:50:36","date_gmt":"2024-06-09T12:50:36","guid":{"rendered":"https:\/\/agrozone.ee\/toode\/siemensekoitus-puutarhan-ja-metsan-linnuille-4-kg\/"},"modified":"2025-01-14T13:27:21","modified_gmt":"2025-01-14T11:27:21","slug":"siemensekoitus-puutarhan-ja-metsan-linnuille-4-kg","status":"publish","type":"product","link":"https:\/\/agrozone.ee\/fi\/tuote\/siemensekoitus-puutarhan-ja-metsan-linnuille-4-kg\/","title":{"rendered":"Siemensekoitus puutarhan ja mets\u00e4n linnuille 4 kg"},"content":{"rendered":"<p><strong>Lintujen siemenseos puutarha- ja mets\u00e4linnuille 1 kg<\/strong><\/p>\n<ul>\n<li>Lintujen siemenseos sopii pienten puutarha- ja mets\u00e4lintujen talviruokintaan.<\/li>\n<li>Erityisesti kaikille linnuille suunniteltu siemenseos.<\/li>\n<li>Sis\u00e4lt\u00e4\u00e4 vehn\u00e4\u00e4, hirssi\u00e4, auringonkukansiemeni\u00e4, herneit\u00e4, papuja ja kauraa.<\/li>\n<li>Siemenet sekoitetaan eri siemenlajikkeiden kanssa tasapainoisen ravinnon ja ruokavalion saamiseksi jokaiselle lintutyypille.<\/li>\n<li>Siemenet lajitellaan ja puhdistetaan ep\u00e4puhtauksista ja p\u00f6lyst\u00e4, jotta linnullesi voidaan tarjota korkealaatuinen siemenseos.<\/li>\n<\/ul>\n<p>N\u00e4m\u00e4 ovat kuivattuja viljoja, joihin on lis\u00e4tty soija\u00f6ljy\u00e4. Alhainen vesipitoisuus ja \u00f6ljyn lis\u00e4\u00e4minen s\u00e4ilytt\u00e4v\u00e4t tuotteen tuoreuden pitk\u00e4\u00e4n.<\/p>\n<h3>K\u00e4ytt\u00f6ohjeet<\/h3>\n<p>Huom! Jos olet jo aloittanut lintujen ruokinnan, jatka sit\u00e4 ehdottomasti kev\u00e4\u00e4seen asti, sill\u00e4 lis\u00e4ruokintaan tottuneet linnut voivat kuolla ruoan puutteeseen.<\/p>\n","protected":false},"excerpt":{"rendered":"<ul>\n<li>Lintujen siemenseos sopii pienten puutarha- ja mets\u00e4lintujen talviruokintaan.<\/li>\n<li>Erityisesti kaikille linnuille suunniteltu siemenseos.<\/li>\n<li>Siemenet sekoitetaan eri siemenlajikkeiden kanssa tasapainoisen ravinnon ja ruokavalion saamiseksi jokaiselle lintutyypille.<\/li>\n<li>Siemenet lajitellaan ja puhdistetaan ep\u00e4puhtauksista ja p\u00f6lyst\u00e4, jotta linnullesi voidaan tarjota korkealaatuinen siemenseos.<\/li>\n<\/ul>\n","protected":false},"featured_media":54317,"template":"","meta":{"_acf_changed":false,"_seopress_robots_primary_cat":"none","_seopress_titles_title":"","_seopress_titles_desc":"Lintujen siemenseos sopii pienten puutarha- ja mets\u00e4lintujen talviruokintaan. Sis\u00e4lt\u00e4\u00e4 vehn\u00e4\u00e4, hirssi\u00e4, auringonkukansiemeni\u00e4, herneit\u00e4, papuja ja kauraa. ","_seopress_robots_index":"","_gspb_post_css":""},"product_brand":[],"product_cat":[2392,2393,2395],"product_tag":[],"class_list":{"0":"post-41159","1":"product","2":"type-product","3":"status-publish","4":"has-post-thumbnail","6":"product_cat-kaikki-luokat","7":"product_cat-linnuille","8":"product_cat-lintujen-ruoka","10":"first","11":"instock","12":"taxable","13":"shipping-taxable","14":"purchasable","15":"product-type-simple"},"ct_brands":[],"acf":[],"_links":{"self":[{"href":"https:\/\/agrozone.ee\/fi\/wp-json\/wp\/v2\/product\/41159","targetHints":{"allow":["GET"]}}],"collection":[{"href":"https:\/\/agrozone.ee\/fi\/wp-json\/wp\/v2\/product"}],"about":[{"href":"https:\/\/agrozone.ee\/fi\/wp-json\/wp\/v2\/types\/product"}],"wp:featuredmedia":[{"embeddable":true,"href":"https:\/\/agrozone.ee\/fi\/wp-json\/wp\/v2\/media\/54317"}],"wp:attachment":[{"href":"https:\/\/agrozone.ee\/fi\/wp-json\/wp\/v2\/media?parent=41159"}],"wp:term":[{"taxonomy":"product_brand","embeddable":true,"href":"https:\/\/agrozone.ee\/fi\/wp-json\/wp\/v2\/product_brand?post=41159"},{"taxonomy":"product_cat","embeddable":true,"href":"https:\/\/agrozone.ee\/fi\/wp-json\/wp\/v2\/product_cat?post=41159"},{"taxonomy":"product_tag","embeddable":true,"href":"https:\/\/agrozone.ee\/fi\/wp-json\/wp\/v2\/product_tag?post=41159"}],"curies":[{"name":"wp","href":"https:\/\/api.w.org\/{rel}","templated":true}]}}