{"id":41160,"date":"2024-06-09T15:54:34","date_gmt":"2024-06-09T12:54:34","guid":{"rendered":"https:\/\/agrozone.ee\/toode\/ratimor-hiirien-ja-rottien-torjunta-aine-vahapalat-200-g\/"},"modified":"2025-12-21T11:17:24","modified_gmt":"2025-12-21T09:17:24","slug":"ratimor-hiirien-ja-rottien-torjunta-aine-vahapalat-200-g","status":"publish","type":"product","link":"https:\/\/agrozone.ee\/fi\/tuote\/ratimor-hiirien-ja-rottien-torjunta-aine-vahapalat-200-g\/","title":{"rendered":"Ratimor-hiirien ja -rottien torjunta-aine, vahapalat 200 g"},"content":{"rendered":"<p><strong>Ratimor-hiirien ja -rottien torjunta-aine toimii tehokkaasti jo kerta-annoksella kaikille jyrsij\u00f6ille ja on viiv\u00e4stetyn vaikutuksen ansiosta eritt\u00e4in tehokas.<\/strong><\/p>\n<ul>\n<li>Ratimor-sy\u00f6tin vaikuttava aine on brodifakum, joka est\u00e4\u00e4 veren hyytymist\u00e4 ja aiheuttaa sis\u00e4isi\u00e4 verenvuotoja.<\/li>\n<li>Myrkyll\u00e4 on viiv\u00e4stetty vaikutusaika eli vaikutus ilmenee 4\u20138 p\u00e4iv\u00e4n kuluessa.<\/li>\n<li>N\u00e4in jyrsij\u00e4t eiv\u00e4t osaa yhdist\u00e4\u00e4 lajitovereidensa kuolemaa sy\u00f6ttiin ja jatkavat itse sen sy\u00f6mist\u00e4.<\/li>\n<li>Sy\u00f6ttiin on lis\u00e4tty katkeruainetta, jotta se ei houkuttelisi lemmikkiel\u00e4imi\u00e4 tai lapsia sy\u00f6m\u00e4\u00e4n sit\u00e4.<\/li>\n<li>Vahapalassa on paljon reunoja, jotka houkuttelevat jyrsij\u00f6it\u00e4 jyrsim\u00e4\u00e4n sy\u00f6tti\u00e4 enemm\u00e4n.<\/li>\n<li>Kun palan reuna on jyrsitty rikki, pala hajoaa pieniksi paloiksi ja sy\u00f6tti on viel\u00e4 helpommin sy\u00f6t\u00e4viss\u00e4.<\/li>\n<li><strong>Palat sopivat my\u00f6s kosteisiin olosuhteisiin:<\/strong> ulos, autotalliin, puuliiteriin, kasvihuoneeseen, ruohonleikkureiden ja traktorien johtojen suojaamiseen jne.<\/li>\n<\/ul>\n<p><a href=\"https:\/\/agrozone.ee\/wp-content\/uploads\/2024\/09\/ratimor_brodifacoum_vahaplokid_clp_et_872b0f54.pdf\">TURVALLISUUSKORTTI<\/a><\/p>\n<h3>K\u00e4ytt\u00f6ohjeet<\/h3>\n<p><strong>K\u00e4yt\u00e4 sis\u00e4tiloissa hiirille<\/strong> 10\u201320 g sy\u00f6tti\u00e4 sy\u00f6ttilaatikkoa kohti, jos hiiri\u00e4 on paljon.<\/p>\n<ul>\n<li>Jos tarvitset useamman kuin yhden sy\u00f6ttilaatikon, aseta ne 5 metrin p\u00e4\u00e4h\u00e4n toisistaan (jos jyrsij\u00f6it\u00e4 on paljon, jopa 2 metrin p\u00e4\u00e4h\u00e4n toisistaan).<\/li>\n<li>Sy\u00f6ttilaatikot tulee tarkistaa torjunnan alussa v\u00e4hint\u00e4\u00e4n 2-3 p\u00e4iv\u00e4n v\u00e4lein ja my\u00f6hemmin v\u00e4hint\u00e4\u00e4n kerran viikossa, jotta voidaan tarkistaa, onko sy\u00f6tti\u00e4 kosketeltu ja ovatko sy\u00f6ttilaatikot vahingoittumattomia, sek\u00e4 poistaa jyrsij\u00f6iden raadot.<\/li>\n<li>Lis\u00e4\u00e4 tarvittaessa sy\u00f6tti\u00e4.<\/li>\n<\/ul>\n<p><strong>K\u00e4yt\u00e4 sis\u00e4tiloissa rotille<\/strong> 10\u201360 g sy\u00f6tti\u00e4 sy\u00f6ttilaatikkoa kohti, jos rottia on paljon.<\/p>\n<ul>\n<li>Jos tarvitset useamman kuin yhden sy\u00f6ttilaatikon, aseta ne 10 metrin p\u00e4\u00e4h\u00e4n toisistaan (jos jyrsij\u00f6it\u00e4 on paljon, jopa 5 metrin p\u00e4\u00e4h\u00e4n toisistaan).<\/li>\n<li>Sy\u00f6ttilaatikot tulee tarkistaa torjunnan alussa vasta 5\u20137 p\u00e4iv\u00e4n kuluttua ja my\u00f6hemmin v\u00e4hint\u00e4\u00e4n kerran viikossa, jotta voidaan tarkistaa, onko sy\u00f6tti\u00e4 kosketeltu ja ovatko sy\u00f6ttilaatikot vahingoittumattomia, sek\u00e4 poistaa jyrsij\u00f6iden raadot.<\/li>\n<li>Lis\u00e4\u00e4 tarvittaessa sy\u00f6tti\u00e4.<\/li>\n<\/ul>\n<p><strong>K\u00e4yt\u00e4 ulkotiloissa rakennusten ymp\u00e4rill\u00e4<\/strong> rotille 10\u201360 g sy\u00f6tti\u00e4 sy\u00f6ttilaatikkoa kohti, jos rottia on paljon.<\/p>\n<ul>\n<li>Jos tarvitset useamman kuin yhden sy\u00f6ttilaatikon, aseta ne 10 metrin p\u00e4\u00e4h\u00e4n toisistaan (jos jyrsij\u00f6it\u00e4 on paljon, jopa 5 metrin p\u00e4\u00e4h\u00e4n toisistaan).<\/li>\n<li>Aseta sy\u00f6ttilaatikot paikkoihin, joissa ne eiv\u00e4t voi joutua veden alle.<\/li>\n<li>Vaihda sy\u00f6ttilaatikossa oleva sy\u00f6tti, jos se on kastunut tai likaantunut.<\/li>\n<li>Sy\u00f6ttilaatikot tulee tarkistaa torjunnan alussa vasta 5\u20137 p\u00e4iv\u00e4n kuluttua ja my\u00f6hemmin v\u00e4hint\u00e4\u00e4n kerran viikossa, jotta voidaan tarkistaa, onko sy\u00f6tti\u00e4 kosketeltu ja ovatko sy\u00f6ttilaatikot vahingoittumattomia, sek\u00e4 poistaa jyrsij\u00f6iden raadot.<\/li>\n<li>Lis\u00e4\u00e4 tarvittaessa sy\u00f6tti\u00e4.<\/li>\n<\/ul>\n","protected":false},"excerpt":{"rendered":"<ul>\n<li>Ratimor-vahapalat ovat tehokas ja kest\u00e4v\u00e4 sy\u00f6tti hiirien ja rottien torjuntaan.<\/li>\n<li>Sopii k\u00e4ytett\u00e4v\u00e4ksi sek\u00e4 kuivissa ett\u00e4 kosteissa olosuhteissa.<\/li>\n<li>Vahapalojen erityinen muoto houkuttelee jyrsij\u00f6it\u00e4 jyrsim\u00e4\u00e4n niit\u00e4, mik\u00e4 varmistaa myrkyn nauttimisen.<\/li>\n<\/ul>\n","protected":false},"featured_media":55112,"template":"","meta":{"_acf_changed":false,"_seopress_robots_primary_cat":"none","_seopress_titles_title":"Kosteudenkest\u00e4v\u00e4 hiiri- ja rottamyrkky Ratimor-vahapalat 200 g","_seopress_titles_desc":"Paras myrkky kosteisiin tiloihin! Ratimor-vahapalat 200 g:n pakkauksessa ovat s\u00e4\u00e4nkest\u00e4vi\u00e4 ja erityisen houkuttelevia jyrsij\u00f6ille. Sopii t\u00e4ydellisesti kellareihin, autotalleihin ja ulkotiloihin.  ","_seopress_robots_index":"","_gspb_post_css":""},"product_brand":[],"product_cat":[2357,2392,2356],"product_tag":[],"class_list":{"0":"post-41160","1":"product","2":"type-product","3":"status-publish","4":"has-post-thumbnail","6":"product_cat-jyrsijoiden-torjunta","7":"product_cat-kaikki-luokat","8":"product_cat-puutarhan-ja-kasvien-suojelu","10":"first","11":"instock","12":"taxable","13":"shipping-taxable","14":"purchasable","15":"product-type-simple"},"ct_brands":[],"acf":[],"_links":{"self":[{"href":"https:\/\/agrozone.ee\/fi\/wp-json\/wp\/v2\/product\/41160","targetHints":{"allow":["GET"]}}],"collection":[{"href":"https:\/\/agrozone.ee\/fi\/wp-json\/wp\/v2\/product"}],"about":[{"href":"https:\/\/agrozone.ee\/fi\/wp-json\/wp\/v2\/types\/product"}],"wp:featuredmedia":[{"embeddable":true,"href":"https:\/\/agrozone.ee\/fi\/wp-json\/wp\/v2\/media\/55112"}],"wp:attachment":[{"href":"https:\/\/agrozone.ee\/fi\/wp-json\/wp\/v2\/media?parent=41160"}],"wp:term":[{"taxonomy":"product_brand","embeddable":true,"href":"https:\/\/agrozone.ee\/fi\/wp-json\/wp\/v2\/product_brand?post=41160"},{"taxonomy":"product_cat","embeddable":true,"href":"https:\/\/agrozone.ee\/fi\/wp-json\/wp\/v2\/product_cat?post=41160"},{"taxonomy":"product_tag","embeddable":true,"href":"https:\/\/agrozone.ee\/fi\/wp-json\/wp\/v2\/product_tag?post=41160"}],"curies":[{"name":"wp","href":"https:\/\/api.w.org\/{rel}","templated":true}]}}