{"id":41165,"date":"2024-06-09T15:54:57","date_gmt":"2024-06-09T13:54:57","guid":{"rendered":"https:\/\/agrozone.ee\/toode\/ratimor-hiirien-ja-rottien-torjunta-aine-viljanjyvat-150-g\/"},"modified":"2024-06-09T15:54:57","modified_gmt":"2024-06-09T13:54:57","slug":"ratimor-hiirien-ja-rottien-torjunta-aine-viljanjyvat-150-g","status":"publish","type":"product","link":"https:\/\/agrozone.ee\/fi\/tuote\/ratimor-hiirien-ja-rottien-torjunta-aine-viljanjyvat-150-g\/","title":{"rendered":"Ratimor-hiirien ja -rottien torjunta-aine, viljanjyv\u00e4t 150 g"},"content":{"rendered":"<ul>\n<li>Ratimor-hiirien ja -rottien torjunta-aine, viljanjyv\u00e4t 150 g, on tehokas keino ei-toivottujen jyrsij\u00f6iden, kuten hiirien ja rottien, torjuntaan.<\/li>\n<li>T\u00e4m\u00e4 sy\u00f6tti sis\u00e4lt\u00e4\u00e4 erityisesti k\u00e4siteltyj\u00e4 viljanjyvi\u00e4, jotka ovat houkuttelevia jyrsij\u00f6ille, mutta sis\u00e4lt\u00e4v\u00e4t tappavaa bromadiolonia.<\/li>\n<li>Ratimor-viljanjyv\u00e4t on tarkoitettu k\u00e4ytett\u00e4v\u00e4ksi sek\u00e4 sis\u00e4- ett\u00e4 ulkotiloissa, ja ne sopivat erityisen hyvin paikkoihin, joissa jyrsij\u00f6ill\u00e4 on paljon saatavilla tavallista ruokaa.<\/li>\n<li>Myrkyn vaikutus ilmenee muutaman p\u00e4iv\u00e4n kuluessa sy\u00f6misest\u00e4 ja aiheuttaa jyrsij\u00f6ille sis\u00e4isen verenvuodon ja kuoleman.<\/li>\n<\/ul>\n<p>Ratimor PLUS -hiirien ja -rottien torjunta-aine, viljanjyv\u00e4t, on k\u00e4ytt\u00f6valmis sy\u00f6tti. Antikoagulantit vaikuttavat viiveell\u00e4, ja teho saavutetaan 4\u201310 p\u00e4iv\u00e4n kuluessa sy\u00f6tin nauttimisesta.<\/p>\n<p><a href=\"https:\/\/agrozone.ee\/wp-content\/uploads\/2024\/09\/ratimor_plus_rotimuerk_viljaterad_clp_et.pdf\">TURVALLISUUSKORTTI<\/a><\/p>\n<h3>K\u00e4ytt\u00f6ohjeet<\/h3>\n<ul>\n<li>K\u00e4yt\u00e4 sis\u00e4tiloissa hiirille 10\u201340 g sy\u00f6tti\u00e4 sy\u00f6ttilaatikkoa kohti.<\/li>\n<li>Rottien torjunnassa k\u00e4yt\u00e4 10\u2013200 g sy\u00f6tti\u00e4 sy\u00f6ttilaatikkoa kohti.<\/li>\n<li>Aseta sy\u00f6ttilaatikot 10 metrin p\u00e4\u00e4h\u00e4n toisistaan ja lyhenn\u00e4 v\u00e4limatkaa 5 metriin, jos jyrsij\u00f6it\u00e4 on paljon.<\/li>\n<li>Ulkotiloissa rakennusten ymp\u00e4rill\u00e4 k\u00e4yt\u00e4 10\u2013200 g sy\u00f6tti\u00e4 sy\u00f6ttilaatikkoa kohti.<\/li>\n<\/ul>\n","protected":false},"excerpt":{"rendered":"<p>Tehokas hiiren ja rotan myrkky viljanjyvien muodossa, joka houkuttelee jyrsij\u00f6it\u00e4 puoleensa ja tuhoaa ne muutamassa p\u00e4iv\u00e4ss\u00e4.<\/p>\n<p>Sopii k\u00e4ytett\u00e4v\u00e4ksi sek\u00e4 sis\u00e4- ett\u00e4 ulkotiloissa.<\/p>\n","protected":false},"featured_media":41170,"template":"","meta":{"_acf_changed":false,"_seopress_robots_primary_cat":"none","_seopress_titles_title":"","_seopress_titles_desc":"","_seopress_robots_index":"","_gspb_post_css":""},"product_brand":[],"product_cat":[2357,2392,2356],"product_tag":[],"class_list":{"0":"post-41165","1":"product","2":"type-product","3":"status-publish","4":"has-post-thumbnail","6":"product_cat-jyrsijoiden-torjunta","7":"product_cat-kaikki-luokat","8":"product_cat-puutarhan-ja-kasvien-suojelu","10":"first","11":"instock","12":"taxable","13":"shipping-taxable","14":"purchasable","15":"product-type-simple"},"ct_brands":[],"acf":[],"_links":{"self":[{"href":"https:\/\/agrozone.ee\/fi\/wp-json\/wp\/v2\/product\/41165","targetHints":{"allow":["GET"]}}],"collection":[{"href":"https:\/\/agrozone.ee\/fi\/wp-json\/wp\/v2\/product"}],"about":[{"href":"https:\/\/agrozone.ee\/fi\/wp-json\/wp\/v2\/types\/product"}],"wp:featuredmedia":[{"embeddable":true,"href":"https:\/\/agrozone.ee\/fi\/wp-json\/wp\/v2\/media\/41170"}],"wp:attachment":[{"href":"https:\/\/agrozone.ee\/fi\/wp-json\/wp\/v2\/media?parent=41165"}],"wp:term":[{"taxonomy":"product_brand","embeddable":true,"href":"https:\/\/agrozone.ee\/fi\/wp-json\/wp\/v2\/product_brand?post=41165"},{"taxonomy":"product_cat","embeddable":true,"href":"https:\/\/agrozone.ee\/fi\/wp-json\/wp\/v2\/product_cat?post=41165"},{"taxonomy":"product_tag","embeddable":true,"href":"https:\/\/agrozone.ee\/fi\/wp-json\/wp\/v2\/product_tag?post=41165"}],"curies":[{"name":"wp","href":"https:\/\/api.w.org\/{rel}","templated":true}]}}