{"id":41169,"date":"2024-06-09T15:50:12","date_gmt":"2024-06-09T13:50:12","guid":{"rendered":"https:\/\/agrozone.ee\/toode\/rasvakapy-puutarhan-ja-metsan-linnuille-330g\/"},"modified":"2025-12-09T09:41:07","modified_gmt":"2025-12-09T07:41:07","slug":"rasvakapy-puutarhan-ja-metsan-linnuille-330g","status":"publish","type":"product","link":"https:\/\/agrozone.ee\/fi\/tuote\/rasvakapy-puutarhan-ja-metsan-linnuille-330g\/","title":{"rendered":"Rasvak\u00e4py puutarhan ja mets\u00e4n linnuille ~330g"},"content":{"rendered":"<h2 class=\"\" data-sourcepos=\"1:1-1:41\">Rasvak\u00e4py puutarhan ja mets\u00e4n linnuille ~330g<\/h2>\n<p data-sourcepos=\"3:1-3:44\">Tarjoa siivekk\u00e4ille yst\u00e4villesi herkullista energiaa talvikaudeksi!<\/p>\n<p data-sourcepos=\"5:1-5:19\"><strong>Tuotekuvaus:<\/strong><\/p>\n<p data-sourcepos=\"7:1-7:46\">T\u00e4m\u00e4 rasvak\u00e4py on ihanteellinen tapa tarjota puutarhan ja mets\u00e4n linnuille lis\u00e4ravintoa kylm\u00e4n\u00e4 talvikautena. K\u00e4py on t\u00e4ytetty runsasenergisella rasvaseoksella, joka auttaa lintuja yll\u00e4pit\u00e4m\u00e4\u00e4n ruumiinl\u00e4mp\u00f6\u00e4\u00e4n ja pysym\u00e4\u00e4n aktiivisina my\u00f6s ankarimmissa olosuhteissa. <\/p>\n<p data-sourcepos=\"9:1-9:13\"><strong>Ominaisuudet:<\/strong><\/p>\n<ul data-sourcepos=\"11:1-15:0\">\n<li data-sourcepos=\"11:1-11:101\"><strong>Ymp\u00e4rist\u00f6yst\u00e4v\u00e4llinen:<\/strong> Valmistettu luonnollisista ainesosista, jotka ovat linnuille turvallisia ja terveellisi\u00e4<\/li>\n<li data-sourcepos=\"12:1-12:83\"><strong>Korkea energiasis\u00e4lt\u00f6:<\/strong> Ihanteellinen energianl\u00e4hde talvikuukausina, kun ruokaa on v\u00e4h\u00e4n<\/li>\n<li data-sourcepos=\"13:1-13:68\"><strong>Helppok\u00e4ytt\u00f6inen:<\/strong> Ripusta vain oksalle tai lintujen ruokinta-asemalle<\/li>\n<li data-sourcepos=\"14:1-15:0\"><strong>Houkuttelee erilaisia lintulajeja:<\/strong> Sopii useille puutarhan ja mets\u00e4n linnuille<\/li>\n<\/ul>\n<p data-sourcepos=\"16:1-16:15\"><strong>K\u00e4ytt\u00f6:<\/strong><\/p>\n<ol data-sourcepos=\"18:1-21:0\">\n<li data-sourcepos=\"18:1-18:18\">Poista pakkaus.<\/li>\n<li data-sourcepos=\"19:1-19:104\">Ripusta rasvak\u00e4py oksalle tai lintujen ruokinta-asemalle varmistaen, ett\u00e4 se on linnuille helposti saatavilla.<\/li>\n<li data-sourcepos=\"20:1-21:0\">Tarkista s\u00e4\u00e4nn\u00f6llisesti ja lis\u00e4\u00e4 tarvittaessa uusia k\u00e4pyj\u00e4.<\/li>\n<\/ol>\n<p><strong>Huom!<\/strong> Jos olet jo aloittanut lintujen ruokinnan, jatka sit\u00e4 ehdottomasti kev\u00e4\u00e4seen asti, sill\u00e4 lis\u00e4ruokintaan tottuneet linnut voivat kuolla ruoan puutteeseen.<\/p>\n<p><strong>Osallistu lintujen hyvinvointiin ja tarjoa heille tarvittavaa lis\u00e4ravintoa talvella!<\/strong><\/p>\n","protected":false},"excerpt":{"rendered":"<ul data-sourcepos=\"11:1-15:0\">\n<li data-sourcepos=\"11:1-11:101\"><strong>Ymp\u00e4rist\u00f6yst\u00e4v\u00e4llinen:<\/strong> Valmistettu luonnollisista ainesosista, jotka ovat linnuille turvallisia ja terveellisi\u00e4<\/li>\n<li data-sourcepos=\"12:1-12:83\"><strong>Korkea energiasis\u00e4lt\u00f6:<\/strong> Ihanteellinen energianl\u00e4hde talvikuukausina, kun ruokaa on v\u00e4h\u00e4n<\/li>\n<li data-sourcepos=\"13:1-13:68\"><strong>Helppok\u00e4ytt\u00f6inen:<\/strong> Ripusta vain oksalle tai lintujen ruokinta-asemalle<\/li>\n<li data-sourcepos=\"14:1-15:0\"><strong>Houkuttelee erilaisia lintulajeja:<\/strong> Sopii useille puutarhan ja mets\u00e4n linnuille<\/li>\n<\/ul>\n","protected":false},"featured_media":41174,"template":"","meta":{"_acf_changed":false,"_seopress_robots_primary_cat":"none","_seopress_titles_title":"","_seopress_titles_desc":"","_seopress_robots_index":"","_gspb_post_css":""},"product_brand":[],"product_cat":[2392,2393,2395],"product_tag":[],"class_list":{"0":"post-41169","1":"product","2":"type-product","3":"status-publish","4":"has-post-thumbnail","6":"product_cat-kaikki-luokat","7":"product_cat-linnuille","8":"product_cat-lintujen-ruoka","10":"first","11":"instock","12":"taxable","13":"shipping-taxable","14":"purchasable","15":"product-type-simple"},"ct_brands":[],"acf":[],"_links":{"self":[{"href":"https:\/\/agrozone.ee\/fi\/wp-json\/wp\/v2\/product\/41169","targetHints":{"allow":["GET"]}}],"collection":[{"href":"https:\/\/agrozone.ee\/fi\/wp-json\/wp\/v2\/product"}],"about":[{"href":"https:\/\/agrozone.ee\/fi\/wp-json\/wp\/v2\/types\/product"}],"wp:featuredmedia":[{"embeddable":true,"href":"https:\/\/agrozone.ee\/fi\/wp-json\/wp\/v2\/media\/41174"}],"wp:attachment":[{"href":"https:\/\/agrozone.ee\/fi\/wp-json\/wp\/v2\/media?parent=41169"}],"wp:term":[{"taxonomy":"product_brand","embeddable":true,"href":"https:\/\/agrozone.ee\/fi\/wp-json\/wp\/v2\/product_brand?post=41169"},{"taxonomy":"product_cat","embeddable":true,"href":"https:\/\/agrozone.ee\/fi\/wp-json\/wp\/v2\/product_cat?post=41169"},{"taxonomy":"product_tag","embeddable":true,"href":"https:\/\/agrozone.ee\/fi\/wp-json\/wp\/v2\/product_tag?post=41169"}],"curies":[{"name":"wp","href":"https:\/\/api.w.org\/{rel}","templated":true}]}}