{"id":41173,"date":"2024-06-09T16:06:46","date_gmt":"2024-06-09T13:06:46","guid":{"rendered":"https:\/\/agrozone.ee\/toode\/ratimor-hiirenloukku\/"},"modified":"2024-06-09T16:06:46","modified_gmt":"2024-06-09T14:06:46","slug":"ratimor-hiirenloukku","status":"publish","type":"product","link":"https:\/\/agrozone.ee\/fi\/tuote\/ratimor-hiirenloukku\/","title":{"rendered":"Ratimor-hiirenloukku"},"content":{"rendered":"<p>Kest\u00e4v\u00e4, helppok\u00e4ytt\u00f6inen ja eritt\u00e4in tehokas ansa jyrsij\u00f6iden tuhoamiseen.<\/p>\n<ul>\n<li>Erityinen Ratimor plus -ansa hiirten torjuntaan ja h\u00e4vitt\u00e4miseen.<\/li>\n<li>Hygieeninen ja helppok\u00e4ytt\u00f6inen.<\/li>\n<li>Sen sahalaitaiset reunat helpottavat jyrsij\u00f6iden kiinni saamista ja yksi ainoa kosketus aktivoi ansan, joka pyydyst\u00e4\u00e4 jyrsij\u00e4t.<\/li>\n<li>Pakkauksessa 2 kpl.<\/li>\n<\/ul>\n<h3>K\u00e4ytt\u00f6ohjeet<\/h3>\n<p>Aseta ansoja 2-5 metrin v\u00e4lein. Jos tuholaisia on paljon, aseta ansoja tihe\u00e4mmin.<\/p>\n<ul>\n<li>Paina vipua alas ja poista suojakorkki sy\u00f6tin alta.<\/li>\n<li>Aseta sy\u00f6tti (esim. juusto, suklaa, pekoni, rusinat\u2026) varovasti alustalle, pid\u00e4 vipua alhaalla.<\/li>\n<li><span style=\"font-size: 16px;\">Aseta ansoja sis\u00e4\u00e4nk\u00e4yntien l\u00e4helle tai sinne, miss\u00e4 on merkkej\u00e4 jyrsij\u00f6iden toiminnasta. <\/span><\/li>\n<li><span style=\"font-size: 16px;\">Aseta avoin puoli sein\u00e4\u00e4 vasten. <\/span><\/li>\n<li><span style=\"font-size: 16px;\">Tarkista ansoja s\u00e4\u00e4nn\u00f6llisesti.<\/span><\/li>\n<li><span style=\"font-size: 16px;\">Paina vipua alas, niin voit poistaa kuolleen hiiren helposti ja nopeasti. <\/span><\/li>\n<li><span style=\"font-size: 16px;\">Pese k\u00e4tesi huolellisesti.<\/span><\/li>\n<\/ul>\n","protected":false},"excerpt":{"rendered":"<ul>\n<li>Erityinen Ratimor plus -ansa hiirten torjuntaan ja h\u00e4vitt\u00e4miseen.<\/li>\n<li>Hygieeninen ja helppok\u00e4ytt\u00f6inen.<\/li>\n<li>Sen sahalaitaiset reunat helpottavat jyrsij\u00f6iden kiinni saamista ja yksi ainoa kosketus aktivoi ansan, joka pyydyst\u00e4\u00e4 jyrsij\u00e4t.<\/li>\n<li>Pakkauksessa 2 kpl.<\/li>\n<\/ul>\n","protected":false},"featured_media":41180,"template":"","meta":{"_acf_changed":false,"_seopress_robots_primary_cat":"","_seopress_titles_title":"","_seopress_titles_desc":"Erityinen Ratimor plus -ansa hiirten torjuntaan ja h\u00e4vitt\u00e4miseen. Hygieeninen ja helppok\u00e4ytt\u00f6inen. Pakkauksessa 2 ansaa.  ","_seopress_robots_index":"","_gspb_post_css":""},"product_brand":[],"product_cat":[2357,2392,2356],"product_tag":[],"class_list":{"0":"post-41173","1":"product","2":"type-product","3":"status-publish","4":"has-post-thumbnail","6":"product_cat-jyrsijoiden-torjunta","7":"product_cat-kaikki-luokat","8":"product_cat-puutarhan-ja-kasvien-suojelu","10":"first","11":"instock","12":"taxable","13":"shipping-taxable","14":"purchasable","15":"product-type-simple"},"ct_brands":[],"acf":[],"_links":{"self":[{"href":"https:\/\/agrozone.ee\/fi\/wp-json\/wp\/v2\/product\/41173","targetHints":{"allow":["GET"]}}],"collection":[{"href":"https:\/\/agrozone.ee\/fi\/wp-json\/wp\/v2\/product"}],"about":[{"href":"https:\/\/agrozone.ee\/fi\/wp-json\/wp\/v2\/types\/product"}],"wp:featuredmedia":[{"embeddable":true,"href":"https:\/\/agrozone.ee\/fi\/wp-json\/wp\/v2\/media\/41180"}],"wp:attachment":[{"href":"https:\/\/agrozone.ee\/fi\/wp-json\/wp\/v2\/media?parent=41173"}],"wp:term":[{"taxonomy":"product_brand","embeddable":true,"href":"https:\/\/agrozone.ee\/fi\/wp-json\/wp\/v2\/product_brand?post=41173"},{"taxonomy":"product_cat","embeddable":true,"href":"https:\/\/agrozone.ee\/fi\/wp-json\/wp\/v2\/product_cat?post=41173"},{"taxonomy":"product_tag","embeddable":true,"href":"https:\/\/agrozone.ee\/fi\/wp-json\/wp\/v2\/product_tag?post=41173"}],"curies":[{"name":"wp","href":"https:\/\/api.w.org\/{rel}","templated":true}]}}