{"id":41176,"date":"2024-06-09T16:07:34","date_gmt":"2024-06-09T14:07:34","guid":{"rendered":"https:\/\/agrozone.ee\/toode\/kookospahkinassa-lintujen-herkku-350-g\/"},"modified":"2024-06-09T16:07:34","modified_gmt":"2024-06-09T14:07:34","slug":"kookospahkinassa-lintujen-herkku-350-g","status":"publish","type":"product","link":"https:\/\/agrozone.ee\/fi\/tuote\/kookospahkinassa-lintujen-herkku-350-g\/","title":{"rendered":"Kookosp\u00e4hkin\u00e4ss\u00e4 lintujen herkku 350 g"},"content":{"rendered":"<h2 class=\"font-bold\" data-v-b4b16f92=\"\"><span data-v-b4b16f92=\"\">Lintujen herkku t\u00e4ytetty kookosp\u00e4hkin\u00e4 350 g kuvaus<\/span><span data-v-b4b16f92=\"\">:<\/span><\/h2>\n<ul class=\"list-disc ml-2 mr-3\" data-v-b4b16f92=\"\">\n<li data-v-b4b16f92=\"\">Lis\u00e4ravintoa puutarhalinnuille.<\/li>\n<li data-v-b4b16f92=\"\">Ainesosat: viljat, \u00f6ljyt ja rasvat, auringonkukansiemenet, p\u00e4hkin\u00e4t, kasviper\u00e4iset sivutuotteet.<\/li>\n<li data-v-b4b16f92=\"\">Ei sis\u00e4ll\u00e4 sokeria, keinotekoisia v\u00e4ri- tai s\u00e4il\u00f6nt\u00e4aineita.<\/li>\n<li data-v-b4b16f92=\"\">Nettopaino: 350 g. (Huom! Paino voi vaihdella) <\/li>\n<\/ul>\n<p>Energiapitoinen seosruoka kookosp\u00e4hkin\u00e4ss\u00e4 puutarha- ja mets\u00e4linnuille.<\/p>\n<h3>K\u00e4ytt\u00f6ohjeet<\/h3>\n<p>Poista muovi ja ripusta tuote luonnonmukaisen kookoskuidusta valmistetun narun avulla oksaan.<\/p>\n<p><strong>Huom!<\/strong> Jos olet jo aloittanut lintujen ruokinnan, jatka sit\u00e4 ehdottomasti kev\u00e4\u00e4seen asti, sill\u00e4 lis\u00e4ruokintaan tottuneet linnut voivat kuolla ruoan puutteeseen.<\/p>\n","protected":false},"excerpt":{"rendered":"<ul class=\"list-disc ml-2 mr-3\" data-v-b4b16f92=\"\">\n<li data-v-b4b16f92=\"\">Lis\u00e4ravintoa puutarhalinnuille<\/li>\n<li data-v-b4b16f92=\"\">Ainesosat: viljat, \u00f6ljyt ja rasvat, auringonkukansiemenet, p\u00e4hkin\u00e4t, kasviper\u00e4iset sivutuotteet<\/li>\n<li data-v-b4b16f92=\"\">Ei sis\u00e4ll\u00e4 sokeria, keinotekoisia v\u00e4ri- tai s\u00e4il\u00f6nt\u00e4aineita.<\/li>\n<\/ul>\n","protected":false},"featured_media":41184,"template":"","meta":{"_acf_changed":false,"_seopress_robots_primary_cat":"none","_seopress_titles_title":"","_seopress_titles_desc":"Lintujen herkku t\u00e4ytetty kookosp\u00e4hkin\u00e4 350 g. Ainesosat: viljat, \u00f6ljyt ja rasvat, auringonkukansiemenet, p\u00e4hkin\u00e4t, kasviper\u00e4iset sivutuotteet. ","_seopress_robots_index":"","_gspb_post_css":""},"product_brand":[],"product_cat":[2392,2393,2395],"product_tag":[],"class_list":{"0":"post-41176","1":"product","2":"type-product","3":"status-publish","4":"has-post-thumbnail","6":"product_cat-kaikki-luokat","7":"product_cat-linnuille","8":"product_cat-lintujen-ruoka","10":"first","11":"instock","12":"taxable","13":"shipping-taxable","14":"purchasable","15":"product-type-simple"},"ct_brands":[],"acf":[],"_links":{"self":[{"href":"https:\/\/agrozone.ee\/fi\/wp-json\/wp\/v2\/product\/41176","targetHints":{"allow":["GET"]}}],"collection":[{"href":"https:\/\/agrozone.ee\/fi\/wp-json\/wp\/v2\/product"}],"about":[{"href":"https:\/\/agrozone.ee\/fi\/wp-json\/wp\/v2\/types\/product"}],"wp:featuredmedia":[{"embeddable":true,"href":"https:\/\/agrozone.ee\/fi\/wp-json\/wp\/v2\/media\/41184"}],"wp:attachment":[{"href":"https:\/\/agrozone.ee\/fi\/wp-json\/wp\/v2\/media?parent=41176"}],"wp:term":[{"taxonomy":"product_brand","embeddable":true,"href":"https:\/\/agrozone.ee\/fi\/wp-json\/wp\/v2\/product_brand?post=41176"},{"taxonomy":"product_cat","embeddable":true,"href":"https:\/\/agrozone.ee\/fi\/wp-json\/wp\/v2\/product_cat?post=41176"},{"taxonomy":"product_tag","embeddable":true,"href":"https:\/\/agrozone.ee\/fi\/wp-json\/wp\/v2\/product_tag?post=41176"}],"curies":[{"name":"wp","href":"https:\/\/api.w.org\/{rel}","templated":true}]}}