{"id":41182,"date":"2024-06-09T15:50:35","date_gmt":"2024-06-09T12:50:35","guid":{"rendered":"https:\/\/agrozone.ee\/toode\/lintujen-ruokinta-automaatti-siemenille-26-cm\/"},"modified":"2025-12-09T09:40:36","modified_gmt":"2025-12-09T07:40:36","slug":"lintujen-ruokinta-automaatti-siemenille-26-cm","status":"publish","type":"product","link":"https:\/\/agrozone.ee\/fi\/tuote\/lintujen-ruokinta-automaatti-siemenille-26-cm\/","title":{"rendered":"Lintujen ruokinta-automaatti siemenille 26 cm"},"content":{"rendered":"<p>Siemenille tarkoitettu lintujen ruokinta-automaatti on helppo avata ja t\u00e4ytt\u00e4\u00e4.<\/p>\n<p>&nbsp;<\/p>\n<h3>K\u00e4ytt\u00f6ohjeet<\/h3>\n<p>Mukana kiinnitysny\u00f6ri. Metallia. Halkaisija: 7 cm. Korkeus: 26 cm. Musta, peltikattoinen, kahdella istuinrenkaalla varustettu.    <\/p>\n","protected":false},"excerpt":{"rendered":"<p>Siemenille tarkoitettu lintujen ruokinta-automaatti on helppo avata ja t\u00e4ytt\u00e4\u00e4.<\/p>\n","protected":false},"featured_media":41187,"template":"","meta":{"_acf_changed":false,"_seopress_robots_primary_cat":"none","_seopress_titles_title":"","_seopress_titles_desc":"","_seopress_robots_index":"","_gspb_post_css":""},"product_brand":[],"product_cat":[2392,2393,2394],"product_tag":[],"class_list":{"0":"post-41182","1":"product","2":"type-product","3":"status-publish","4":"has-post-thumbnail","6":"product_cat-kaikki-luokat","7":"product_cat-linnuille","8":"product_cat-lintujen-ruokinta-automaatit","10":"first","11":"instock","12":"taxable","13":"shipping-taxable","14":"purchasable","15":"product-type-simple"},"ct_brands":[],"acf":[],"_links":{"self":[{"href":"https:\/\/agrozone.ee\/fi\/wp-json\/wp\/v2\/product\/41182","targetHints":{"allow":["GET"]}}],"collection":[{"href":"https:\/\/agrozone.ee\/fi\/wp-json\/wp\/v2\/product"}],"about":[{"href":"https:\/\/agrozone.ee\/fi\/wp-json\/wp\/v2\/types\/product"}],"wp:featuredmedia":[{"embeddable":true,"href":"https:\/\/agrozone.ee\/fi\/wp-json\/wp\/v2\/media\/41187"}],"wp:attachment":[{"href":"https:\/\/agrozone.ee\/fi\/wp-json\/wp\/v2\/media?parent=41182"}],"wp:term":[{"taxonomy":"product_brand","embeddable":true,"href":"https:\/\/agrozone.ee\/fi\/wp-json\/wp\/v2\/product_brand?post=41182"},{"taxonomy":"product_cat","embeddable":true,"href":"https:\/\/agrozone.ee\/fi\/wp-json\/wp\/v2\/product_cat?post=41182"},{"taxonomy":"product_tag","embeddable":true,"href":"https:\/\/agrozone.ee\/fi\/wp-json\/wp\/v2\/product_tag?post=41182"}],"curies":[{"name":"wp","href":"https:\/\/api.w.org\/{rel}","templated":true}]}}