{"id":41189,"date":"2024-06-09T15:50:12","date_gmt":"2024-06-09T12:50:12","guid":{"rendered":"https:\/\/agrozone.ee\/toode\/linnunpontto-pahkinoille-26-cm\/"},"modified":"2025-12-09T09:41:19","modified_gmt":"2025-12-09T07:41:19","slug":"linnunpontto-pahkinoille-26-cm","status":"publish","type":"product","link":"https:\/\/agrozone.ee\/fi\/tuote\/linnunpontto-pahkinoille-26-cm\/","title":{"rendered":"Linnunp\u00f6ntt\u00f6 p\u00e4hkin\u00f6ille 26 cm"},"content":{"rendered":"<p>P\u00e4hkin\u00f6ille tarkoitettu lintujen ruokinta-automaatti on helppo avata ja t\u00e4ytt\u00e4\u00e4.<\/p>\n<p>&nbsp;<\/p>\n<h3>K\u00e4ytt\u00f6ohjeet<\/h3>\n<p>Mukana kiinnitysnaru. Metallia. Halkaisija: 7 cm. Korkeus: 26 cm. Musta, peltikatolla, kahdella istuinrenkaalla.<\/p>\n","protected":false},"excerpt":{"rendered":"<p>P\u00e4hkin\u00f6ille tarkoitettu lintujen ruokinta-automaatti on helppo avata ja t\u00e4ytt\u00e4\u00e4.<\/p>\n","protected":false},"featured_media":41193,"template":"","meta":{"_acf_changed":false,"_seopress_robots_primary_cat":"none","_seopress_titles_title":"","_seopress_titles_desc":"","_seopress_robots_index":"","_gspb_post_css":""},"product_brand":[],"product_cat":[2392,2393,2394],"product_tag":[],"class_list":{"0":"post-41189","1":"product","2":"type-product","3":"status-publish","4":"has-post-thumbnail","6":"product_cat-kaikki-luokat","7":"product_cat-linnuille","8":"product_cat-lintujen-ruokinta-automaatit","10":"first","11":"instock","12":"taxable","13":"shipping-taxable","14":"purchasable","15":"product-type-simple"},"ct_brands":[],"acf":[],"_links":{"self":[{"href":"https:\/\/agrozone.ee\/fi\/wp-json\/wp\/v2\/product\/41189","targetHints":{"allow":["GET"]}}],"collection":[{"href":"https:\/\/agrozone.ee\/fi\/wp-json\/wp\/v2\/product"}],"about":[{"href":"https:\/\/agrozone.ee\/fi\/wp-json\/wp\/v2\/types\/product"}],"wp:featuredmedia":[{"embeddable":true,"href":"https:\/\/agrozone.ee\/fi\/wp-json\/wp\/v2\/media\/41193"}],"wp:attachment":[{"href":"https:\/\/agrozone.ee\/fi\/wp-json\/wp\/v2\/media?parent=41189"}],"wp:term":[{"taxonomy":"product_brand","embeddable":true,"href":"https:\/\/agrozone.ee\/fi\/wp-json\/wp\/v2\/product_brand?post=41189"},{"taxonomy":"product_cat","embeddable":true,"href":"https:\/\/agrozone.ee\/fi\/wp-json\/wp\/v2\/product_cat?post=41189"},{"taxonomy":"product_tag","embeddable":true,"href":"https:\/\/agrozone.ee\/fi\/wp-json\/wp\/v2\/product_tag?post=41189"}],"curies":[{"name":"wp","href":"https:\/\/api.w.org\/{rel}","templated":true}]}}