{"id":41195,"date":"2024-06-09T15:50:36","date_gmt":"2024-06-09T12:50:36","guid":{"rendered":"https:\/\/agrozone.ee\/toode\/rasvatori-puutarha-ja-metsalinnuille-400-g\/"},"modified":"2025-02-28T12:49:01","modified_gmt":"2025-02-28T10:49:01","slug":"rasvatori-puutarha-ja-metsalinnuille-400-g","status":"publish","type":"product","link":"https:\/\/agrozone.ee\/fi\/tuote\/rasvatori-puutarha-ja-metsalinnuille-400-g\/","title":{"rendered":"Rasvatori puutarha- ja mets\u00e4linnuille 400 g"},"content":{"rendered":"<ul>\n<li>Rasvatori puutarha- ja mets\u00e4linnuille 400 g sopii erinomaisesti ymp\u00e4rivuotiseen ruokintaan, erityisesti kylmempin\u00e4 kuukausina, jolloin luonnollisia ravinnonl\u00e4hteit\u00e4 on v\u00e4h\u00e4n ja linnut tarvitsevat lis\u00e4energiaa selviyty\u00e4kseen pakkasesta.<\/li>\n<li>T\u00e4h\u00e4n putkeen pakattujen vastustamattomien ainesosien monipuolisuus houkuttelee varmasti puutarhaasi monenlaisia mets\u00e4lintuja.<\/li>\n<li>Putki on 100 % biohajoava ja valmis ripustettavaksi puun oksalle tai ruokintapaikalle, joten siivekk\u00e4iden yst\u00e4viesi ei tarvitse odottaa kauaa seuraavaa ateriaansa.<\/li>\n<li>Suosittelemme t\u00e4m\u00e4n tuotteen s\u00e4ilytt\u00e4mist\u00e4 viile\u00e4ss\u00e4 ja kuivassa paikassa.<\/li>\n<\/ul>\n<h3>K\u00e4ytt\u00f6ohjeet<\/h3>\n<ul>\n<li>Poista muovikalvo ja ripusta tuote vaakasuoraan oksaan putkeen kiinnitetyn narun avulla.<\/li>\n<\/ul>\n<p>Huom! Jos olet jo aloittanut lintujen ruokinnan, jatka sit\u00e4 ehdottomasti kev\u00e4\u00e4seen asti, sill\u00e4 lis\u00e4ruokintaan tottuneet linnut voivat kuolla ruoan puutteeseen.<\/p>\n","protected":false},"excerpt":{"rendered":"<p>Energiarikas rehuseos puutarha- ja mets\u00e4linnuille biohajoavassa pakkauksessa.<\/p>\n","protected":false},"featured_media":41198,"template":"","meta":{"_acf_changed":false,"_seopress_robots_primary_cat":"none","_seopress_titles_title":"","_seopress_titles_desc":"Biohajoavassa pakkauksessa oleva energiapitoinen seosruoka puutarha- ja mets\u00e4linnuille sopii erinomaisesti ymp\u00e4rivuotiseen ruokintaan, erityisesti kylmempin\u00e4 kuukausina.","_seopress_robots_index":"","_gspb_post_css":""},"product_brand":[],"product_cat":[2392,2393,2395],"product_tag":[],"class_list":{"0":"post-41195","1":"product","2":"type-product","3":"status-publish","4":"has-post-thumbnail","6":"product_cat-kaikki-luokat","7":"product_cat-linnuille","8":"product_cat-lintujen-ruoka","10":"first","11":"instock","12":"taxable","13":"shipping-taxable","14":"purchasable","15":"product-type-simple"},"ct_brands":[],"acf":[],"_links":{"self":[{"href":"https:\/\/agrozone.ee\/fi\/wp-json\/wp\/v2\/product\/41195","targetHints":{"allow":["GET"]}}],"collection":[{"href":"https:\/\/agrozone.ee\/fi\/wp-json\/wp\/v2\/product"}],"about":[{"href":"https:\/\/agrozone.ee\/fi\/wp-json\/wp\/v2\/types\/product"}],"wp:featuredmedia":[{"embeddable":true,"href":"https:\/\/agrozone.ee\/fi\/wp-json\/wp\/v2\/media\/41198"}],"wp:attachment":[{"href":"https:\/\/agrozone.ee\/fi\/wp-json\/wp\/v2\/media?parent=41195"}],"wp:term":[{"taxonomy":"product_brand","embeddable":true,"href":"https:\/\/agrozone.ee\/fi\/wp-json\/wp\/v2\/product_brand?post=41195"},{"taxonomy":"product_cat","embeddable":true,"href":"https:\/\/agrozone.ee\/fi\/wp-json\/wp\/v2\/product_cat?post=41195"},{"taxonomy":"product_tag","embeddable":true,"href":"https:\/\/agrozone.ee\/fi\/wp-json\/wp\/v2\/product_tag?post=41195"}],"curies":[{"name":"wp","href":"https:\/\/api.w.org\/{rel}","templated":true}]}}