{"id":41203,"date":"2024-07-31T13:36:19","date_gmt":"2024-07-31T10:36:19","guid":{"rendered":"https:\/\/agrozone.ee\/toode\/kylvo-ja-istutuslannoite-amparissa-1-kg\/"},"modified":"2026-02-05T09:15:01","modified_gmt":"2026-02-05T07:15:01","slug":"kylvo-ja-istutuslannoite-amparissa-1-kg","status":"publish","type":"product","link":"https:\/\/agrozone.ee\/fi\/tuote\/kylvo-ja-istutuslannoite-amparissa-1-kg\/","title":{"rendered":"Kylv\u00f6- ja istutuslannoite (\u00e4mp\u00e4riss\u00e4) 1 kg"},"content":{"rendered":"<p><strong>Kylv\u00f6- ja istutuslannoite (\u00e4mp\u00e4riss\u00e4) 1 kg<\/strong><\/p>\n<ul>\n<li>Granuloitu typpilannoite, jolla on biostimulantin ominaisuuksia.<\/li>\n<li>Uniikin tuotantoprosessin ansiosta lannoite sis\u00e4lt\u00e4\u00e4 orgaanisen typpim\u00e4\u00e4r\u00e4n kolmea fraktiota \u2013 nopea, keskitasoinen ja hidas vapautuminen, mik\u00e4 takaa kasveille tasapainoisen typpivarannon koko kasvukauden ajan.<\/li>\n<li>Hyv\u00e4ksytty luomuviljelyyn.<\/li>\n<li>Parantaa juurten kehityst\u00e4 ja ravinteiden imeytymist\u00e4.<\/li>\n<li>Edist\u00e4\u00e4 fotosynteesi\u00e4 ja kasvien tasapainoista kasvua.<\/li>\n<li>Parantaa kasvien kest\u00e4vyytt\u00e4 ymp\u00e4rist\u00f6n aiheuttamaa stressi\u00e4 vastaan.<\/li>\n<li>Lis\u00e4\u00e4 maan hedelm\u00e4llisyytt\u00e4.<\/li>\n<li>Varmistaa typpien luonnollisen hallitun vapautumisen, v\u00e4hent\u00e4en h\u00e4vi\u00f6it\u00e4.<\/li>\n<li>Edist\u00e4\u00e4 ravinteiden mineralisoitumista ja saatavuutta (mukaan lukien fosfori).<\/li>\n<\/ul>\n<h3>K\u00e4ytt\u00f6ohjeet<\/h3>\n<ul>\n<li>Lannoitetta voidaan antaa paikallisesti tai hajautetusti kasvien ymp\u00e4rille, levitt\u00e4\u00e4 avomaalla hajautetusti maapinnalle tai sijoittaa 5-10 cm syvyyteen maahan.<\/li>\n<li>Lannoitteen maahan sekoittaminen ei ole v\u00e4ltt\u00e4m\u00e4t\u00f6nt\u00e4, koska rakeet liukenevat my\u00f6s matalassa kosteusolosuhteissa.<\/li>\n<li>Kasveille kastelussa puutarhassa (koriste- ja hy\u00f6typuutarhat) 10-20 g lannoitetta liuotetaan 10 litraan vett\u00e4 (0,1-0,2 % liuos).<\/li>\n<\/ul>\n<p>K\u00c4YTT\u00d6M\u00c4\u00c4R\u00c4<\/p>\n<ul>\n<li>Kylv\u00f6- ja siirtonurmelle lis\u00e4t\u00e4\u00e4n 2 g lannoitetta per 1 litra maata.<\/li>\n<li>Ruukkukasvien istutuksessa 40 g per kasvi.<\/li>\n<li>Kukkien, koristekasvien ja puutarhapensaiden istutuksessa sekoita maahan 30 g per kasvi.<\/li>\n<li>Viinapuille 20-40 g per kasvi kasvin koon mukaan.<\/li>\n<li>Sekoita kasvihuoneen multaan 50 g\/m\u00b2 tai 40 g\/kasvi ennen vihannesten istutusta tai istutuksen yhteydess\u00e4.<\/li>\n<li>Avomaan vihanneskasvien viljelyyn hajapenkiss\u00e4 tai paikallisella kasvittomalla alueella 40 g\/m\u00b2, kun maa valmistellaan ennen istutusta\/siirtoa.<\/li>\n<li>Hedelm\u00e4puut kev\u00e4\u00e4ll\u00e4 50-100 g per kasvi.<\/li>\n<li>Marjapensaat 50 g per kasvi.<\/li>\n<li>Mansikat 20 g per kasvi.<\/li>\n<li>Ruusut 30 g per kasvi.<\/li>\n<li>Kastelu nopeuttaa lannoitteiden vaikutuksen alkamista.<\/li>\n<li>5 g = 1 tl<\/li>\n<li>20 g = 1 iso ruokalusikallinen<\/li>\n<li>20-25 g = noin puoli kourallista<\/li>\n<li>40 g = noin kourallinen<\/li>\n<\/ul>\n","protected":false},"excerpt":{"rendered":"<ul>\n<li>Granuloitu typpilannoite, jolla on biostimulantin ominaisuuksia.<\/li>\n<li>Uniikin tuotantoprosessin ansiosta lannoite sis\u00e4lt\u00e4\u00e4 orgaanisen typpim\u00e4\u00e4r\u00e4n kolmea fraktiota \u2013 nopea, keskitasoinen ja hidas vapautuminen, mik\u00e4 takaa kasveille tasapainoisen typpivarannon koko kasvukauden ajan.<\/li>\n<li>Hyv\u00e4ksytty luomuviljelyyn.<\/li>\n<li>Parantaa juurten kehityst\u00e4 ja ravinteiden imeytymist\u00e4.<\/li>\n<li>Edist\u00e4\u00e4 fotosynteesi\u00e4 ja kasvien tasapainoista kasvua.<\/li>\n<li>Parantaa kasvien kest\u00e4vyytt\u00e4 ymp\u00e4rist\u00f6n aiheuttamaa stressi\u00e4 vastaan.<\/li>\n<li>Lis\u00e4\u00e4 maan hedelm\u00e4llisyytt\u00e4.<\/li>\n<\/ul>\n","protected":false},"featured_media":41205,"template":"","meta":{"_acf_changed":false,"_seopress_robots_primary_cat":"","_seopress_titles_title":"Tasapainotettu typpilannoite kasveille kasvua varten - 1 kg \u00e4mp\u00e4ri","_seopress_titles_desc":"Tasapainoinen typpivarasto koko kasvukaudeksi. Parantaa juurten kehityst\u00e4, fotosynteesi\u00e4 ja ymp\u00e4rist\u00f6stressin sietokyky\u00e4. Luomuviljelyyn hyv\u00e4ksytty.  ","_seopress_robots_index":"","_gspb_post_css":""},"product_brand":[],"product_cat":[2392,2461,2462,2438,2398,2396,2460],"product_tag":[],"class_list":{"0":"post-41203","1":"product","2":"type-product","3":"status-publish","4":"has-post-thumbnail","6":"product_cat-kaikki-luokat","7":"product_cat-kasteluun-sekoitettava-lannoite","8":"product_cat-kevat","9":"product_cat-lannoitteet","10":"product_cat-luonnonmukaiset-lannoitteet","11":"product_cat-luomuviljely","12":"product_cat-puutarhalannoitteet","14":"first","15":"instock","16":"featured","17":"taxable","18":"shipping-taxable","19":"purchasable","20":"product-type-simple"},"ct_brands":[],"acf":[],"_links":{"self":[{"href":"https:\/\/agrozone.ee\/fi\/wp-json\/wp\/v2\/product\/41203","targetHints":{"allow":["GET"]}}],"collection":[{"href":"https:\/\/agrozone.ee\/fi\/wp-json\/wp\/v2\/product"}],"about":[{"href":"https:\/\/agrozone.ee\/fi\/wp-json\/wp\/v2\/types\/product"}],"wp:featuredmedia":[{"embeddable":true,"href":"https:\/\/agrozone.ee\/fi\/wp-json\/wp\/v2\/media\/41205"}],"wp:attachment":[{"href":"https:\/\/agrozone.ee\/fi\/wp-json\/wp\/v2\/media?parent=41203"}],"wp:term":[{"taxonomy":"product_brand","embeddable":true,"href":"https:\/\/agrozone.ee\/fi\/wp-json\/wp\/v2\/product_brand?post=41203"},{"taxonomy":"product_cat","embeddable":true,"href":"https:\/\/agrozone.ee\/fi\/wp-json\/wp\/v2\/product_cat?post=41203"},{"taxonomy":"product_tag","embeddable":true,"href":"https:\/\/agrozone.ee\/fi\/wp-json\/wp\/v2\/product_tag?post=41203"}],"curies":[{"name":"wp","href":"https:\/\/api.w.org\/{rel}","templated":true}]}}