{"id":41208,"date":"2024-06-09T16:13:26","date_gmt":"2024-06-09T13:13:26","guid":{"rendered":"https:\/\/agrozone.ee\/toode\/kaliummagnesium-1-kg\/"},"modified":"2026-01-16T10:19:44","modified_gmt":"2026-01-16T08:19:44","slug":"kaliummagnesium-1-kg","status":"publish","type":"product","link":"https:\/\/agrozone.ee\/fi\/tuote\/kaliummagnesium-1-kg\/","title":{"rendered":"Kaliummagnesium 1 kg"},"content":{"rendered":"<h1 data-path-to-node=\"15\">Kaliummagnesium 1kg \u2013 Laadukkaan sadon ja makeiden hedelmien salaisuus<\/h1>\n<p data-path-to-node=\"16\">Oletko huomannut, ett\u00e4 tomaateista varisevat kukat, perunat eiv\u00e4t s\u00e4ily hyvin tai kasvien lehdet muuttuvat suonten v\u00e4list\u00e4 kellert\u00e4viksi\/ruskeiksi? N\u00e4m\u00e4 ovat selvi\u00e4 merkkej\u00e4 kaliumin tai magnesiumin puutteesta. <\/p>\n<p data-path-to-node=\"17\"><b data-path-to-node=\"17\" data-index-in-node=\"0\">Kaliummagnesium<\/b> on erityinen vesiliukoinen mineraalilannoite, joka ei ainoastaan saa kasveja kasvamaan, vaan <b data-path-to-node=\"17\" data-index-in-node=\"101\">saa ne tuottamaan satoa ja vahvistaa niiden terveytt\u00e4<\/b>. Se on korvaamaton lis\u00e4lannoite jokaiselle tosissaan olevalle puutarhurille. <\/p>\n<h3 data-path-to-node=\"18\">Miksi kasvisi tarvitsevat Kaliummagnesiumia?<\/h3>\n<ol start=\"1\" data-path-to-node=\"19\">\n<li>\n<p data-path-to-node=\"19,0,0\"><b data-path-to-node=\"19,0,0\" data-index-in-node=\"0\">Tomaatit ja kurkut (Satoisuus):<\/b><\/p>\n<ul data-path-to-node=\"19,0,1\">\n<li>\n<p data-path-to-node=\"19,0,1,0,0\">Auttaa <b data-path-to-node=\"19,0,1,0,0\" data-index-in-node=\"6\">ehk\u00e4isem\u00e4\u00e4n tomaatin kukkien varisemista<\/b>, mik\u00e4 on yleinen ongelma kasvihuoneessa.<\/p>\n<\/li>\n<li>\n<p data-path-to-node=\"19,0,1,1,0\">Edist\u00e4\u00e4 hedelmien tasaista kypsymist\u00e4 ja v\u00e4hent\u00e4\u00e4 vihre\u00e4n kannan muodostumista.<\/p>\n<\/li>\n<\/ul>\n<\/li>\n<li>\n<p data-path-to-node=\"19,1,0\"><b data-path-to-node=\"19,1,0\" data-index-in-node=\"0\">Perunat ja vihannekset (Maku ja s\u00e4ilyvyys):<\/b><\/p>\n<ul data-path-to-node=\"19,1,1\">\n<li>\n<p data-path-to-node=\"19,1,1,0,0\">Kalium on &#8220;makuelementti&#8221;. Se nostaa perunan t\u00e4rkkelyspitoisuutta ja parantaa vihannesten makuominaisuuksia. <\/p>\n<\/li>\n<li>\n<p data-path-to-node=\"19,1,1,1,0\">Vahvistaa kuorta ja parantaa sadon talvis\u00e4ilyvyytt\u00e4.<\/p>\n<\/li>\n<\/ul>\n<\/li>\n<li>\n<p data-path-to-node=\"19,2,0\"><b data-path-to-node=\"19,2,0\" data-index-in-node=\"0\">Vihre\u00e4t lehdet (Fotosynteesi):<\/b><\/p>\n<ul data-path-to-node=\"19,2,1\">\n<li>\n<p data-path-to-node=\"19,2,1,0,0\">Magnesium on klorofyllin ydin \u2013 se tekee kasveista j\u00e4lleen syv\u00e4nvihreit\u00e4 ja elinvoimaisia, ehk\u00e4isten magnesiumin puutteesta johtuvan kloroosin (lehtien laikulliseksi muuttumisen).<\/p>\n<\/li>\n<\/ul>\n<\/li>\n<li>\n<p data-path-to-node=\"19,3,0\"><b data-path-to-node=\"19,3,0\" data-index-in-node=\"0\">Viinik\u00f6ynn\u00f6kset ja ruusut (Talvenkest\u00e4vyys):<\/b><\/p>\n<ul data-path-to-node=\"19,3,1\">\n<li>\n<p data-path-to-node=\"19,3,1,0,0\">T\u00e4m\u00e4 lannoite on erinomainen <b data-path-to-node=\"19,3,1,0,0\" data-index-in-node=\"26\">syksyn apuri<\/b>. K\u00e4ytt\u00e4m\u00e4ll\u00e4 sit\u00e4 elokuussa se auttaa viinik\u00f6ynn\u00f6ksen ja ruusun varsia puutumaan, varmistaen, ett\u00e4 kasvit selvi\u00e4v\u00e4t talvesta vaurioitta. <\/p>\n<\/li>\n<\/ul>\n<\/li>\n<\/ol>\n<h3 data-path-to-node=\"20\">Nopea vaikutus<\/h3>\n<p data-path-to-node=\"21\">Ravinteet ovat lannoitteessa <b data-path-to-node=\"21\" data-index-in-node=\"22\">sulfaatteina<\/b>. T\u00e4m\u00e4 tarkoittaa, ett\u00e4 ne liukenevat nopeasti maaper\u00e4n kosteuteen ja ovat heti kasvien saatavilla \u2013 toisin kuin monet muut rakeet, jotka voivat vaikuttaa kuukausia. <\/p>\n<hr data-path-to-node=\"22\">\n<h3 data-path-to-node=\"23\">K\u00e4ytt\u00f6ohje ja annostus<\/h3>\n<p data-path-to-node=\"24\">Lannoitetta voi k\u00e4ytt\u00e4\u00e4 koko kasvukauden ajan (maaliskuusta elokuuhun), 2\u20133 kertaa kauden aikana. Levit\u00e4 rakeet tasaisesti maan pinnalle, sekoita kevyesti ja <b data-path-to-node=\"24\" data-index-in-node=\"154\">kastele<\/b>. <\/p>\n<p data-path-to-node=\"25\"><b data-path-to-node=\"25\" data-index-in-node=\"0\">Helppo mitata:<\/b><\/p>\n<ul data-path-to-node=\"26\">\n<li>\n<p data-path-to-node=\"26,0,0\">20\u201325 g = noin puoli kourallista.<\/p>\n<\/li>\n<li>\n<p data-path-to-node=\"26,1,0\">40 g = noin yksi kourallinen.<\/p>\n<\/li>\n<\/ul>\n<h4 data-path-to-node=\"27\">Tarkat annostusm\u00e4\u00e4r\u00e4t viljelykasveittain:<\/h4>\n<table data-path-to-node=\"28\">\n<thead>\n<tr>\n<td><strong>Kasvit<\/strong><\/td>\n<td><strong>Annostus (g\/m\u00b2 tai kasvia kohti)<\/strong><\/td>\n<td><strong>Suositus<\/strong><\/td>\n<\/tr>\n<\/thead>\n<tbody>\n<tr>\n<td><span data-path-to-node=\"28,1,0,0\"><b data-path-to-node=\"28,1,0,0\" data-index-in-node=\"0\">Kasvihuone<\/b> (Tomaatti, kurkku, paprika, viinik\u00f6ynn\u00f6s)<\/span><\/td>\n<td><span data-path-to-node=\"28,1,1,0\"><b data-path-to-node=\"28,1,1,0\" data-index-in-node=\"0\">30\u201340 g<\/b><\/span><\/td>\n<td><span data-path-to-node=\"28,1,2,0\">Lannoita kukinnan aikana ja hedelmien kypsymisen alussa.<\/span><\/td>\n<\/tr>\n<tr>\n<td><span data-path-to-node=\"28,2,0,0\"><b data-path-to-node=\"28,2,0,0\" data-index-in-node=\"0\">Marjakasvit<\/b> (Mansikka, vadelma, mustikka)<\/span><\/td>\n<td><span data-path-to-node=\"28,2,1,0\"><b data-path-to-node=\"28,2,1,0\" data-index-in-node=\"0\">30\u201340 g<\/b><\/span><\/td>\n<td><span data-path-to-node=\"28,2,2,0\">Parantaa marjojen makeutta.<\/span><\/td>\n<\/tr>\n<tr>\n<td><span data-path-to-node=\"28,3,0,0\"><b data-path-to-node=\"28,3,0,0\" data-index-in-node=\"0\">Avomaan vihannekset<\/b> (Peruna, kaali, sipuli)<\/span><\/td>\n<td><span data-path-to-node=\"28,3,1,0\"><b data-path-to-node=\"28,3,1,0\" data-index-in-node=\"0\">80\u2013100 g<\/b><\/span><\/td>\n<td><span data-path-to-node=\"28,3,2,0\">Perunalle eritt\u00e4in t\u00e4rke\u00e4 laadun parantaja.<\/span><\/td>\n<\/tr>\n<tr>\n<td><span data-path-to-node=\"28,4,0,0\"><b data-path-to-node=\"28,4,0,0\" data-index-in-node=\"0\">Hedelm\u00e4puut<\/b> (Omenapuut, luumarjat)<\/span><\/td>\n<td><span data-path-to-node=\"28,4,1,0\"><b data-path-to-node=\"28,4,1,0\" data-index-in-node=\"0\">40\u201360 g<\/b><\/span><\/td>\n<td><span data-path-to-node=\"28,4,2,0\">Erityisen suositeltavaa makeakirsikoille.<\/span><\/td>\n<\/tr>\n<tr>\n<td><span data-path-to-node=\"28,5,0,0\"><b data-path-to-node=\"28,5,0,0\" data-index-in-node=\"0\">Nurmikot<\/b><\/span><\/td>\n<td><span data-path-to-node=\"28,5,1,0\"><b data-path-to-node=\"28,5,1,0\" data-index-in-node=\"0\">25\u201335 g<\/b><\/span><\/td>\n<td><span data-path-to-node=\"28,5,2,0\">Antaa nurmikolle kirkkaan vihre\u00e4n v\u00e4rin.<\/span><\/td>\n<\/tr>\n<tr>\n<td><span data-path-to-node=\"28,6,0,0\"><b data-path-to-node=\"28,6,0,0\" data-index-in-node=\"0\">Puutosoireiset kasvit<\/b><\/span><\/td>\n<td><span data-path-to-node=\"28,6,1,0\"><b data-path-to-node=\"28,6,1,0\" data-index-in-node=\"0\">80\u2013100 g<\/b><\/span><\/td>\n<td><span data-path-to-node=\"28,6,2,0\">&#8220;Ensiapu&#8221; keltaisille lehdille.<\/span><\/td>\n<\/tr>\n<\/tbody>\n<\/table>\n<p>Viinik\u00f6ynn\u00f6ksen kasvattajan muistilista:<\/p>\n<p>Aloita viinik\u00f6ynn\u00f6sten lannoitus elokuussa (1\u20132 kertaa), edist\u00e4\u00e4ksesi versojen puutumista ennen pakkasia.<\/p>\n<p data-path-to-node=\"30\"><b data-path-to-node=\"30\" data-index-in-node=\"0\">Huomio:<\/b> S\u00e4ilytett\u00e4v\u00e4 lasten ja lemmikkiel\u00e4inten ulottumattomissa.<\/p>\n<p data-path-to-node=\"31\"><b data-path-to-node=\"31\" data-index-in-node=\"0\">Varmista puutarhassasi huippulaatu ja tilaa Kaliummagnesium Agrozonen verkkokaupasta!<\/b><\/p>\n","protected":false},"excerpt":{"rendered":"<ul>\n<li><span style=\"font-weight: 400;\">Sopii tomaattien, kurkkujen, perunoiden, mansikoiden,<\/span> vadelmien, herukoiden, perennojen ja kes\u00e4kukkien, puutarha- ja peltokasvien, hedelm\u00e4puiden, nurmikon, ruusujen, havupuiden ja kaikkien muiden ulko- ja kasvihuonekasvien lannoitukseen.<\/li>\n<li>Kaliummagnesium on kaliumlannoite, jossa on runsaasti magnesiumia ja rikki\u00e4.<\/li>\n<li>Ravinteet ovat lannoitteessa sulfaatteina ja ovat vesiliukoisia, joten ne ovat heti kasvien k\u00e4ytett\u00e4viss\u00e4.<\/li>\n<\/ul>\n","protected":false},"featured_media":41211,"template":"","meta":{"_acf_changed":false,"_seopress_robots_primary_cat":"none","_seopress_titles_title":"Kaliummagnesium 1kg \u2013 Herkulliset hedelm\u00e4t ja vihre\u00e4t lehdet | Agrozone","_seopress_titles_desc":"Paranna tomaattien makua ja ehk\u00e4ise lehtien kellastumista! Kaliumin ja magnesiumin rikas lannoite sopii ihanteellisesti perunalle, mansikalle ja kasvihuoneeseen. Tilaa t\u00e4st\u00e4!  ","_seopress_robots_index":"","_gspb_post_css":""},"product_brand":[],"product_cat":[2392,2438,2398,2396,2460],"product_tag":[],"class_list":{"0":"post-41208","1":"product","2":"type-product","3":"status-publish","4":"has-post-thumbnail","6":"product_cat-kaikki-luokat","7":"product_cat-lannoitteet","8":"product_cat-luonnonmukaiset-lannoitteet","9":"product_cat-luomuviljely","10":"product_cat-puutarhalannoitteet","12":"first","13":"instock","14":"featured","15":"taxable","16":"shipping-taxable","17":"purchasable","18":"product-type-simple"},"ct_brands":[],"acf":[],"_links":{"self":[{"href":"https:\/\/agrozone.ee\/fi\/wp-json\/wp\/v2\/product\/41208","targetHints":{"allow":["GET"]}}],"collection":[{"href":"https:\/\/agrozone.ee\/fi\/wp-json\/wp\/v2\/product"}],"about":[{"href":"https:\/\/agrozone.ee\/fi\/wp-json\/wp\/v2\/types\/product"}],"wp:featuredmedia":[{"embeddable":true,"href":"https:\/\/agrozone.ee\/fi\/wp-json\/wp\/v2\/media\/41211"}],"wp:attachment":[{"href":"https:\/\/agrozone.ee\/fi\/wp-json\/wp\/v2\/media?parent=41208"}],"wp:term":[{"taxonomy":"product_brand","embeddable":true,"href":"https:\/\/agrozone.ee\/fi\/wp-json\/wp\/v2\/product_brand?post=41208"},{"taxonomy":"product_cat","embeddable":true,"href":"https:\/\/agrozone.ee\/fi\/wp-json\/wp\/v2\/product_cat?post=41208"},{"taxonomy":"product_tag","embeddable":true,"href":"https:\/\/agrozone.ee\/fi\/wp-json\/wp\/v2\/product_tag?post=41208"}],"curies":[{"name":"wp","href":"https:\/\/api.w.org\/{rel}","templated":true}]}}