{"id":41212,"date":"2024-06-09T15:58:14","date_gmt":"2024-06-09T12:58:14","guid":{"rendered":"https:\/\/agrozone.ee\/toode\/mustikan-luomulannoite-1-kg\/"},"modified":"2026-04-30T07:12:32","modified_gmt":"2026-04-30T05:12:32","slug":"mustikan-luomulannoite-1-kg","status":"publish","type":"product","link":"https:\/\/agrozone.ee\/fi\/tuote\/mustikan-luomulannoite-1-kg\/","title":{"rendered":"Mustikan luomulannoite 1 kg"},"content":{"rendered":"<p data-path-to-node=\"2\">Haluatko tuoda kotipuutarhaasi aitoa mets\u00e4n tuntua ja puhtaita makuja? Pensasmustikoiden, puolukoiden ja karpaloiden kasvatus voi tuntua haastavalta, sill\u00e4 n\u00e4m\u00e4 arvokkaat marjakasvit ovat kasvualustansa suhteen eritt\u00e4in vaativia. <b data-path-to-node=\"2\" data-index-in-node=\"229\">Mustikan luomulannoite (1 kg)<\/b> on kehitetty erityisesti happaman maan marjakasvien tarpeisiin, auttaen luomaan puutarhaasi t\u00e4ydellisen ymp\u00e4rist\u00f6n, joka j\u00e4ljittelee niiden luonnollista ja elinvoimaista kasvuymp\u00e4rist\u00f6\u00e4. <\/p>\n<p data-path-to-node=\"3\"><b data-path-to-node=\"3\" data-index-in-node=\"0\">Suuremmat, makeammat ja mehukkaammat marjat<\/b> Sano hyv\u00e4stit pienille ja happamille marjoille! T\u00e4m\u00e4 taitavasti tasapainotettu <b data-path-to-node=\"3\" data-index-in-node=\"123\">luonnonmukainen lannoite<\/b> antaa kasveille juuri oikean sys\u00e4yksen, joka saa ne kasvamaan vauhdilla ja tuottamaan runsaasti uusia marjoja. Tasaisen ravinteiden vapautumisen ansiosta kehitys on vakaata koko kes\u00e4n ajan. Tuloksena on kotimainen marjasato, joka on entist\u00e4 runsaampi ja t\u00e4ynn\u00e4 aitoa, makeaa mets\u00e4n makua.   <\/p>\n<p data-path-to-node=\"4\"><b data-path-to-node=\"4\" data-index-in-node=\"0\">Puhas omatunto ja el\u00e4v\u00e4 puutarhan ekosysteemi<\/b> Nykyaikainen <b data-path-to-node=\"4\" data-index-in-node=\"55\">mustikan kasvatus<\/b> on tiiviisti sidoksissa kest\u00e4vyyteen. Meid\u00e4n 100 % kemikaalivapaa ja ekologinen tuotteemme ravitsee kasveja kuormittamatta paikallista ymp\u00e4rist\u00f6\u00e4. Samalla kun mineraalit ravitsevat pensasta, runsas orgaaninen aines tekee ihmeit\u00e4 maan alla \u2013 se parantaa mullan hedelm\u00e4llisyytt\u00e4 ja vilkastuttaa hy\u00f6dyllisten mikro-organismien toimintaa. N\u00e4in luot monimuotoisen ja itsen\u00e4isen ekosysteemin ja nautit puhtaasta sadosta tiet\u00e4en, ett\u00e4 kotipuutarhasi on t\u00e4ysin turvallinen paikka lapsille, lemmikeille ja puhtaalle pohjavedelle.   <\/p>\n<p data-path-to-node=\"5\"><b data-path-to-node=\"5\" data-index-in-node=\"0\">Helppo ja looginen annostelu<\/b> Marjapensaiden lannoitus ei ole koskaan ollut n\u00e4in helppoa. Yksi keskim\u00e4\u00e4r\u00e4inen kourallinen sis\u00e4lt\u00e4\u00e4 noin 30 grammaa luomulannoitetta, joten et tarvitse edes mittakuppeja: <\/p>\n<ul data-path-to-node=\"6\">\n<li>\n<p data-path-to-node=\"6,0,0\"><b data-path-to-node=\"6,0,0\" data-index-in-node=\"0\">Nuoret ja kasvavat taimet:<\/b> Lis\u00e4\u00e4 uudelle taimelle elinvoimaa antamaan 2 kourallista (noin 60 g\/m\u00b2).<\/p>\n<\/li>\n<li>\n<p data-path-to-node=\"6,1,0\"><b data-path-to-node=\"6,1,0\" data-index-in-node=\"0\">Elinvoimaiset ja t\u00e4ysikasvuiset pensaat:<\/b> Maksimaalisen marjasadon takaamiseksi anna suurelle kasville 3 kourallista (enint\u00e4\u00e4n 90 g\/m\u00b2).<\/p>\n<\/li>\n<li>\n<p data-path-to-node=\"6,2,0\"><b data-path-to-node=\"6,2,0\" data-index-in-node=\"0\">Ravitseva kasteluvesi:<\/b> Jos haluat lannoittaa kasvit viikoittaisen kastelun yhteydess\u00e4, liuota 150 grammaa lannoiterakeita kymmeneen litraan vett\u00e4 ja tarjoa marjapensaille nestem\u00e4ist\u00e4 ravintoa suoraan juurille.<\/p>\n<\/li>\n<\/ul>\n<p data-path-to-node=\"7\">Luo puutarhaasi oma, satoisa mets\u00e4marjojen keidas!<\/p>\n","protected":false},"excerpt":{"rendered":"<ul>\n<li>Mustikan luomulannoite on hyv\u00e4 mustikoille, puolukoille ja karpaloille.<\/li>\n<li>Tasaisesti ja pitk\u00e4vaikutteisesti vaikuttava ymp\u00e4rist\u00f6yst\u00e4v\u00e4llinen lannoite.<\/li>\n<li>Tasapainoinen lannoitus parantaa kasvien kasvua ja kehityst\u00e4, edist\u00e4\u00e4 hedelmien muodostumista ja takaa suuremman ja maukkaamman sadon.<\/li>\n<li>Orgaaniset aineet parantavat maaper\u00e4n hedelm\u00e4llisyytt\u00e4 ja el\u00e4v\u00f6itt\u00e4v\u00e4t maaper\u00e4eli\u00f6iden toimintaa.<\/li>\n<li><strong>Ei sis\u00e4ll\u00e4 kemiallisia lis\u00e4aineita.<\/strong><\/li>\n<\/ul>\n","protected":false},"featured_media":58759,"template":"","meta":{"_acf_changed":false,"_seopress_robots_primary_cat":"none","_seopress_titles_title":"Mustikan luomulannoite 1 kg | Luonnollista voimaa mets\u00e4marjoille","_seopress_titles_desc":"Kaipaatko makeita mustikoita ja karpaloita omasta puutarhastasi? 100 % luonnollinen mustikan luomulannoite takaa rehev\u00e4n kasvun ja rikkaan sadon. Tilaa Agrozoni'ista jo t\u00e4n\u00e4\u00e4n!  ","_seopress_robots_index":"","_gspb_post_css":""},"product_brand":[],"product_cat":[2392,2398,2396],"product_tag":[],"class_list":{"0":"post-41212","1":"product","2":"type-product","3":"status-publish","4":"has-post-thumbnail","6":"product_cat-kaikki-luokat","7":"product_cat-luonnonmukaiset-lannoitteet","8":"product_cat-luomuviljely","10":"first","11":"instock","12":"taxable","13":"shipping-taxable","14":"purchasable","15":"product-type-simple"},"ct_brands":[],"acf":[],"_links":{"self":[{"href":"https:\/\/agrozone.ee\/fi\/wp-json\/wp\/v2\/product\/41212","targetHints":{"allow":["GET"]}}],"collection":[{"href":"https:\/\/agrozone.ee\/fi\/wp-json\/wp\/v2\/product"}],"about":[{"href":"https:\/\/agrozone.ee\/fi\/wp-json\/wp\/v2\/types\/product"}],"wp:featuredmedia":[{"embeddable":true,"href":"https:\/\/agrozone.ee\/fi\/wp-json\/wp\/v2\/media\/58759"}],"wp:attachment":[{"href":"https:\/\/agrozone.ee\/fi\/wp-json\/wp\/v2\/media?parent=41212"}],"wp:term":[{"taxonomy":"product_brand","embeddable":true,"href":"https:\/\/agrozone.ee\/fi\/wp-json\/wp\/v2\/product_brand?post=41212"},{"taxonomy":"product_cat","embeddable":true,"href":"https:\/\/agrozone.ee\/fi\/wp-json\/wp\/v2\/product_cat?post=41212"},{"taxonomy":"product_tag","embeddable":true,"href":"https:\/\/agrozone.ee\/fi\/wp-json\/wp\/v2\/product_tag?post=41212"}],"curies":[{"name":"wp","href":"https:\/\/api.w.org\/{rel}","templated":true}]}}