{"id":41216,"date":"2024-06-09T15:58:14","date_gmt":"2024-06-09T12:58:14","guid":{"rendered":"https:\/\/agrozone.ee\/toode\/mansikan-ja-marjojen-luomulannoite-1-kg\/"},"modified":"2025-12-09T09:41:49","modified_gmt":"2025-12-09T07:41:49","slug":"mansikan-ja-marjojen-luomulannoite-1-kg","status":"publish","type":"product","link":"https:\/\/agrozone.ee\/fi\/tuote\/mansikan-ja-marjojen-luomulannoite-1-kg\/","title":{"rendered":"Mansikan ja marjojen luomulannoite 1 kg"},"content":{"rendered":"<ul>\n<li>Mansikan ja marjojen luomulannoite sopii mansikoille, vadelmille, karviaisille, punaisille ja valkoisille herukoille.<\/li>\n<li>Tasaisesti ja pitk\u00e4vaikutteisesti vaikuttava ymp\u00e4rist\u00f6yst\u00e4v\u00e4llinen lannoite.<\/li>\n<li>Tasapainoinen lannoitus edist\u00e4\u00e4 kukintaa ja hedelm\u00f6ityst\u00e4, lis\u00e4\u00e4 satoa ja pident\u00e4\u00e4 hedelm\u00e4kautta.<\/li>\n<li>Kalium nopeuttaa hedelmien kypsymist\u00e4, lis\u00e4\u00e4 kasvien kylm\u00e4nkest\u00e4vyytt\u00e4 ja vastustuskyky\u00e4 tauteja vastaan.<\/li>\n<li>Orgaaniset aineet parantavat maaper\u00e4n hedelm\u00e4llisyytt\u00e4 ja el\u00e4v\u00f6itt\u00e4v\u00e4t maaper\u00e4eli\u00f6iden toimintaa.<\/li>\n<li><strong>Ei sis\u00e4ll\u00e4 kemiallisia lis\u00e4aineita.<\/strong><\/li>\n<\/ul>\n<h3>K\u00e4ytt\u00f6ohjeet<\/h3>\n<ul>\n<li>Mansikantaimien istutuksessa 80 g\/m\u00b2 eli 2\u20133 kourallista \u2248 13 tainta.<\/li>\n<li>Herukat, vadelma, karviainen, tyrni, aronia \u2013 90\u2013160 g\/m\u00b2 eli 2\u20135 kourallista \u2248 7\u201312 tainta. 30 g \u2248 kourallinen.<\/li>\n<\/ul>\n","protected":false},"excerpt":{"rendered":"<ul>\n<li>Mansikan ja marjojen luomulannoite sopii mansikoille, vadelmille, karviaisille, punaisille ja valkoisille herukoille.<\/li>\n<li>Tasaisesti ja pitk\u00e4vaikutteisesti vaikuttava ymp\u00e4rist\u00f6yst\u00e4v\u00e4llinen lannoite.<\/li>\n<li>Tasapainoinen lannoitus edist\u00e4\u00e4 kukintaa ja hedelm\u00f6ityst\u00e4, lis\u00e4\u00e4 satoa ja pident\u00e4\u00e4 hedelm\u00e4kautta.<\/li>\n<li>Kalium nopeuttaa hedelmien kypsymist\u00e4, lis\u00e4\u00e4 kasvien kylm\u00e4nkest\u00e4vyytt\u00e4 ja vastustuskyky\u00e4 tauteja vastaan.<\/li>\n<li>Orgaaniset aineet parantavat maaper\u00e4n hedelm\u00e4llisyytt\u00e4 ja el\u00e4v\u00f6itt\u00e4v\u00e4t maaper\u00e4eli\u00f6iden toimintaa.<\/li>\n<li><strong>Ei sis\u00e4ll\u00e4 kemiallisia lis\u00e4aineita.<\/strong><\/li>\n<\/ul>\n","protected":false},"featured_media":41218,"template":"","meta":{"_acf_changed":false,"_seopress_robots_primary_cat":"","_seopress_titles_title":"","_seopress_titles_desc":"Mansikan ja marjojen luomulannoite sopii mansikoille, vadelmille, karviaisille, punaisille ja valkoisille herukoille.","_seopress_robots_index":"","_gspb_post_css":""},"product_brand":[],"product_cat":[2392,2398,2396],"product_tag":[],"class_list":{"0":"post-41216","1":"product","2":"type-product","3":"status-publish","4":"has-post-thumbnail","6":"product_cat-kaikki-luokat","7":"product_cat-luonnonmukaiset-lannoitteet","8":"product_cat-luomuviljely","10":"first","11":"instock","12":"taxable","13":"shipping-taxable","14":"purchasable","15":"product-type-simple"},"ct_brands":[],"acf":[],"_links":{"self":[{"href":"https:\/\/agrozone.ee\/fi\/wp-json\/wp\/v2\/product\/41216","targetHints":{"allow":["GET"]}}],"collection":[{"href":"https:\/\/agrozone.ee\/fi\/wp-json\/wp\/v2\/product"}],"about":[{"href":"https:\/\/agrozone.ee\/fi\/wp-json\/wp\/v2\/types\/product"}],"wp:featuredmedia":[{"embeddable":true,"href":"https:\/\/agrozone.ee\/fi\/wp-json\/wp\/v2\/media\/41218"}],"wp:attachment":[{"href":"https:\/\/agrozone.ee\/fi\/wp-json\/wp\/v2\/media?parent=41216"}],"wp:term":[{"taxonomy":"product_brand","embeddable":true,"href":"https:\/\/agrozone.ee\/fi\/wp-json\/wp\/v2\/product_brand?post=41216"},{"taxonomy":"product_cat","embeddable":true,"href":"https:\/\/agrozone.ee\/fi\/wp-json\/wp\/v2\/product_cat?post=41216"},{"taxonomy":"product_tag","embeddable":true,"href":"https:\/\/agrozone.ee\/fi\/wp-json\/wp\/v2\/product_tag?post=41216"}],"curies":[{"name":"wp","href":"https:\/\/api.w.org\/{rel}","templated":true}]}}