{"id":41217,"date":"2024-06-09T15:58:14","date_gmt":"2024-06-09T12:58:14","guid":{"rendered":"https:\/\/agrozone.ee\/toode\/ruusun-luomulannoite-1-kg\/"},"modified":"2025-12-09T09:41:49","modified_gmt":"2025-12-09T07:41:49","slug":"ruusun-luomulannoite-1-kg","status":"publish","type":"product","link":"https:\/\/agrozone.ee\/fi\/tuote\/ruusun-luomulannoite-1-kg\/","title":{"rendered":"Ruusun luomulannoite 1 kg"},"content":{"rendered":"<ul>\n<li>Ruusun luomulannoite.<\/li>\n<li>Tasaisesti ja pitk\u00e4vaikutteisesti vaikuttava ymp\u00e4rist\u00f6yst\u00e4v\u00e4llinen lannoite.<\/li>\n<li>Tasapainoinen lannoitus edist\u00e4\u00e4 uusien kukkanuppujen muodostumista, nopeuttaa kukinnan alkamista, varmistaa kirkkaan kukkav\u00e4rin sek\u00e4 runsaan ja pitk\u00e4aikaisen kukinnan.<\/li>\n<li>Sopii kaikille kukkiville kasveille.<\/li>\n<li>Orgaaniset aineet parantavat maaper\u00e4n hedelm\u00e4llisyytt\u00e4 ja el\u00e4v\u00f6itt\u00e4v\u00e4t maaper\u00e4eli\u00f6iden toimintaa.<\/li>\n<li><strong>Ei sis\u00e4ll\u00e4 kemiallisia lis\u00e4aineita.<\/strong><\/li>\n<li>NPK 4,5-2,5-8<\/li>\n<\/ul>\n<h3>K\u00e4ytt\u00f6ohjeet<\/h3>\n<ul>\n<li>90\u2013120 g\/m\u00b2 eli 3 kourallista nuorelle kasville tai 4 kourallista t\u00e4ysikasvuiselle kasville.<\/li>\n<li>Kasteluvedeksi laimenna 150 g rakeita 10 litraan vett\u00e4.<\/li>\n<li>30 g \u2248 kourallinen.<\/li>\n<\/ul>\n","protected":false},"excerpt":{"rendered":"<ul>\n<li>Ruusun luomulannoite<\/li>\n<li>Tasaisesti ja pitk\u00e4vaikutteisesti vaikuttava ymp\u00e4rist\u00f6yst\u00e4v\u00e4llinen lannoite.<\/li>\n<li>Tasapainoinen lannoitus edist\u00e4\u00e4 uusien kukkanuppujen muodostumista, nopeuttaa kukinnan alkamista, varmistaa kirkkaan kukkav\u00e4rin sek\u00e4 runsaan ja pitk\u00e4aikaisen kukinnan.<\/li>\n<li>Sopii kaikille kukkiville kasveille.<\/li>\n<li>Orgaaniset aineet parantavat maaper\u00e4n hedelm\u00e4llisyytt\u00e4 ja el\u00e4v\u00f6itt\u00e4v\u00e4t maaper\u00e4eli\u00f6iden toimintaa.<\/li>\n<li><strong>Ei sis\u00e4ll\u00e4 kemiallisia lis\u00e4aineita.<\/strong><\/li>\n<\/ul>\n","protected":false},"featured_media":41219,"template":"","meta":{"_acf_changed":false,"_seopress_robots_primary_cat":"","_seopress_titles_title":"","_seopress_titles_desc":"Ruusun luomulannoite. Tasaisesti ja pitk\u00e4vaikutteisesti vaikuttava ymp\u00e4rist\u00f6yst\u00e4v\u00e4llinen lannoite. Sopii kaikille kukkiville kasveille. Ei sis\u00e4ll\u00e4 kemiallisia lis\u00e4aineita.","_seopress_robots_index":"","_gspb_post_css":""},"product_brand":[],"product_cat":[2392,2398,2396],"product_tag":[],"class_list":{"0":"post-41217","1":"product","2":"type-product","3":"status-publish","4":"has-post-thumbnail","6":"product_cat-kaikki-luokat","7":"product_cat-luonnonmukaiset-lannoitteet","8":"product_cat-luomuviljely","10":"first","11":"instock","12":"taxable","13":"shipping-taxable","14":"purchasable","15":"product-type-simple"},"ct_brands":[],"acf":[],"_links":{"self":[{"href":"https:\/\/agrozone.ee\/fi\/wp-json\/wp\/v2\/product\/41217","targetHints":{"allow":["GET"]}}],"collection":[{"href":"https:\/\/agrozone.ee\/fi\/wp-json\/wp\/v2\/product"}],"about":[{"href":"https:\/\/agrozone.ee\/fi\/wp-json\/wp\/v2\/types\/product"}],"wp:featuredmedia":[{"embeddable":true,"href":"https:\/\/agrozone.ee\/fi\/wp-json\/wp\/v2\/media\/41219"}],"wp:attachment":[{"href":"https:\/\/agrozone.ee\/fi\/wp-json\/wp\/v2\/media?parent=41217"}],"wp:term":[{"taxonomy":"product_brand","embeddable":true,"href":"https:\/\/agrozone.ee\/fi\/wp-json\/wp\/v2\/product_brand?post=41217"},{"taxonomy":"product_cat","embeddable":true,"href":"https:\/\/agrozone.ee\/fi\/wp-json\/wp\/v2\/product_cat?post=41217"},{"taxonomy":"product_tag","embeddable":true,"href":"https:\/\/agrozone.ee\/fi\/wp-json\/wp\/v2\/product_tag?post=41217"}],"curies":[{"name":"wp","href":"https:\/\/api.w.org\/{rel}","templated":true}]}}