{"id":41220,"date":"2024-06-09T15:57:52","date_gmt":"2024-06-09T12:57:52","guid":{"rendered":"https:\/\/agrozone.ee\/toode\/luomuinen-nestemainen-lannoite-vihanneksille-350-ml\/"},"modified":"2025-12-09T09:42:03","modified_gmt":"2025-12-09T07:42:03","slug":"luomuinen-nestemainen-lannoite-vihanneksille-350-ml","status":"publish","type":"product","link":"https:\/\/agrozone.ee\/fi\/tuote\/luomuinen-nestemainen-lannoite-vihanneksille-350-ml\/","title":{"rendered":"Luomuinen nestem\u00e4inen lannoite vihanneksille 350 ml"},"content":{"rendered":"<p><strong>Luomuinen nestem\u00e4inen lannoite vihanneksille 350 ml<\/strong><\/p>\n<ul>\n<li>Puutarha- ja vihanneskasvien luomulannoite.<\/li>\n<li>Kasviper\u00e4inen lannoitetiiviste, ilman mineraalisia tai el\u00e4inper\u00e4isi\u00e4 lis\u00e4aineita.<\/li>\n<li>Lannoite vaikuttaa sek\u00e4 lehtien ett\u00e4 juurien kautta.<\/li>\n<li>Lannoitteen k\u00e4ytt\u00f6 lis\u00e4\u00e4 satoa ja takaa lajikkeelle ominaisen kukkien ja hedelmien aromin ja maun.<\/li>\n<\/ul>\n<h4>K\u00e4ytt\u00f6ohjeet<\/h4>\n<ul>\n<li>Ravista hyvin ennen k\u00e4ytt\u00f6\u00e4.<\/li>\n<li>Lis\u00e4\u00e4 10 ml nestem\u00e4ist\u00e4 lannoitetta 1 litraan vett\u00e4 kerran viikossa.<\/li>\n<li>K\u00e4yt\u00e4 lannoiteliuos heti, \u00e4l\u00e4 j\u00e4t\u00e4 seisomaan.<\/li>\n<\/ul>\n<h4>S\u00e4ilytys<\/h4>\n<ul>\n<li>S\u00e4ilyt\u00e4 lasten ja lemmikkiel\u00e4inten ulottumattomissa.<\/li>\n<li>S\u00e4ilytysl\u00e4mp\u00f6tila +2 \u00b0C \u2013 +40 \u00b0C.<\/li>\n<\/ul>\n","protected":false},"excerpt":{"rendered":"<ul>\n<li>100 % kasviper\u00e4inen.<\/li>\n<li>Enemm\u00e4n satoa.<\/li>\n<li>Enemm\u00e4n makua.<\/li>\n<li>350 ml = 35 l lannoiteliuosta.<\/li>\n<li>Puutarha- ja vihanneskasvien luomulannoite.<\/li>\n<li>Kasviper\u00e4inen lannoitetiiviste, ilman mineraalisia tai el\u00e4inper\u00e4isi\u00e4 lis\u00e4aineita.<\/li>\n<li>Lannoite vaikuttaa sek\u00e4 lehtien ett\u00e4 juurien kautta.<\/li>\n<li>Lannoitteen k\u00e4ytt\u00f6 lis\u00e4\u00e4 satoa ja takaa lajikkeelle ominaisen kukkien ja hedelmien aromin ja maun.<\/li>\n<\/ul>\n","protected":false},"featured_media":41222,"template":"","meta":{"_acf_changed":false,"_seopress_robots_primary_cat":"","_seopress_titles_title":"","_seopress_titles_desc":"Luomuinen nestem\u00e4inen lannoite vihanneksille 350 ml - Puutarha- ja vihanneskasvien luomulannoite. Kasviper\u00e4inen lannoitetiiviste, ilman mineraalisia tai el\u00e4inper\u00e4isi\u00e4 lis\u00e4aineita. ","_seopress_robots_index":"","_gspb_post_css":""},"product_brand":[],"product_cat":[2392,2438,2398,2468,2396],"product_tag":[],"class_list":{"0":"post-41220","1":"product","2":"type-product","3":"status-publish","4":"has-post-thumbnail","6":"product_cat-kaikki-luokat","7":"product_cat-lannoitteet","8":"product_cat-luonnonmukaiset-lannoitteet","9":"product_cat-nestemainen-lannoite","10":"product_cat-luomuviljely","12":"first","13":"instock","14":"taxable","15":"shipping-taxable","16":"purchasable","17":"product-type-simple"},"ct_brands":[],"acf":[],"_links":{"self":[{"href":"https:\/\/agrozone.ee\/fi\/wp-json\/wp\/v2\/product\/41220","targetHints":{"allow":["GET"]}}],"collection":[{"href":"https:\/\/agrozone.ee\/fi\/wp-json\/wp\/v2\/product"}],"about":[{"href":"https:\/\/agrozone.ee\/fi\/wp-json\/wp\/v2\/types\/product"}],"wp:featuredmedia":[{"embeddable":true,"href":"https:\/\/agrozone.ee\/fi\/wp-json\/wp\/v2\/media\/41222"}],"wp:attachment":[{"href":"https:\/\/agrozone.ee\/fi\/wp-json\/wp\/v2\/media?parent=41220"}],"wp:term":[{"taxonomy":"product_brand","embeddable":true,"href":"https:\/\/agrozone.ee\/fi\/wp-json\/wp\/v2\/product_brand?post=41220"},{"taxonomy":"product_cat","embeddable":true,"href":"https:\/\/agrozone.ee\/fi\/wp-json\/wp\/v2\/product_cat?post=41220"},{"taxonomy":"product_tag","embeddable":true,"href":"https:\/\/agrozone.ee\/fi\/wp-json\/wp\/v2\/product_tag?post=41220"}],"curies":[{"name":"wp","href":"https:\/\/api.w.org\/{rel}","templated":true}]}}