{"id":41225,"date":"2024-06-09T15:56:46","date_gmt":"2024-06-09T12:56:46","guid":{"rendered":"https:\/\/agrozone.ee\/toode\/havupuiden-luomulannoite-1-kg\/"},"modified":"2025-12-09T09:42:01","modified_gmt":"2025-12-09T07:42:01","slug":"havupuiden-luomulannoite-1-kg","status":"publish","type":"product","link":"https:\/\/agrozone.ee\/fi\/tuote\/havupuiden-luomulannoite-1-kg\/","title":{"rendered":"Havupuiden luomulannoite 1 kg"},"content":{"rendered":"<ul>\n<li>Havupuiden luomulannoite sopii tuijille, m\u00e4nnyille, katajille, kuuselle ja muille havupuukasveille.<\/li>\n<li>Tasaisesti ja pitk\u00e4vaikutteisesti vaikuttava ymp\u00e4rist\u00f6yst\u00e4v\u00e4llinen lannoite.<\/li>\n<li>Tasapainoinen lannoitus edist\u00e4\u00e4 kasvua ja vahvistaa kasveja.<\/li>\n<li>Lannoitteessa oleva magnesium, joka on osa klorofylli\u00e4, vaikuttaa merkitt\u00e4v\u00e4sti neulasten vihre\u00e4\u00e4n v\u00e4riin.<\/li>\n<li>Orgaaniset aineet parantavat maaper\u00e4n hedelm\u00e4llisyytt\u00e4 ja el\u00e4v\u00f6itt\u00e4v\u00e4t hy\u00f6dyllisten maaper\u00e4eli\u00f6iden toimintaa, jotka auttavat havupuita ottamaan ravinteita paremmin maaper\u00e4st\u00e4.<\/li>\n<li><strong>Ei sis\u00e4ll\u00e4 kemiallisia lis\u00e4aineita.<\/strong><\/li>\n<\/ul>\n<h3>K\u00e4ytt\u00f6ohjeet<\/h3>\n<ul>\n<li>60\u201390 g\/m\u00b2 eli 2 kourallista nuorelle kasville tai 3 kourallista t\u00e4ysikasvuiselle kasville.<\/li>\n<li>Kasteluvedeksi laimenna 150 g rakeita 10 litraan vett\u00e4.<\/li>\n<li>30 g \u2248 kourallinen.<\/li>\n<\/ul>\n","protected":false},"excerpt":{"rendered":"<ul>\n<li>Havupuiden luomulannoite sopii tuijille, m\u00e4nnyille, katajille, kuuselle ja muille havupuukasveille.<\/li>\n<li>Tasaisesti ja pitk\u00e4vaikutteisesti vaikuttava ymp\u00e4rist\u00f6yst\u00e4v\u00e4llinen lannoite.<\/li>\n<li>Tasapainoinen lannoitus edist\u00e4\u00e4 kasvua ja vahvistaa kasveja.<\/li>\n<li>Lannoitteessa oleva magnesium, joka on osa klorofylli\u00e4, vaikuttaa merkitt\u00e4v\u00e4sti neulasten vihre\u00e4\u00e4n v\u00e4riin.<\/li>\n<li><strong>Ei sis\u00e4ll\u00e4 kemiallisia lis\u00e4aineita.<\/strong><\/li>\n<\/ul>\n","protected":false},"featured_media":41227,"template":"","meta":{"_acf_changed":false,"_seopress_robots_primary_cat":"","_seopress_titles_title":"","_seopress_titles_desc":"Havupuiden luomulannoite sopii tuijille, m\u00e4nnyille, katajille, kuuselle ja muille havupuukasveille. Tasaisesti ja pitk\u00e4vaikutteisesti vaikuttava ymp\u00e4rist\u00f6yst\u00e4v\u00e4llinen lannoite.","_seopress_robots_index":"","_gspb_post_css":""},"product_brand":[],"product_cat":[2392,2398,2396],"product_tag":[],"class_list":{"0":"post-41225","1":"product","2":"type-product","3":"status-publish","4":"has-post-thumbnail","6":"product_cat-kaikki-luokat","7":"product_cat-luonnonmukaiset-lannoitteet","8":"product_cat-luomuviljely","10":"first","11":"instock","12":"taxable","13":"shipping-taxable","14":"purchasable","15":"product-type-simple"},"ct_brands":[],"acf":[],"_links":{"self":[{"href":"https:\/\/agrozone.ee\/fi\/wp-json\/wp\/v2\/product\/41225","targetHints":{"allow":["GET"]}}],"collection":[{"href":"https:\/\/agrozone.ee\/fi\/wp-json\/wp\/v2\/product"}],"about":[{"href":"https:\/\/agrozone.ee\/fi\/wp-json\/wp\/v2\/types\/product"}],"wp:featuredmedia":[{"embeddable":true,"href":"https:\/\/agrozone.ee\/fi\/wp-json\/wp\/v2\/media\/41227"}],"wp:attachment":[{"href":"https:\/\/agrozone.ee\/fi\/wp-json\/wp\/v2\/media?parent=41225"}],"wp:term":[{"taxonomy":"product_brand","embeddable":true,"href":"https:\/\/agrozone.ee\/fi\/wp-json\/wp\/v2\/product_brand?post=41225"},{"taxonomy":"product_cat","embeddable":true,"href":"https:\/\/agrozone.ee\/fi\/wp-json\/wp\/v2\/product_cat?post=41225"},{"taxonomy":"product_tag","embeddable":true,"href":"https:\/\/agrozone.ee\/fi\/wp-json\/wp\/v2\/product_tag?post=41225"}],"curies":[{"name":"wp","href":"https:\/\/api.w.org\/{rel}","templated":true}]}}