{"id":41226,"date":"2024-06-09T15:59:41","date_gmt":"2024-06-09T13:59:41","guid":{"rendered":"https:\/\/agrozone.ee\/toode\/vihrea-saippua-500ml-orto\/"},"modified":"2024-06-09T15:59:41","modified_gmt":"2024-06-09T13:59:41","slug":"vihrea-saippua-500ml-orto","status":"publish","type":"product","link":"https:\/\/agrozone.ee\/fi\/tuote\/vihrea-saippua-500ml-orto\/","title":{"rendered":"Vihre\u00e4 saippua 500ml Orto"},"content":{"rendered":"<p>Nestem\u00e4ist\u00e4 vihre\u00e4\u00e4 saippuaa k\u00e4ytet\u00e4\u00e4n kasvien hoitoaineena ja kasvinsuojeluaineiden liuosten tarttuvuuden lis\u00e4\u00e4miseen. Kasveja voi sy\u00f6d\u00e4 7 p\u00e4iv\u00e4n kuluttua ruiskutuksesta. Sopii hyvin puhdistusaineeksi. K\u00e4yt\u00e4 vedenkest\u00e4vien pintojen puhdistukseen, tekstiilien pesuun.   <\/p>\n<p>&nbsp;<\/p>\n<h3>K\u00e4ytt\u00f6ohjeet<\/h3>\n<p>Levit\u00e4 saippua puhdistettavalle pinnalle, puhdista ja huuhtele puhtaalla vedell\u00e4. Vihre\u00e4n saippuan liuos kasvien hoitoon: Liuota 100\u2013500 ml tiivistett\u00e4 10 litraan vett\u00e4. Puhdistusaineena k\u00e4ytett\u00e4ess\u00e4 liuota 200 ml tiivistett\u00e4 10 litraan vett\u00e4.  <\/p>\n","protected":false},"excerpt":{"rendered":"<p>Nestem\u00e4ist\u00e4 vihre\u00e4\u00e4 saippuaa k\u00e4ytet\u00e4\u00e4n kasvien hoitoaineena ja kasvinsuojeluaineiden liuosten tarttuvuuden lis\u00e4\u00e4miseen. Kasveja voi sy\u00f6d\u00e4 7 p\u00e4iv\u00e4n kuluttua ruiskutuksesta. Sopii hyvin puhdistusaineeksi. K\u00e4yt\u00e4 vedenkest\u00e4vien pintojen puhdistukseen, tekstiilien pesuun.   <\/p>\n","protected":false},"featured_media":41228,"template":"","meta":{"_acf_changed":false,"_seopress_robots_primary_cat":"","_seopress_titles_title":"","_seopress_titles_desc":"","_seopress_robots_index":"","_gspb_post_css":""},"product_brand":[],"product_cat":[2392,2361,2396,2356,2360],"product_tag":[],"class_list":{"0":"post-41226","1":"product","2":"type-product","3":"status-publish","4":"has-post-thumbnail","6":"product_cat-kaikki-luokat","7":"product_cat-kasvinsuojeluaineet","8":"product_cat-luomuviljely","9":"product_cat-puutarhan-ja-kasvien-suojelu","10":"product_cat-kasvintuholaisten-torjunta","12":"first","13":"instock","14":"taxable","15":"shipping-taxable","16":"purchasable","17":"product-type-simple"},"ct_brands":[],"acf":[],"_links":{"self":[{"href":"https:\/\/agrozone.ee\/fi\/wp-json\/wp\/v2\/product\/41226","targetHints":{"allow":["GET"]}}],"collection":[{"href":"https:\/\/agrozone.ee\/fi\/wp-json\/wp\/v2\/product"}],"about":[{"href":"https:\/\/agrozone.ee\/fi\/wp-json\/wp\/v2\/types\/product"}],"wp:featuredmedia":[{"embeddable":true,"href":"https:\/\/agrozone.ee\/fi\/wp-json\/wp\/v2\/media\/41228"}],"wp:attachment":[{"href":"https:\/\/agrozone.ee\/fi\/wp-json\/wp\/v2\/media?parent=41226"}],"wp:term":[{"taxonomy":"product_brand","embeddable":true,"href":"https:\/\/agrozone.ee\/fi\/wp-json\/wp\/v2\/product_brand?post=41226"},{"taxonomy":"product_cat","embeddable":true,"href":"https:\/\/agrozone.ee\/fi\/wp-json\/wp\/v2\/product_cat?post=41226"},{"taxonomy":"product_tag","embeddable":true,"href":"https:\/\/agrozone.ee\/fi\/wp-json\/wp\/v2\/product_tag?post=41226"}],"curies":[{"name":"wp","href":"https:\/\/api.w.org\/{rel}","templated":true}]}}