{"id":41229,"date":"2024-06-09T15:50:11","date_gmt":"2024-06-09T13:50:11","guid":{"rendered":"https:\/\/agrozone.ee\/toode\/hortensioiden-luomulannoite-1-kg\/"},"modified":"2025-05-24T06:14:19","modified_gmt":"2025-05-24T04:14:19","slug":"hortensioiden-luomulannoite-1-kg","status":"publish","type":"product","link":"https:\/\/agrozone.ee\/fi\/tuote\/hortensioiden-luomulannoite-1-kg\/","title":{"rendered":"Hortensioiden luomulannoite 1 kg"},"content":{"rendered":"<p><strong>Hortensioiden luomulannoite 1 kg<\/strong><\/p>\n<ul>\n<li>Hortensioiden luomulannoite edist\u00e4\u00e4 kasvien parempaa juurtumista, nopeuttaa kasvua ja varmistaa runsaamman kukinnan.<\/li>\n<li>Tasaisesti ja pitk\u00e4vaikutteisesti vaikuttava ymp\u00e4rist\u00f6yst\u00e4v\u00e4llinen lannoite.<\/li>\n<li>Tasapainoinen lannoitus auttaa kasvia juurtumaan paremmin, nopeuttaa kasvua ja varmistaa runsaamman kukinnan.<\/li>\n<li>Lannoitteessa oleva kalium auttaa kasvia puutumaan paremmin ja tekee siit\u00e4 kest\u00e4v\u00e4mm\u00e4n talvea vastaan.<\/li>\n<li>Orgaaniset aineet parantavat maaper\u00e4n hedelm\u00e4llisyytt\u00e4 ja el\u00e4v\u00f6itt\u00e4v\u00e4t maaper\u00e4eli\u00f6iden toimintaa.<\/li>\n<li><strong>Ei sis\u00e4ll\u00e4 kemiallisia lis\u00e4aineita.<\/strong><\/li>\n<\/ul>\n<h3>K\u00e4ytt\u00f6ohjeet<\/h3>\n<ul>\n<li>90\u2013120 g\/m\u00b2 eli 3 kourallista nuorelle kasville tai 4 kourallista t\u00e4ysikasvuiselle kasville.<\/li>\n<li>Kasteluvedeksi laimenna 150 g rakeita 10 litraan vett\u00e4.<\/li>\n<li>30 g \u2248 kourallinen.<\/li>\n<\/ul>\n","protected":false},"excerpt":{"rendered":"<ul>\n<li>Hortensioiden luomulannoite edist\u00e4\u00e4 kasvien parempaa juurtumista, nopeuttaa kasvua ja varmistaa runsaamman kukinnan.<\/li>\n<li>Tasaisesti ja pitk\u00e4vaikutteisesti vaikuttava ymp\u00e4rist\u00f6yst\u00e4v\u00e4llinen lannoite.<\/li>\n<li>Tasapainoinen lannoitus auttaa kasvia juurtumaan paremmin, nopeuttaa kasvua ja varmistaa runsaamman kukinnan.<\/li>\n<li>Lannoitteessa oleva kalium auttaa kasvia puutumaan paremmin ja tekee siit\u00e4 kest\u00e4v\u00e4mm\u00e4n talvea vastaan.<\/li>\n<li>Orgaaniset aineet parantavat maaper\u00e4n hedelm\u00e4llisyytt\u00e4 ja el\u00e4v\u00f6itt\u00e4v\u00e4t maaper\u00e4eli\u00f6iden toimintaa.<\/li>\n<li><strong>Ei sis\u00e4ll\u00e4 kemiallisia lis\u00e4aineita.<\/strong><\/li>\n<\/ul>\n","protected":false},"featured_media":41231,"template":"","meta":{"_acf_changed":false,"_seopress_robots_primary_cat":"","_seopress_titles_title":"","_seopress_titles_desc":"Hortensioiden luomulannoite edist\u00e4\u00e4 kasvien parempaa juurtumista, nopeuttaa kasvua ja varmistaa runsaamman kukinnan. Ei sis\u00e4ll\u00e4 kemiallisia lis\u00e4aineita. ","_seopress_robots_index":"","_gspb_post_css":""},"product_brand":[],"product_cat":[2392,2398,2396],"product_tag":[],"class_list":{"0":"post-41229","1":"product","2":"type-product","3":"status-publish","4":"has-post-thumbnail","6":"product_cat-kaikki-luokat","7":"product_cat-luonnonmukaiset-lannoitteet","8":"product_cat-luomuviljely","10":"first","11":"instock","12":"taxable","13":"shipping-taxable","14":"purchasable","15":"product-type-simple"},"ct_brands":[],"acf":[],"_links":{"self":[{"href":"https:\/\/agrozone.ee\/fi\/wp-json\/wp\/v2\/product\/41229","targetHints":{"allow":["GET"]}}],"collection":[{"href":"https:\/\/agrozone.ee\/fi\/wp-json\/wp\/v2\/product"}],"about":[{"href":"https:\/\/agrozone.ee\/fi\/wp-json\/wp\/v2\/types\/product"}],"wp:featuredmedia":[{"embeddable":true,"href":"https:\/\/agrozone.ee\/fi\/wp-json\/wp\/v2\/media\/41231"}],"wp:attachment":[{"href":"https:\/\/agrozone.ee\/fi\/wp-json\/wp\/v2\/media?parent=41229"}],"wp:term":[{"taxonomy":"product_brand","embeddable":true,"href":"https:\/\/agrozone.ee\/fi\/wp-json\/wp\/v2\/product_brand?post=41229"},{"taxonomy":"product_cat","embeddable":true,"href":"https:\/\/agrozone.ee\/fi\/wp-json\/wp\/v2\/product_cat?post=41229"},{"taxonomy":"product_tag","embeddable":true,"href":"https:\/\/agrozone.ee\/fi\/wp-json\/wp\/v2\/product_tag?post=41229"}],"curies":[{"name":"wp","href":"https:\/\/api.w.org\/{rel}","templated":true}]}}