{"id":41233,"date":"2024-06-09T16:01:53","date_gmt":"2024-06-09T14:01:53","guid":{"rendered":"https:\/\/agrozone.ee\/toode\/hyonteisverkko-kasveille-22-x-10-m\/"},"modified":"2025-03-06T09:17:16","modified_gmt":"2025-03-06T07:17:16","slug":"hyonteisverkko-kasveille-22-x-10-m","status":"publish","type":"product","link":"https:\/\/agrozone.ee\/fi\/tuote\/hyonteisverkko-kasveille-22-x-10-m\/","title":{"rendered":"Taimien hy\u00f6nteisverkko 2.2\u00d710 m"},"content":{"rendered":"<p data-sourcepos=\"7:1-7:213\">Suojaa vihanneksiasi tuholaisilta tehokkaalla hy\u00f6nteisverkolla! T\u00e4m\u00e4 kest\u00e4v\u00e4 valkoinen hy\u00f6nteisverkko on valmistettu korkealaatuisesta polyamidikankaasta (180 mikronia), joka takaa pitk\u00e4aikaisen suojan erilaisia \u200b\u200bkasvien tuholaisia \u200b\u200bvastaan. <\/p>\n<p data-sourcepos=\"9:1-9:13\"><strong>Ominaisuudet:<\/strong><\/p>\n<ul data-sourcepos=\"11:1-17:0\">\n<li data-sourcepos=\"11:1-11:97\"><strong>Tehokas suoja:<\/strong> Pit\u00e4\u00e4 loitolla tuholaisia, kuten kirvoja, kaaliperhosia, porkkanak\u00e4rp\u00e4si\u00e4 ja muita.<\/li>\n<li data-sourcepos=\"12:1-12:107\"><strong>Laadukas materiaali:<\/strong> Valmistettu vahvasta polyamidikankaasta, joka kest\u00e4\u00e4 hyvin s\u00e4\u00e4olosuhteita.<\/li>\n<li data-sourcepos=\"13:1-13:108\"><strong>Ilman ja veden l\u00e4p\u00e4isevyys:<\/strong> L\u00e4p\u00e4isee ilmaa ja vett\u00e4, varmistaen kasveille tarvittavan ilmanvaihdon ja kosteuden.<\/li>\n<li data-sourcepos=\"14:1-14:74\"><strong>Mitat:<\/strong> 2,2\u00d710 metri\u00e4, sopii erikokoisten penkkien peitt\u00e4miseen.<\/li>\n<li data-sourcepos=\"15:1-15:74\"><strong>Ymp\u00e4rist\u00f6yst\u00e4v\u00e4llinen:<\/strong> V\u00e4hent\u00e4\u00e4 kemiallisten torjunta-aineiden k\u00e4ytt\u00f6tarvetta.<\/li>\n<li data-sourcepos=\"16:1-17:0\">Lis\u00e4ksi se tarjoaa suojaa kevyelt\u00e4 tuulelta, rakeilta ja rankkasateelta sek\u00e4 linnuilta ja el\u00e4imilt\u00e4.<\/li>\n<\/ul>\n<p data-sourcepos=\"18:1-18:15\"><strong>K\u00e4ytt\u00f6:<\/strong><\/p>\n<ul data-sourcepos=\"20:1-22:0\">\n<li data-sourcepos=\"20:1-20:66\">Kata istutuspeenrad hy\u00f6nteisverkolla heti kylv\u00e4misen tai istuttamisen j\u00e4lkeen.<\/li>\n<li data-sourcepos=\"21:1-22:0\">Verkko sopii ihanteellisesti k\u00e4ytett\u00e4v\u00e4ksi kaalin, nauriin, retiisin, porkkanan, salaatin ja muiden vihannesten kasvatuksessa.<\/li>\n<\/ul>\n<p data-sourcepos=\"23:1-23:31\"><strong>Miksi valita t\u00e4m\u00e4 hy\u00f6nteisverkko?<\/strong><\/p>\n<p data-sourcepos=\"25:1-25:195\">T\u00e4m\u00e4 hy\u00f6nteisverkko on luotettava ja tehokas ratkaisu, joka auttaa pit\u00e4m\u00e4\u00e4n kasvisi tervein\u00e4 ja satoisina. Laadukkaan materiaalin ja helpon k\u00e4yt\u00f6n ansiosta se on ihanteellinen valinta jokaiselle puutarhurille. <\/p>\n","protected":false},"excerpt":{"rendered":"<ul>\n<li>Hy\u00f6nteisverkko suojaa vihanneksia tuholaisilta.<\/li>\n<li>Valkoinen hy\u00f6nteisverkko kasveille on valmistettu vahvasta polyamidikankaasta (180 mikronia).<\/li>\n<\/ul>\n<p><strong>K\u00e4ytet\u00e4\u00e4n:<\/strong> kaalin, nauriin, retiisin, kurpitsan, perunan, sipulin, porkkanan, fenkolin, salaatin ja muiden vihannesten viljelyss\u00e4.<\/p>\n","protected":false},"featured_media":47633,"template":"","meta":{"_acf_changed":false,"_seopress_robots_primary_cat":"none","_seopress_titles_title":"","_seopress_titles_desc":"Hy\u00f6nteisverkko kasveille suojaa vihanneksia tuholaisilta. Valkoinen hy\u00f6nteisverkko kasveille on valmistettu vahvasta polyamidikankaasta (180 mikronia). ","_seopress_robots_index":"","_gspb_post_css":""},"product_brand":[],"product_cat":[2457,2392,2448],"product_tag":[2747,2762,2755,2760,2748,2758,2759,2761,2751,2752,2764,2754,2753,2757,2750,2763,2749,2756],"class_list":{"0":"post-41233","1":"product","2":"type-product","3":"status-publish","4":"has-post-thumbnail","6":"product_cat-hyonteisverkko-kasveille","7":"product_cat-kaikki-luokat","8":"product_cat-kasvinsuojelukankaat-ja-maanpeitekankaat","9":"product_tag-hyonteisverkko","10":"product_tag-ilmanlapaisevyys","11":"product_tag-istutuspenkkisuoja","12":"product_tag-kaaliperhoset","13":"product_tag-kasveille","14":"product_tag-kasvien-terveys","15":"product_tag-kirvat","16":"product_tag-porkkanakarpaset","17":"product_tag-puutarha","18":"product_tag-puutarhanhoito","19":"product_tag-saasuoja","20":"product_tag-sadon-suojaaminen","21":"product_tag-suojaverkko","22":"product_tag-torjunta-aineeton","23":"product_tag-tuholaissuoja","24":"product_tag-vedenlapaisevyys","25":"product_tag-vihannekset","26":"product_tag-ymparistoystavallinen","28":"first","29":"instock","30":"taxable","31":"shipping-taxable","32":"purchasable","33":"product-type-simple"},"ct_brands":[],"acf":[],"_links":{"self":[{"href":"https:\/\/agrozone.ee\/fi\/wp-json\/wp\/v2\/product\/41233","targetHints":{"allow":["GET"]}}],"collection":[{"href":"https:\/\/agrozone.ee\/fi\/wp-json\/wp\/v2\/product"}],"about":[{"href":"https:\/\/agrozone.ee\/fi\/wp-json\/wp\/v2\/types\/product"}],"wp:featuredmedia":[{"embeddable":true,"href":"https:\/\/agrozone.ee\/fi\/wp-json\/wp\/v2\/media\/47633"}],"wp:attachment":[{"href":"https:\/\/agrozone.ee\/fi\/wp-json\/wp\/v2\/media?parent=41233"}],"wp:term":[{"taxonomy":"product_brand","embeddable":true,"href":"https:\/\/agrozone.ee\/fi\/wp-json\/wp\/v2\/product_brand?post=41233"},{"taxonomy":"product_cat","embeddable":true,"href":"https:\/\/agrozone.ee\/fi\/wp-json\/wp\/v2\/product_cat?post=41233"},{"taxonomy":"product_tag","embeddable":true,"href":"https:\/\/agrozone.ee\/fi\/wp-json\/wp\/v2\/product_tag?post=41233"}],"curies":[{"name":"wp","href":"https:\/\/api.w.org\/{rel}","templated":true}]}}