{"id":41234,"date":"2024-06-09T15:58:13","date_gmt":"2024-06-09T12:58:13","guid":{"rendered":"https:\/\/agrozone.ee\/toode\/kevaan-luomulannoite-10-l\/"},"modified":"2025-12-09T09:41:59","modified_gmt":"2025-12-09T07:41:59","slug":"kevaan-luomulannoite-10-l","status":"publish","type":"product","link":"https:\/\/agrozone.ee\/fi\/tuote\/kevaan-luomulannoite-10-l\/","title":{"rendered":"Kev\u00e4\u00e4n luomulannoite 10 l"},"content":{"rendered":"<p>Tasaisesti ja pitk\u00e4vaikutteisesti vaikuttava ymp\u00e4rist\u00f6yst\u00e4v\u00e4llinen lannoite. Sopii tomaattien, kurkkujen, perunoiden, mansikoiden, perennojen ja kes\u00e4kukkien, puutarha- ja peltokasvien, hedelm\u00e4puiden, nurmikon, ruusujen, havupuiden ja kaikkien muiden ulko- ja kasvihuonekasvien lannoitukseen. Tasapainoinen lannoitus varmistaa kasvien hyv\u00e4n kasvun, runsaan kukinnan ja laadukkaan sadon.  Orgaaniset aineet parantavat maaper\u00e4n hedelm\u00e4llisyytt\u00e4 ja el\u00e4v\u00f6itt\u00e4v\u00e4t maaper\u00e4eli\u00f6iden toimintaa. Ei sis\u00e4ll\u00e4 kemiallisia lis\u00e4aineita.<\/p>\n<p>&nbsp;<\/p>\n<h3>K\u00e4ytt\u00f6ohjeet<\/h3>\n<p>Mansikka, vadelma 40\u201350 g\/m\u00b2. Monivuotiset puutarha- ja sipulikukat, perennat 30\u201350 g\/m\u00b2. Ruusut, k\u00f6ynn\u00f6kset, alppiruusut 50\u201360 g\/m\u00b2. Herukat, karviaiset 40\u201350 g\/m\u00b2. Havupuut: tuijat, kuuset, pihdat, m\u00e4nnyt, katajat, kivikkokasvit 30\u201340 g\/m\u00b2.     Koristepuut, -pensaat, aitakasvit 50\u201370 g\/m\u00b2. Hedelm\u00e4puut: luumu-, kirsikka-, omena-, p\u00e4\u00e4ryn\u00e4puut ym. 80 g\/m\u00b2.  Kasteluvedeksi laimenna 150 g rakeita 10 litraan vett\u00e4. 30 g \u2248 kourallinen.<\/p>\n","protected":false},"excerpt":{"rendered":"<p>Tasaisesti ja pitk\u00e4vaikutteisesti vaikuttava ymp\u00e4rist\u00f6yst\u00e4v\u00e4llinen lannoite. Sopii tomaattien, kurkkujen, perunoiden, mansikoiden, perennojen ja kes\u00e4kukkien, puutarha- ja peltokasvien, hedelm\u00e4puiden, nurmikon, ruusujen, havupuiden ja kaikkien muiden ulko- ja kasvihuonekasvien lannoitukseen. Tasapainoinen lannoitus varmistaa kasvien hyv\u00e4n kasvun, runsaan kukinnan ja laadukkaan sadon.  Orgaaniset aineet parantavat maaper\u00e4n hedelm\u00e4llisyytt\u00e4 ja el\u00e4v\u00f6itt\u00e4v\u00e4t maaper\u00e4eli\u00f6iden toimintaa. Ei sis\u00e4ll\u00e4 kemiallisia lis\u00e4aineita.<\/p>\n","protected":false},"featured_media":41238,"template":"","meta":{"_acf_changed":false,"_seopress_robots_primary_cat":"","_seopress_titles_title":"","_seopress_titles_desc":"","_seopress_robots_index":"","_gspb_post_css":""},"product_brand":[],"product_cat":[2392,2462,2438,2398,2396,2460],"product_tag":[],"class_list":{"0":"post-41234","1":"product","2":"type-product","3":"status-publish","4":"has-post-thumbnail","6":"product_cat-kaikki-luokat","7":"product_cat-kevat","8":"product_cat-lannoitteet","9":"product_cat-luonnonmukaiset-lannoitteet","10":"product_cat-luomuviljely","11":"product_cat-puutarhalannoitteet","13":"first","14":"instock","15":"taxable","16":"shipping-taxable","17":"purchasable","18":"product-type-simple"},"ct_brands":[],"acf":[],"_links":{"self":[{"href":"https:\/\/agrozone.ee\/fi\/wp-json\/wp\/v2\/product\/41234","targetHints":{"allow":["GET"]}}],"collection":[{"href":"https:\/\/agrozone.ee\/fi\/wp-json\/wp\/v2\/product"}],"about":[{"href":"https:\/\/agrozone.ee\/fi\/wp-json\/wp\/v2\/types\/product"}],"wp:featuredmedia":[{"embeddable":true,"href":"https:\/\/agrozone.ee\/fi\/wp-json\/wp\/v2\/media\/41238"}],"wp:attachment":[{"href":"https:\/\/agrozone.ee\/fi\/wp-json\/wp\/v2\/media?parent=41234"}],"wp:term":[{"taxonomy":"product_brand","embeddable":true,"href":"https:\/\/agrozone.ee\/fi\/wp-json\/wp\/v2\/product_brand?post=41234"},{"taxonomy":"product_cat","embeddable":true,"href":"https:\/\/agrozone.ee\/fi\/wp-json\/wp\/v2\/product_cat?post=41234"},{"taxonomy":"product_tag","embeddable":true,"href":"https:\/\/agrozone.ee\/fi\/wp-json\/wp\/v2\/product_tag?post=41234"}],"curies":[{"name":"wp","href":"https:\/\/api.w.org\/{rel}","templated":true}]}}