{"id":41240,"date":"2024-06-09T15:58:13","date_gmt":"2024-06-09T12:58:13","guid":{"rendered":"https:\/\/agrozone.ee\/toode\/nurmikon-luomulannoite-10-l\/"},"modified":"2026-04-30T07:11:40","modified_gmt":"2026-04-30T05:11:40","slug":"nurmikon-luomulannoite-10-l","status":"publish","type":"product","link":"https:\/\/agrozone.ee\/fi\/tuote\/nurmikon-luomulannoite-10-l\/","title":{"rendered":"Nurmikon luomulannoite 10 l"},"content":{"rendered":"<p data-path-to-node=\"4\">Haaveiletko pehme\u00e4st\u00e4 ja tuuheasta nurmikosta, jossa perheen pienimm\u00e4t ja nelijalkaiset yst\u00e4v\u00e4t voivat juosta paljain jaloin huoletta? <b data-path-to-node=\"4\" data-index-in-node=\"121\">Nurmikon luomulannoite (10 l)<\/b> on kehitetty juuri tekem\u00e4\u00e4n kotipihasi nurmikosta elinvoimaisen, syv\u00e4nvihre\u00e4n ja kest\u00e4v\u00e4n \u2013 ja kaikki t\u00e4m\u00e4 t\u00e4ydellisess\u00e4 sopusoinnussa luonnon kanssa.<\/p>\n<p data-path-to-node=\"5\">T\u00e4m\u00e4 100 % kemikaalivapaa ja ymp\u00e4rist\u00f6yst\u00e4v\u00e4llinen orgaaninen lannoite tekee lopun harvasta, elottomasta ja sammaloituneesta maaper\u00e4st\u00e4. Pitk\u00e4vaikutteiset ja tasaisesti vaikuttavat rakeet eiv\u00e4t ainoastaan ravitse ruohonjuuria, vaan her\u00e4tt\u00e4v\u00e4t eloon koko maaper\u00e4n ekosysteemin. Runsas orgaaninen aines saa maaper\u00e4n hy\u00f6dylliset eli\u00f6t toimimaan, luoden kest\u00e4v\u00e4n ja hedelm\u00e4llisen kasvualustan, joka tukee pihan luonnollista monimuotoisuutta.  <\/p>\n<p data-path-to-node=\"6\"><b data-path-to-node=\"6\" data-index-in-node=\"0\">Mit\u00e4 ongelmia t\u00e4m\u00e4 luonnon eliksiiri ratkaisee?<\/b><\/p>\n<ul data-path-to-node=\"7\">\n<li>\n<p data-path-to-node=\"7,0,0\"><b data-path-to-node=\"7,0,0\" data-index-in-node=\"0\">Taistelu sammalta ja rikkaruohoja vastaan:<\/b> Tasapainoiset ravinteet tekev\u00e4t nurmikosta niin tihe\u00e4n ja vahvan, ettei ei-toivotuille rikkaruohoille ja h\u00e4iritsev\u00e4lle sammaleelle j\u00e4\u00e4 yksinkertaisesti en\u00e4\u00e4 kasvutilaa.<\/p>\n<\/li>\n<li>\n<p data-path-to-node=\"7,1,0\"><b data-path-to-node=\"7,1,0\" data-index-in-node=\"0\">Kuivuutta kest\u00e4v\u00e4 ja sitke\u00e4 nurmikko:<\/b> Terve ja vahva juuristo auttaa ruohoa selviytym\u00e4\u00e4n helpommin my\u00f6s kuivista ja kuumista kes\u00e4kuukausista s\u00e4ilytt\u00e4en raikkautensa.<\/p>\n<\/li>\n<li>\n<p data-path-to-node=\"7,2,0\"><b data-path-to-node=\"7,2,0\" data-index-in-node=\"0\">T\u00e4ydellinen mielenrauha ja turvallisuus:<\/b> Unohda myrkylliset kemikaalit. T\u00e4m\u00e4 puhdas ekotuote on t\u00e4ysin turvallinen lapsillesi, lemmikeillesi ja puutarhan hy\u00f6dyllisille hy\u00f6nteisille. <\/p>\n<\/li>\n<\/ul>\n<p data-path-to-node=\"8\"><b data-path-to-node=\"8\" data-index-in-node=\"0\">Helppo ja vaivaton hoito (1 kourallinen = n. 30 g):<\/b> Nurmikkosi virkist\u00e4minen on nopeaa eik\u00e4 vaadi erikoisvarusteita.<\/p>\n<ul data-path-to-node=\"9\">\n<li>\n<p data-path-to-node=\"9,0,0\"><b data-path-to-node=\"9,0,0\" data-index-in-node=\"0\">Kauden startti:<\/b> Levit\u00e4 kev\u00e4\u00e4ll\u00e4 kasvun alkaessa tasaisesti 25\u201330 g\/m\u00b2 (noin yksi kourallinen neli\u00f6metri\u00e4 kohden) antaaksesi nurmikolle vahvan alun.<\/p>\n<\/li>\n<li>\n<p data-path-to-node=\"9,1,0\"><b data-path-to-node=\"9,1,0\" data-index-in-node=\"0\">Kes\u00e4inen lis\u00e4virvoke:<\/b> Jos huomaat nurmikon tarvitsevan lis\u00e4voimaa kauden edetess\u00e4, toista lannoitus kevyemm\u00e4ll\u00e4 annostuksella (15\u201320 g\/m\u00b2).<\/p>\n<\/li>\n<\/ul>\n<p data-path-to-node=\"10\">Luo kotipihallesi todellinen vihre\u00e4 paratiisi. Huolehdi nurmikostasi viisaasti valitsemalla puhtaita ratkaisuja, jotka suojelevat sek\u00e4 luontoa ett\u00e4 l\u00e4heisi\u00e4si! <\/p>\n","protected":false},"excerpt":{"rendered":"<ul>\n<li>Tasaisesti ja pitk\u00e4vaikutteisesti vaikuttava ymp\u00e4rist\u00f6yst\u00e4v\u00e4llinen lannoite.<\/li>\n<li>Tasapainoinen lannoitus vahvistaa ruohokasveja ja tekee nurmikosta tihe\u00e4mm\u00e4n ja vastustuskykyisemm\u00e4n kuivuudelle, rikkakasveille ja sammaloitumiselle.<\/li>\n<li>Orgaaniset aineet parantavat maaper\u00e4n hedelm\u00e4llisyytt\u00e4 ja el\u00e4v\u00f6itt\u00e4v\u00e4t maaper\u00e4eli\u00f6iden toimintaa.<\/li>\n<li>Ei sis\u00e4ll\u00e4 kemiallisia lis\u00e4aineita.<\/li>\n<\/ul>\n","protected":false},"featured_media":59123,"template":"","meta":{"_acf_changed":false,"_seopress_robots_primary_cat":"none","_seopress_titles_title":"Nurmikon luomulannoite 10 l | Tihe ja vihre\u00e4 nurmikko","_seopress_titles_desc":"Saavuta unelmien nurmikko luonnonmukaisesti! Orgaaninen nurmikon luomulannoite torjuu sammalta, parantaa kuivuudenkestoa ja el\u00e4v\u00f6itt\u00e4\u00e4 maaper\u00e4\u00e4. Tilaa Agrozonen verkkokaupasta jo t\u00e4n\u00e4\u00e4n!  ","_seopress_robots_index":"","_gspb_post_css":""},"product_brand":[],"product_cat":[2392,2398,2396],"product_tag":[],"class_list":{"0":"post-41240","1":"product","2":"type-product","3":"status-publish","4":"has-post-thumbnail","6":"product_cat-kaikki-luokat","7":"product_cat-luonnonmukaiset-lannoitteet","8":"product_cat-luomuviljely","10":"first","11":"instock","12":"taxable","13":"shipping-taxable","14":"purchasable","15":"product-type-simple"},"ct_brands":[],"acf":[],"_links":{"self":[{"href":"https:\/\/agrozone.ee\/fi\/wp-json\/wp\/v2\/product\/41240","targetHints":{"allow":["GET"]}}],"collection":[{"href":"https:\/\/agrozone.ee\/fi\/wp-json\/wp\/v2\/product"}],"about":[{"href":"https:\/\/agrozone.ee\/fi\/wp-json\/wp\/v2\/types\/product"}],"wp:featuredmedia":[{"embeddable":true,"href":"https:\/\/agrozone.ee\/fi\/wp-json\/wp\/v2\/media\/59123"}],"wp:attachment":[{"href":"https:\/\/agrozone.ee\/fi\/wp-json\/wp\/v2\/media?parent=41240"}],"wp:term":[{"taxonomy":"product_brand","embeddable":true,"href":"https:\/\/agrozone.ee\/fi\/wp-json\/wp\/v2\/product_brand?post=41240"},{"taxonomy":"product_cat","embeddable":true,"href":"https:\/\/agrozone.ee\/fi\/wp-json\/wp\/v2\/product_cat?post=41240"},{"taxonomy":"product_tag","embeddable":true,"href":"https:\/\/agrozone.ee\/fi\/wp-json\/wp\/v2\/product_tag?post=41240"}],"curies":[{"name":"wp","href":"https:\/\/api.w.org\/{rel}","templated":true}]}}