{"id":41248,"date":"2024-06-09T16:01:53","date_gmt":"2024-06-09T14:01:53","guid":{"rendered":"https:\/\/agrozone.ee\/toode\/hyonteisverkko-kasveille-3-x-5-m\/"},"modified":"2025-03-06T08:54:51","modified_gmt":"2025-03-06T06:54:51","slug":"hyonteisverkko-kasveille-3-x-5-m","status":"publish","type":"product","link":"https:\/\/agrozone.ee\/fi\/tuote\/hyonteisverkko-kasveille-3-x-5-m\/","title":{"rendered":"Hy\u00f6nteisverkko kasveille 3 x 5 m"},"content":{"rendered":"<p class=\"plained\">Hy\u00f6nteisverkko suojaa vihanneksia tuholaisilta.<\/p>\n<ul>\n<li class=\"plained\">Ymp\u00e4rist\u00f6yst\u00e4v\u00e4llinen, v\u00e4hent\u00e4\u00e4 torjunta-aineiden tarvetta.<\/li>\n<li class=\"plained\">Pit\u00e4\u00e4 k\u00e4rp\u00e4set, kirvat, kirput ja kovakuoriaiset mekaanisesti kurissa.<\/li>\n<li class=\"plained\">P\u00e4\u00e4st\u00e4\u00e4 l\u00e4pi ilman ja veden sek\u00e4 suojaa tuulelta, rakeilta ja rankkasateelta.<\/li>\n<li class=\"plained\">Suojaa linnuilta ja el\u00e4imilt\u00e4.<\/li>\n<\/ul>\n<h3>K\u00e4ytt\u00f6ohjeet<\/h3>\n<ul>\n<li>Peit\u00e4 penkit heti kylv\u00f6n j\u00e4lkeen.<\/li>\n<\/ul>\n","protected":false},"excerpt":{"rendered":"<p class=\"plained\">Hy\u00f6nteisverkko suojaa vihanneksia tuholaisilta.<\/p>\n<ul>\n<li class=\"plained\">Ymp\u00e4rist\u00f6yst\u00e4v\u00e4llinen, v\u00e4hent\u00e4\u00e4 torjunta-aineiden tarvetta.<\/li>\n<li class=\"plained\">Pit\u00e4\u00e4 k\u00e4rp\u00e4set, kirvat, kirput ja kovakuoriaiset mekaanisesti kurissa.<\/li>\n<li class=\"plained\">P\u00e4\u00e4st\u00e4\u00e4 l\u00e4pi ilman ja veden sek\u00e4 suojaa tuulelta, rakeilta ja rankkasateelta.<\/li>\n<li class=\"plained\">Suojaa linnuilta ja el\u00e4imilt\u00e4.<\/li>\n<\/ul>\n","protected":false},"featured_media":41250,"template":"","meta":{"_acf_changed":false,"_seopress_robots_primary_cat":"none","_seopress_titles_title":"","_seopress_titles_desc":"Hy\u00f6nteisverkko suojaa vihanneksia tuholaisilta. Pit\u00e4\u00e4 k\u00e4rp\u00e4set, kirvat, kirput ja kovakuoriaiset mekaanisesti kurissa. ","_seopress_robots_index":"","_gspb_post_css":""},"product_brand":[],"product_cat":[2457,2392,2448],"product_tag":[],"class_list":{"0":"post-41248","1":"product","2":"type-product","3":"status-publish","4":"has-post-thumbnail","6":"product_cat-hyonteisverkko-kasveille","7":"product_cat-kaikki-luokat","8":"product_cat-kasvinsuojelukankaat-ja-maanpeitekankaat","10":"first","11":"instock","12":"taxable","13":"shipping-taxable","14":"purchasable","15":"product-type-simple"},"ct_brands":[],"acf":[],"_links":{"self":[{"href":"https:\/\/agrozone.ee\/fi\/wp-json\/wp\/v2\/product\/41248","targetHints":{"allow":["GET"]}}],"collection":[{"href":"https:\/\/agrozone.ee\/fi\/wp-json\/wp\/v2\/product"}],"about":[{"href":"https:\/\/agrozone.ee\/fi\/wp-json\/wp\/v2\/types\/product"}],"wp:featuredmedia":[{"embeddable":true,"href":"https:\/\/agrozone.ee\/fi\/wp-json\/wp\/v2\/media\/41250"}],"wp:attachment":[{"href":"https:\/\/agrozone.ee\/fi\/wp-json\/wp\/v2\/media?parent=41248"}],"wp:term":[{"taxonomy":"product_brand","embeddable":true,"href":"https:\/\/agrozone.ee\/fi\/wp-json\/wp\/v2\/product_brand?post=41248"},{"taxonomy":"product_cat","embeddable":true,"href":"https:\/\/agrozone.ee\/fi\/wp-json\/wp\/v2\/product_cat?post=41248"},{"taxonomy":"product_tag","embeddable":true,"href":"https:\/\/agrozone.ee\/fi\/wp-json\/wp\/v2\/product_tag?post=41248"}],"curies":[{"name":"wp","href":"https:\/\/api.w.org\/{rel}","templated":true}]}}