{"id":41252,"date":"2024-06-27T14:45:43","date_gmt":"2024-06-27T12:45:43","guid":{"rendered":"https:\/\/agrozone.ee\/toode\/yleinen-liukeneva-lisalannoite-150g\/"},"modified":"2024-06-27T14:45:43","modified_gmt":"2024-06-27T12:45:43","slug":"yleinen-liukeneva-lisalannoite-150g","status":"publish","type":"product","link":"https:\/\/agrozone.ee\/fi\/tuote\/yleinen-liukeneva-lisalannoite-150g\/","title":{"rendered":"Yleinen Liukeneva Lis\u00e4lannoite 150g"},"content":{"rendered":"<p><strong>Yleinen Liukeneva Lis\u00e4lannoite 150g<\/strong><\/p>\n<ul>\n<li>NPK (Mg) 14-11-25 (+4)+(B, Cu, Fe, Mn, Mo, Zn)<\/li>\n<li>Moniravinnelannoite kaikkien kasvien lis\u00e4lannoitukseen.<\/li>\n<li>Liuota lannoite veteen ja k\u00e4yt\u00e4 kylv\u00f6n (istutuksen), aktiivisen kasvun ja kukinnan aikana.<\/li>\n<li>B.1.1. NPK-mineraalilannoite, jossa on magnesiumia ja hivenaineita (boori, kupari, rauta, mangaani, molybdeeni, sinkki). <\/li>\n<li>Lannoitteessa olevat vaikuttavat aineet ovat t\u00e4ysin vesiliukoisia.<\/li>\n<\/ul>\n<p><strong>Koostumus:<\/strong> typpi (N) &#8211; 14% (ammoniumtyppi N-NH4 &#8211; 2%, nitraattityppi N-NO3 &#8211; 7%, urean typpi N-NH2 &#8211; 5%) vesiliukoinen fosforipentoksidi (P2O5) &#8211; 11% vesiliukoinen kaliumoksidi (K2O) &#8211; 25% magnesiumoksidi (MgO) &#8211; 4% boori (B) &#8211; 0,03% kupari (Cu-EDTA) &#8211; 0,01% rauta (Fe-EDTA) &#8211; 0,1% mangaani (Mn-EDTA) &#8211; 0,05% molybdeeni (Mo) &#8211; 0,003% sinkki (Zn-EDTA) &#8211; 0,02%. (EDTA &#8211; kelaatoidut hivenaineet). <\/p>\n<p>&nbsp;<\/p>\n<p><strong>K\u00c4YTT\u00d6 <\/strong><\/p>\n<ul>\n<li>Kasteluun &#8211; 10-30 g\/10 l vett\u00e4, ruiskutukseen &#8211; 20-50 g\/10 l vett\u00e4.<\/li>\n<li>Fysikaaliset muutokset eiv\u00e4t vaikuta lannoitteiden ravintoarvoihin.<\/li>\n<li>Jos lannoitetta s\u00e4ilytet\u00e4\u00e4n kuivana ja suojattuna suoralta auringonvalolta, sen k\u00e4ytt\u00f6ik\u00e4 on rajoittamaton.<\/li>\n<\/ul>\n<p><strong>Huom!<\/strong><\/p>\n<ul>\n<li>S\u00e4ilyt\u00e4 lasten ulottumattomissa (P102).<\/li>\n<li>Suojaa kosteudelta ja auringonvalolta (P232+P410).<\/li>\n<li>Pese k\u00e4det huolellisesti saippualla k\u00e4sittelyn j\u00e4lkeen (P264).<\/li>\n<li>\u00c4l\u00e4 sy\u00f6, juo tai tupakoi t\u00e4t\u00e4 tuotetta k\u00e4ytett\u00e4ess\u00e4 (P270).<\/li>\n<li>K\u00e4yt\u00e4 suojak\u00e4sineit\u00e4\/suojavaatetusta\/silmiensuojainta\/kasvonsuojainta (P280).<\/li>\n<li><strong>Jos ainetta joutuu silmiin:<\/strong> huuhdo huolellisesti vedell\u00e4 usean minuutin ajan. Poista piilolinssit, jos sen voi tehd\u00e4 helposti. Jatka huuhtomista. Jos silm\u00e4-\u00e4rsytys jatkuu: hakeudu l\u00e4\u00e4k\u00e4riin\/hoidtoon 1 (P305+P351+P338+P337+P313).<\/li>\n<li><strong>JOS AINETTA JOUTUU IHOLLE:<\/strong> pese runsaalla vedell\u00e4 ja saippualla (302+352).<\/li>\n<\/ul>\n","protected":false},"excerpt":{"rendered":"<ul>\n<li>NPK (Mg) 14-11-25 (+4)+(B, Cu, Fe, Mn, Mo, Zn)<\/li>\n<li>Moniravinnelannoite kaikkien kasvien lis\u00e4lannoitukseen.<\/li>\n<li>Liuota lannoite veteen ja k\u00e4yt\u00e4 kylv\u00f6n (istutuksen), aktiivisen kasvun ja kukinnan aikana.<\/li>\n<li>B.1.1. NPK-mineraalilannoite, jossa on magnesiumia ja hivenaineita (boori, kupari, rauta, mangaani, molybdeeni, sinkki). <\/li>\n<li>Lannoitteessa olevat vaikuttavat aineet ovat t\u00e4ysin vesiliukoisia.<\/li>\n<\/ul>\n","protected":false},"featured_media":41254,"template":"","meta":{"_acf_changed":false,"_seopress_robots_primary_cat":"","_seopress_titles_title":"Yleinen Liukeneva Lis\u00e4lannoite 150g","_seopress_titles_desc":"Yleinen Liukeneva Lis\u00e4lannoite 150g - Moniravinnelannoite kaikkien kasvien lis\u00e4lannoitukseen. NPK (Mg) 14-11-25 (+4)+(B, Cu, Fe, Mn, Mo, Zn) ","_seopress_robots_index":"","_gspb_post_css":""},"product_brand":[],"product_cat":[2467,2392,2461,2438,2460],"product_tag":[],"class_list":{"0":"post-41252","1":"product","2":"type-product","3":"status-publish","4":"has-post-thumbnail","6":"product_cat-huonekasvien-lannoitteet","7":"product_cat-kaikki-luokat","8":"product_cat-kasteluun-sekoitettava-lannoite","9":"product_cat-lannoitteet","10":"product_cat-puutarhalannoitteet","12":"first","13":"instock","14":"featured","15":"taxable","16":"shipping-taxable","17":"purchasable","18":"product-type-simple"},"ct_brands":[],"acf":[],"_links":{"self":[{"href":"https:\/\/agrozone.ee\/fi\/wp-json\/wp\/v2\/product\/41252","targetHints":{"allow":["GET"]}}],"collection":[{"href":"https:\/\/agrozone.ee\/fi\/wp-json\/wp\/v2\/product"}],"about":[{"href":"https:\/\/agrozone.ee\/fi\/wp-json\/wp\/v2\/types\/product"}],"wp:featuredmedia":[{"embeddable":true,"href":"https:\/\/agrozone.ee\/fi\/wp-json\/wp\/v2\/media\/41254"}],"wp:attachment":[{"href":"https:\/\/agrozone.ee\/fi\/wp-json\/wp\/v2\/media?parent=41252"}],"wp:term":[{"taxonomy":"product_brand","embeddable":true,"href":"https:\/\/agrozone.ee\/fi\/wp-json\/wp\/v2\/product_brand?post=41252"},{"taxonomy":"product_cat","embeddable":true,"href":"https:\/\/agrozone.ee\/fi\/wp-json\/wp\/v2\/product_cat?post=41252"},{"taxonomy":"product_tag","embeddable":true,"href":"https:\/\/agrozone.ee\/fi\/wp-json\/wp\/v2\/product_tag?post=41252"}],"curies":[{"name":"wp","href":"https:\/\/api.w.org\/{rel}","templated":true}]}}