{"id":41257,"date":"2024-06-27T14:43:51","date_gmt":"2024-06-27T11:43:51","guid":{"rendered":"https:\/\/agrozone.ee\/toode\/schultz-kukkivien-kasvien-kasteluravinne-350g\/"},"modified":"2026-03-15T17:31:45","modified_gmt":"2026-03-15T15:31:45","slug":"schultz-kukkivien-kasvien-kasteluravinne-350g","status":"publish","type":"product","link":"https:\/\/agrozone.ee\/fi\/tuote\/schultz-kukkivien-kasvien-kasteluravinne-350g\/","title":{"rendered":"SCHULTZ Kukkivien Kasvien Kasteluravinne 350g"},"content":{"rendered":"<p><strong>SCHULTZ Kukkivien Kasvien Kasteluravinne 350g<\/strong><\/p>\n<ul>\n<li>Hyvin tasapainoitettu NPK-lannoite 8:12:35+5MgO on kaliumpitoinen tiiviste, joka on suunniteltu nopeaan kukintaan, runsaampien v\u00e4rien saamiseksi ja kaikkien kukkivien ja hedelmi\u00e4 kantavien kasvien voimakkaan kasvun edist\u00e4miseksi.<\/li>\n<li>Luonto ravitsee kasveja jokaisen sateen yhteydess\u00e4 liuottamalla ravinteita ja jakamalla niit\u00e4 kaikille kasveille pihallasi ja puutarhassasi.<\/li>\n<li>Voit tehd\u00e4 saman joka kerta, kun kastelet, lannoittamalla SCHULTZ GARDEN kukintaravinteella.<\/li>\n<li>Kaikille kukkiville ja hedelmi\u00e4 kantaville kasveille.<\/li>\n<\/ul>\n<p><strong>Koostumus:<\/strong> Yleinen typpi (N) vesiliukoinen 7,6%, josta nitraattityppe\u00e4 (NO3-N) 7,6% fosforipentoksidia (P2O5) vesiliukoinen 11,9% kaliumoksidia (K2O) vesiliukoinen 35,2% magnesiumoksidia (MgO) 4,7% vesiliukoinen sulfaatti (SO3) 10,81%, vesiliukoinen rikki (S) 4. 32%, vesiliukoinen natrium (Na) 0,157% vesiliukoinen boori (B) 0,021% vesiliukoinen kupari (Cu-EDTA) 0,016% vesiliukoinen rauta (Fe-EDTA) 0,159% vesiliukoinen mangaani (Mn-EDTA) 0,086% vesiliukoinen molybdeeni (Mo) 0,0012% vesiliukoinen sinkki (Zn-EDTA) 0,07%. <\/p>\n<p><strong>K\u00c4YTT\u00d6<\/strong><\/p>\n<ul>\n<li>Sis\u00e4lt\u00e4\u00e4 mittalusikan (vastaa 1 ruokalusikallista).<\/li>\n<li>HUONEKASVIT, ULKORUUKKUKASVIT: 1 mittalusikallinen 3 litraan vett\u00e4.<\/li>\n<li>ULKONA KUKKIVAT KASVIT, PUUT JA PENSAAT: 1 mittalusikallinen 1 litraan vett\u00e4.<\/li>\n<li>Lis\u00e4\u00e4 sopiva m\u00e4\u00e4r\u00e4 lannoitetta purkkiin, lis\u00e4\u00e4 vett\u00e4, sekoita kaikki yhteen ja levit\u00e4 liuos kasvien juurille.<\/li>\n<li>Voidaan k\u00e4ytt\u00e4\u00e4 koko kauden ajan.<\/li>\n<li>Lannoita 7-14 p\u00e4iv\u00e4n v\u00e4lein.<\/li>\n<li>Kun kasvit kasvavat aktiivisesti, lannoitetta voidaan k\u00e4ytt\u00e4\u00e4 jokaisella kastelukerralla.<\/li>\n<li>V\u00e4rin ja muodon erot eiv\u00e4t vaikuta tehokkuuteen.<\/li>\n<\/ul>\n","protected":false},"excerpt":{"rendered":"<ul>\n<li>Hyvin tasapainoitettu NPK-lannoite 8:12:35+5MgO on kaliumpitoinen tiiviste, joka on suunniteltu nopeaan kukintaan, runsaampien v\u00e4rien saamiseksi ja kaikkien kukkivien ja hedelmi\u00e4 kantavien kasvien voimakkaan kasvun edist\u00e4miseksi.<\/li>\n<li>Luonto ravitsee kasveja jokaisen sateen yhteydess\u00e4 liuottamalla ravinteita ja jakamalla niit\u00e4 kaikille kasveille pihallasi ja puutarhassasi.<\/li>\n<li>Voit tehd\u00e4 saman joka kerta, kun kastelet, lannoittamalla SCHULTZ GARDEN kukintaravinteella.<\/li>\n<li>Kaikille kukkiville ja hedelmi\u00e4 kantaville kasveille.<\/li>\n<\/ul>\n","protected":false},"featured_media":41267,"template":"","meta":{"_acf_changed":false,"_seopress_robots_primary_cat":"","_seopress_titles_title":"SCHULTZ Kukkivien Kasvien Kasteluravinne 350g","_seopress_titles_desc":"SCHULTZ Kukkivien Kasvien Kasteluravinne 350 g - Hyvin tasapainoitettu NPK-lannoite 8:12:35+5MgO, jossa on korkea kaliumpitoisuus.","_seopress_robots_index":"","_gspb_post_css":""},"product_brand":[],"product_cat":[2392,2461,2438],"product_tag":[],"class_list":{"0":"post-41257","1":"product","2":"type-product","3":"status-publish","4":"has-post-thumbnail","6":"product_cat-kaikki-luokat","7":"product_cat-kasteluun-sekoitettava-lannoite","8":"product_cat-lannoitteet","10":"first","11":"instock","12":"sale","13":"taxable","14":"shipping-taxable","15":"purchasable","16":"product-type-simple"},"ct_brands":[],"acf":[],"_links":{"self":[{"href":"https:\/\/agrozone.ee\/fi\/wp-json\/wp\/v2\/product\/41257","targetHints":{"allow":["GET"]}}],"collection":[{"href":"https:\/\/agrozone.ee\/fi\/wp-json\/wp\/v2\/product"}],"about":[{"href":"https:\/\/agrozone.ee\/fi\/wp-json\/wp\/v2\/types\/product"}],"wp:featuredmedia":[{"embeddable":true,"href":"https:\/\/agrozone.ee\/fi\/wp-json\/wp\/v2\/media\/41267"}],"wp:attachment":[{"href":"https:\/\/agrozone.ee\/fi\/wp-json\/wp\/v2\/media?parent=41257"}],"wp:term":[{"taxonomy":"product_brand","embeddable":true,"href":"https:\/\/agrozone.ee\/fi\/wp-json\/wp\/v2\/product_brand?post=41257"},{"taxonomy":"product_cat","embeddable":true,"href":"https:\/\/agrozone.ee\/fi\/wp-json\/wp\/v2\/product_cat?post=41257"},{"taxonomy":"product_tag","embeddable":true,"href":"https:\/\/agrozone.ee\/fi\/wp-json\/wp\/v2\/product_tag?post=41257"}],"curies":[{"name":"wp","href":"https:\/\/api.w.org\/{rel}","templated":true}]}}