{"id":41268,"date":"2024-06-27T14:41:34","date_gmt":"2024-06-27T11:41:34","guid":{"rendered":"https:\/\/agrozone.ee\/toode\/schultz-mansikka-ja-hedelmapuiden-lannoite-350g\/"},"modified":"2024-06-27T14:41:34","modified_gmt":"2024-06-27T12:41:34","slug":"schultz-mansikka-ja-hedelmapuiden-lannoite-350g","status":"publish","type":"product","link":"https:\/\/agrozone.ee\/fi\/tuote\/schultz-mansikka-ja-hedelmapuiden-lannoite-350g\/","title":{"rendered":"SCHULTZ Mansikka- ja Hedelm\u00e4puiden Lannoite 350g"},"content":{"rendered":"<p><strong>SCHULTZ Mansikka- ja Hedelm\u00e4puiden Lannoite 350g<\/strong><\/p>\n<ul>\n<li>NPK 15-7-32 + 3MgO<\/li>\n<li>Hyvin tasapainoitettu, kaikkia t\u00e4rkeit\u00e4 ravinteita sis\u00e4lt\u00e4v\u00e4 SCHULTZ GARDEN -lannoite antaa luotettavia tuloksia kaikille marjoille ja marjapuille: mansikat, vadelmat, karhunvatukat, herukat, karviaismarjat, puolukat, mustikat ja hedelm\u00e4puille: omenapuut, p\u00e4\u00e4ryn\u00e4t, luumut, kirsikat, persikat, aprikoosipuut.<\/li>\n<li>Varmistaa asianmukaisen kukinnan ja marjojen\/hedelmien muodostumisen, parantaa marjojen\/hedelmien v\u00e4ri\u00e4 ja makua.<\/li>\n<li>Stimuloi kasvien kehityst\u00e4 &#8211; kasveista tulee vahvempia, sato on maukas ja n\u00e4ytt\u00e4\u00e4 hyv\u00e4lt\u00e4.<\/li>\n<li>Sis\u00e4lt\u00e4\u00e4 oikeassa suhteessa ravinteita, jotta sato olisi terve ja hedelm\u00e4t kiinteit\u00e4 ja makeita.<\/li>\n<\/ul>\n<p><strong>Koostumus:<\/strong> Yleinen typpi (N) vesiliukoinen 15,01%, josta nitraattityppe\u00e4 (NO3-N) 8,1%, urean typpe\u00e4 (Ureas-N) 7,0% fosforipentoksidia (P2O5) vesiliukoinen 6,9% kaliumoksidia (K2O) vesiliukoinen 32,0% magnesiumoksidia (MgO) 3,1% vesiliukoinen sulfaatti (SO3) 6. 382%, vesiliukoinen rikki (S) 2,55%, vesiliukoinen natrium (Na) 0,218% vesiliukoinen boori (B) 0,022% vesiliukoinen kupari (Cu-EDTA) 0,010% vesiliukoinen rauta (Fe-EDTA) 0,175% vesiliukoinen mangaani (Mn-EDTA) 0,06% vesiliukoinen molybdeeni (Mo) 0,0051% vesiliukoinen sinkki (Zn-EDTA) 0,075%. <\/p>\n<p><strong>K\u00c4YTT\u00d6<\/strong><\/p>\n<ul>\n<li>Sis\u00e4lt\u00e4\u00e4 mittalusikan (vastaa 1 ruokalusikallista).<\/li>\n<li>MANSIKKATAIMILLE: 10 litraan vett\u00e4 &#8211; 1\/3 tl lannoitetta.<\/li>\n<li>MARJOILLE, MARJAPENSAILLE JA HEDELM\u00c4PUILLE: 1 tl lannoitetta 10 litraan vett\u00e4.<\/li>\n<li>Jauhe liuotetaan veteen.<\/li>\n<li>Kasveja kastellaan valmistetulla liuoksella.<\/li>\n<li>Voidaan k\u00e4ytt\u00e4\u00e4 ymp\u00e4ri vuoden.<\/li>\n<li>Lannoita 7-14 p\u00e4iv\u00e4n v\u00e4lein.<\/li>\n<li>Lannoitteen koostumuksen, v\u00e4rin tai muodon muutos ei v\u00e4henn\u00e4 tehokkuutta!<\/li>\n<li>EY-LANNOITTEET. B.1.1 &#8211; NPK-lannoitteet. <\/li>\n<li>Sis\u00e4lt\u00e4\u00e4 hivenaineita.<\/li>\n<\/ul>\n","protected":false},"excerpt":{"rendered":"<ul>\n<li>NPK 15-7-32 + 3MgO<\/li>\n<li>Hyvin tasapainoitettu, kaikkia t\u00e4rkeit\u00e4 ravinteita sis\u00e4lt\u00e4v\u00e4 SCHULTZ GARDEN -lannoite antaa luotettavia tuloksia kaikille marjoille ja marjapuille: mansikat, vadelmat, karhunvatukat, herukat, karviaismarjat, puolukat, mustikat ja hedelm\u00e4puille: omenapuut, p\u00e4\u00e4ryn\u00e4t, luumut, kirsikat, persikat, aprikoosipuut.<\/li>\n<li>Varmistaa asianmukaisen kukinnan ja marjojen\/hedelmien muodostumisen, parantaa marjojen\/hedelmien v\u00e4ri\u00e4 ja makua.<\/li>\n<li>Stimuloi kasvien kehityst\u00e4 &#8211; kasveista tulee vahvempia, sato on maukas ja n\u00e4ytt\u00e4\u00e4 hyv\u00e4lt\u00e4.<\/li>\n<li>Sis\u00e4lt\u00e4\u00e4 oikeassa suhteessa ravinteita, jotta sato olisi terve ja hedelm\u00e4t kiinteit\u00e4 ja makeita.<\/li>\n<\/ul>\n","protected":false},"featured_media":41270,"template":"","meta":{"_acf_changed":false,"_seopress_robots_primary_cat":"","_seopress_titles_title":"SCHULTZ Mansikka- ja Hedelm\u00e4puiden Lannoite 350g","_seopress_titles_desc":"SCHULTZ Mansikka- ja Hedelm\u00e4puiden Lannoite. Varmistaa asianmukaisen kukinnan ja marjojen\/hedelmien muodostumisen, parantaa marjojen\/hedelmien v\u00e4ri\u00e4 ja makua. ","_seopress_robots_index":"","_gspb_post_css":""},"product_brand":[],"product_cat":[2392,2461,2438],"product_tag":[],"class_list":{"0":"post-41268","1":"product","2":"type-product","3":"status-publish","4":"has-post-thumbnail","6":"product_cat-kaikki-luokat","7":"product_cat-kasteluun-sekoitettava-lannoite","8":"product_cat-lannoitteet","10":"first","11":"instock","12":"sale","13":"taxable","14":"shipping-taxable","15":"purchasable","16":"product-type-simple"},"ct_brands":[],"acf":[],"_links":{"self":[{"href":"https:\/\/agrozone.ee\/fi\/wp-json\/wp\/v2\/product\/41268","targetHints":{"allow":["GET"]}}],"collection":[{"href":"https:\/\/agrozone.ee\/fi\/wp-json\/wp\/v2\/product"}],"about":[{"href":"https:\/\/agrozone.ee\/fi\/wp-json\/wp\/v2\/types\/product"}],"wp:featuredmedia":[{"embeddable":true,"href":"https:\/\/agrozone.ee\/fi\/wp-json\/wp\/v2\/media\/41270"}],"wp:attachment":[{"href":"https:\/\/agrozone.ee\/fi\/wp-json\/wp\/v2\/media?parent=41268"}],"wp:term":[{"taxonomy":"product_brand","embeddable":true,"href":"https:\/\/agrozone.ee\/fi\/wp-json\/wp\/v2\/product_brand?post=41268"},{"taxonomy":"product_cat","embeddable":true,"href":"https:\/\/agrozone.ee\/fi\/wp-json\/wp\/v2\/product_cat?post=41268"},{"taxonomy":"product_tag","embeddable":true,"href":"https:\/\/agrozone.ee\/fi\/wp-json\/wp\/v2\/product_tag?post=41268"}],"curies":[{"name":"wp","href":"https:\/\/api.w.org\/{rel}","templated":true}]}}