{"id":41269,"date":"2024-06-27T14:47:50","date_gmt":"2024-06-27T11:47:50","guid":{"rendered":"https:\/\/agrozone.ee\/toode\/schultz-yleislannoite-350g\/"},"modified":"2024-06-27T14:47:50","modified_gmt":"2024-06-27T12:47:50","slug":"schultz-yleislannoite-350g","status":"publish","type":"product","link":"https:\/\/agrozone.ee\/fi\/tuote\/schultz-yleislannoite-350g\/","title":{"rendered":"SCHULTZ Yleislannoite 350g"},"content":{"rendered":"<p><strong>SCHULTZ Yleislannoite 350g<\/strong><\/p>\n<ul>\n<li>Yleinen kasviravinne NPK 18-18-18+3MgO<\/li>\n<li>Hyvin tasapainoitettu, kaikkia t\u00e4rkeit\u00e4 ravinteita sis\u00e4lt\u00e4v\u00e4 SCHULTZ GARDEN -lannoite, joka antaa luotettavia tuloksia kaikille sis\u00e4- ja ulkokasveille.<\/li>\n<li>Yleisk\u00e4ytt\u00f6\u00f6n kasvien ravinnetason yll\u00e4pit\u00e4miseksi, terveen kasvun ja hyv\u00e4n v\u00e4rin edist\u00e4miseksi, edist\u00e4\u00e4 kasvien vakaata juurtumista ja kasvamaan suuremmiksi ja kauniimmiksi.<\/li>\n<li>Kaikille kukille, huonekasveille, ruusuille, vihanneksille, puille ja pensaille.<\/li>\n<\/ul>\n<p><strong>Koostumus:<\/strong> Yleinen typpi (N) vesiliukoinen 18,0%, josta nitraattityppe\u00e4 (NO3-N) 5,3%, ammoniumtyppe\u00e4 (NH4-N) 3,5%, urean typpe\u00e4 (Ureas-N) 9,2% fosforipentoksidia (P2O5) vesiliukoinen 18,0% kaliumoksidia (K2O) vesiliukoinen 18,0% magnesiumoksidia (MgO) 3,1% vesiliukoinen sulfaatti (SO3) 6. 382%, vesiliukoinen rikki (S) 2,55%, vesiliukoinen natrium (Na) 0,160% vesiliukoinen boori (B) 0,025% vesiliukoinen kupari (Cu-EDTA) 0,010% vesiliukoinen rauta (Fe-EDTA) 0,175% vesiliukoinen mangaani (Mn-EDTA) 0,06% vesiliukoinen molybdeeni (Mo) 0,0051% vesiliukoinen sinkki (Zn-EDTA) 0,002%. <\/p>\n<p><strong>K\u00c4YTT\u00d6<\/strong><\/p>\n<ul>\n<li>Sis\u00e4lt\u00e4\u00e4 mittalusikan (vastaa 1 ruokalusikallista).<\/li>\n<li>HUONEKASVIT: 1 mittalusikallinen 3 litraan vett\u00e4.<\/li>\n<li>ULKOKASVIT, PUUT JA PENSAAT: 1 mittalusikallinen 1 litraan vett\u00e4.<\/li>\n<li>Lis\u00e4\u00e4 sopiva m\u00e4\u00e4r\u00e4 lannoitetta purkkiin, lis\u00e4\u00e4 vett\u00e4, sekoita kaikki yhteen ja levit\u00e4 liuos kasvien juurille.<\/li>\n<li>Voidaan k\u00e4ytt\u00e4\u00e4 koko kauden ajan.<\/li>\n<li>Lannoita 7-14 p\u00e4iv\u00e4n v\u00e4lein.<\/li>\n<li>Kun kasvit kasvavat aktiivisesti, lannoitetta voidaan k\u00e4ytt\u00e4\u00e4 jokaisella kastelukerralla.<\/li>\n<li>V\u00e4rin ja muodon erot eiv\u00e4t vaikuta tehokkuuteen.<\/li>\n<\/ul>\n","protected":false},"excerpt":{"rendered":"<ul>\n<li>Yleinen kasviravinne NPK 18-18-18+3MgO<\/li>\n<li>Hyvin tasapainoitettu, kaikkia t\u00e4rkeit\u00e4 ravinteita sis\u00e4lt\u00e4v\u00e4 SCHULTZ GARDEN -lannoite, joka antaa luotettavia tuloksia kaikille sis\u00e4- ja ulkokasveille.<\/li>\n<li>Yleisk\u00e4ytt\u00f6\u00f6n kasvien ravinnetason yll\u00e4pit\u00e4miseksi, terveen kasvun ja hyv\u00e4n v\u00e4rin edist\u00e4miseksi, edist\u00e4\u00e4 kasvien vakaata juurtumista ja kasvamaan suuremmiksi ja kauniimmiksi.<\/li>\n<li>Kaikille kukille, huonekasveille, ruusuille, vihanneksille, puille ja pensaille.<\/li>\n<\/ul>\n","protected":false},"featured_media":41271,"template":"","meta":{"_acf_changed":false,"_seopress_robots_primary_cat":"","_seopress_titles_title":"SCHULTZ Yleislannoite 350g","_seopress_titles_desc":"SCHULTZ Yleislannoite 350g - NPK 18-18-18+3MgO. Yleisk\u00e4ytt\u00f6\u00f6n kasvien ravinnetason yll\u00e4pit\u00e4miseksi, terveen kasvun ja hyv\u00e4n v\u00e4rin edist\u00e4miseksi. ","_seopress_robots_index":"","_gspb_post_css":""},"product_brand":[],"product_cat":[2467,2392,2461,2438,2460],"product_tag":[],"class_list":{"0":"post-41269","1":"product","2":"type-product","3":"status-publish","4":"has-post-thumbnail","6":"product_cat-huonekasvien-lannoitteet","7":"product_cat-kaikki-luokat","8":"product_cat-kasteluun-sekoitettava-lannoite","9":"product_cat-lannoitteet","10":"product_cat-puutarhalannoitteet","12":"first","13":"instock","14":"sale","15":"taxable","16":"shipping-taxable","17":"purchasable","18":"product-type-simple"},"ct_brands":[],"acf":[],"_links":{"self":[{"href":"https:\/\/agrozone.ee\/fi\/wp-json\/wp\/v2\/product\/41269","targetHints":{"allow":["GET"]}}],"collection":[{"href":"https:\/\/agrozone.ee\/fi\/wp-json\/wp\/v2\/product"}],"about":[{"href":"https:\/\/agrozone.ee\/fi\/wp-json\/wp\/v2\/types\/product"}],"wp:featuredmedia":[{"embeddable":true,"href":"https:\/\/agrozone.ee\/fi\/wp-json\/wp\/v2\/media\/41271"}],"wp:attachment":[{"href":"https:\/\/agrozone.ee\/fi\/wp-json\/wp\/v2\/media?parent=41269"}],"wp:term":[{"taxonomy":"product_brand","embeddable":true,"href":"https:\/\/agrozone.ee\/fi\/wp-json\/wp\/v2\/product_brand?post=41269"},{"taxonomy":"product_cat","embeddable":true,"href":"https:\/\/agrozone.ee\/fi\/wp-json\/wp\/v2\/product_cat?post=41269"},{"taxonomy":"product_tag","embeddable":true,"href":"https:\/\/agrozone.ee\/fi\/wp-json\/wp\/v2\/product_tag?post=41269"}],"curies":[{"name":"wp","href":"https:\/\/api.w.org\/{rel}","templated":true}]}}