{"id":41278,"date":"2024-06-09T16:16:10","date_gmt":"2024-06-09T14:16:10","guid":{"rendered":"https:\/\/agrozone.ee\/toode\/kesakukkien-lannoitetabletit-reheva-kukinta-koko-kesaksi\/"},"modified":"2025-05-29T07:24:41","modified_gmt":"2025-05-29T05:24:41","slug":"kesakukkien-lannoitetabletit-reheva-kukinta-koko-kesaksi","status":"publish","type":"product","link":"https:\/\/agrozone.ee\/fi\/tuote\/kesakukkien-lannoitetabletit-reheva-kukinta-koko-kesaksi\/","title":{"rendered":"Kes\u00e4kukkien lannoitetabletit &#8211; Rehev\u00e4 kukinta koko kes\u00e4ksi!"},"content":{"rendered":"<p><strong>KES\u00c4KUKKIEN LANNOITETABLETIT ~100g (pakkauksessa v\u00e4hint\u00e4\u00e4n 9 kpl) VAIKUTUSAIKA 6 KUUKAUTTA<\/strong><\/p>\n<ul>\n<li>N-P2O5-K2O (MgO+SO3) 14-9-15 (2+13)<\/li>\n<\/ul>\n<p data-sourcepos=\"3:1-3:19\">Unelmoitko iloisen v\u00e4risest\u00e4 kukkamerest\u00e4 parvekkeellasi tai puutarhassasi koko kes\u00e4n ajan? Kes\u00e4kukkien lannoitetabletit on luotu juuri sit\u00e4 varten, ett\u00e4 kes\u00e4kukkasi olisivat terveit\u00e4, vahvoja ja kukkisivat runsaasti kuukausien ajan! <\/p>\n<p data-sourcepos=\"5:1-5:37\"><strong>Miksi valita lannoitetabletit?<\/strong><\/p>\n<ul data-sourcepos=\"7:1-7:33\">\n<li data-sourcepos=\"7:1-7:33\"><strong>Pitk\u00e4aikainen vaikutus:<\/strong> Yksi tabletti varmistaa ravinteiden asteittaisen vapautumisen jopa 6 kuukauden ajan, joten sinun ei tarvitse huolehtia jatkuvasta lannoittamisesta.<\/li>\n<li data-sourcepos=\"8:1-8:159\"><strong>Vahva kasvu ja kukinta:<\/strong> Tabletit sis\u00e4lt\u00e4v\u00e4t kaikkia t\u00e4rkeit\u00e4 makro- ja mikroelementtej\u00e4, joita kes\u00e4kukat tarvitsevat rehev\u00e4\u00e4n kasvuun ja runsaseen kukintaan.<\/li>\n<li data-sourcepos=\"9:1-9:101\"><strong>Helppo k\u00e4ytt\u00e4\u00e4:<\/strong> Aseta tabletit vain multaan ja kastele &#8211; lannoite alkaa toimia v\u00e4litt\u00f6m\u00e4sti.<\/li>\n<li data-sourcepos=\"10:1-10:7\"><strong>Sopii kaikille kes\u00e4kukille:<\/strong> Ihanteellinen sek\u00e4 amppeleihin, parvekelaatikoihin, ruukkuihin ett\u00e4 kukkapenkkiin istutetuille kes\u00e4kukille.<\/li>\n<li data-sourcepos=\"11:1-12:0\"><strong>Ymp\u00e4rist\u00f6yst\u00e4v\u00e4llinen:<\/strong> Tabletit on luotu ymp\u00e4rist\u00f6\u00e4 s\u00e4\u00e4st\u00e4en, jotta kukkasi ja ymp\u00e4r\u00f6iv\u00e4 ymp\u00e4rist\u00f6 olisivat suojattuja.<\/li>\n<\/ul>\n<p data-sourcepos=\"13:1-13:77\"><strong>Anna kes\u00e4kukillesi paras mahdollinen alku ja nauti niiden kauneudesta koko kes\u00e4n!<\/strong><\/p>\n<p data-sourcepos=\"17:1-17:71\"><strong>Lis\u00e4\u00e4 n\u00e4m\u00e4 ostoskoriisi jo t\u00e4n\u00e4\u00e4n ja anna kes\u00e4kukkiesi loistaa!<\/strong><\/p>\n<p><strong>K\u00c4YTT\u00d6<\/strong><\/p>\n<ul>\n<li>K\u00e4yt\u00e4 kerran vuodessa, mieluiten kev\u00e4\u00e4ll\u00e4 kasvukauden alussa.<\/li>\n<li>Paina tabletit multaan kasvin juurien viereen.<\/li>\n<li>Istutettaessa aseta lannoitetabletit multaan juuripaakun alle.<\/li>\n<li>Jos k\u00e4yt\u00e4t useita tabletteja, paina ne multaan tasaisin v\u00e4lein.<\/li>\n<li>Kastele hyvin lannoituksen j\u00e4lkeen.<\/li>\n<\/ul>\n<p><strong>Amppelit, ruukkukasvit:<\/strong><\/p>\n<p>ruukun halkaisijan mukaan<\/p>\n<ul>\n<li>1 kpl &#8211; \u00d8 0-10 cm<\/li>\n<li>2 kpl &#8211; \u00d8 10-15 cm<\/li>\n<li>3kpl &#8211; \u00d8 15-20 cm<\/li>\n<li>4 kpl &#8211; \u00d8 20-30 cm<\/li>\n<li>5-6 kpl &#8211; \u00d8 30-40 cm.<\/li>\n<\/ul>\n<p><strong>Parvekelaatikot, kukkapenkit:<\/strong><\/p>\n<ul>\n<li>1 tabletti jokaista kasvia kohti (pelargonit, petuniat, begoniat ja muut kes\u00e4kukat).<\/li>\n<\/ul>\n<p><strong>SIS\u00c4LT\u00d6<\/strong><\/p>\n<ul>\n<li>PFC 1(C)(I)(a)(ii) Makroravinteita sis\u00e4lt\u00e4v\u00e4 kiinte\u00e4 moniravinnemineraalilannoite N-P2O5-K2O (MgO+SO3) 14-9-15 (2+13).<\/li>\n<\/ul>\n<p><strong>Ravintoaineiden pitoisuus painoprosentteina (%): <\/strong><\/p>\n<p>Yleinen typpi (N) 14%, josta nitraattityppe\u00e4 (NO3-N) 6,3%, ammoniumtyppe\u00e4 (NH4-N) 7,7%, neutraalissa ammoniumsitraatissa ja vedess\u00e4 liukenevaa difosforipentoksidia (P2O5) 9%, vedess\u00e4 liukenevaa difosforipentoksidia (P2O5) 7,2%, vedess\u00e4 liukenevaa dikaliumoksidia (K2O) 15%, magnesiumoksidia (MgO) 2%, vedess\u00e4 liukenevaa rikkitrioksidia (SO3) 13%, booria (B) 0,03%, kuparia (Cu) 0,02%, rautaa (Fe) 0,4%, josta EDTA-kelaattina rautaa (Fe) 0,2%, mangaania (Mn) 0,1%, molybdeenia (Mo) 0,02%, sinkki\u00e4 (Zn) 0,05%.<\/p>\n<p><strong>Rakeisuus:<\/strong><\/p>\n<ul>\n<li>rakeita.<\/li>\n<li>90% seoksesta koostuu 2,0-4,5 mm rakeista.<\/li>\n<li>Matala kloridipitoisuus.<\/li>\n<li>K\u00e4yt\u00e4 vain, jos tarve on todettu.<\/li>\n<li>\u00c4l\u00e4 ylit\u00e4 suositeltuja m\u00e4\u00e4ri\u00e4.<\/li>\n<\/ul>\n<p><strong>Valmistaja:<\/strong> Plantacote N.V., Belgia<\/p>\n","protected":false},"excerpt":{"rendered":"<ul>\n<li>Pitk\u00e4vaikutteinen lannoite, joka sopii k\u00e4ytett\u00e4v\u00e4ksi kes\u00e4kukkien amppeleissa ja parvekelaatikoissa, ruukkukasveille, taimille, koristepensaille ja kukkapenkkiin.<\/li>\n<li>Edist\u00e4\u00e4 voimakasta kasvua ja pitk\u00e4kestoista kukintaa koko kasvukauden ajan.<\/li>\n<li>Lannoitteen erityinen sidosrakenne mahdollistaa ravinteiden vapautumisen asteittain kasvin tarpeen mukaan 6 kuukauden ajan.<\/li>\n<li>Sis\u00e4lt\u00e4\u00e4 kaikkia t\u00e4rkeit\u00e4 makro- ja mikroelementtej\u00e4 kasvien rehev\u00e4\u00e4n kasvuun.<\/li>\n<li>N-P2O5-K2O (MgO+SO3) 14-9-15 (2+13)<\/li>\n<\/ul>\n","protected":false},"featured_media":41279,"template":"","meta":{"_acf_changed":false,"_seopress_robots_primary_cat":"none","_seopress_titles_title":"Kes\u00e4kukkien lannoitetabletit - Voimakas kasvu ja kukinta 6 kuukauden ajan","_seopress_titles_desc":"Kes\u00e4kukkien lannoitetabletit - Pitk\u00e4vaikutteinen lannoite, joka sopii k\u00e4ytett\u00e4v\u00e4ksi kes\u00e4kukkien amppeleissa ja parvekelaatikoissa, taimille, koristepensaille, kukkapenkiss\u00e4.","_seopress_robots_index":"","_gspb_post_css":""},"product_brand":[],"product_cat":[2467,2392,2438,2464],"product_tag":[],"class_list":{"0":"post-41278","1":"product","2":"type-product","3":"status-publish","4":"has-post-thumbnail","6":"product_cat-huonekasvien-lannoitteet","7":"product_cat-kaikki-luokat","8":"product_cat-lannoitteet","9":"product_cat-nopeasti-vaikuttava-lannoite","11":"first","12":"instock","13":"featured","14":"taxable","15":"shipping-taxable","16":"purchasable","17":"product-type-simple"},"ct_brands":[],"acf":[],"_links":{"self":[{"href":"https:\/\/agrozone.ee\/fi\/wp-json\/wp\/v2\/product\/41278","targetHints":{"allow":["GET"]}}],"collection":[{"href":"https:\/\/agrozone.ee\/fi\/wp-json\/wp\/v2\/product"}],"about":[{"href":"https:\/\/agrozone.ee\/fi\/wp-json\/wp\/v2\/types\/product"}],"wp:featuredmedia":[{"embeddable":true,"href":"https:\/\/agrozone.ee\/fi\/wp-json\/wp\/v2\/media\/41279"}],"wp:attachment":[{"href":"https:\/\/agrozone.ee\/fi\/wp-json\/wp\/v2\/media?parent=41278"}],"wp:term":[{"taxonomy":"product_brand","embeddable":true,"href":"https:\/\/agrozone.ee\/fi\/wp-json\/wp\/v2\/product_brand?post=41278"},{"taxonomy":"product_cat","embeddable":true,"href":"https:\/\/agrozone.ee\/fi\/wp-json\/wp\/v2\/product_cat?post=41278"},{"taxonomy":"product_tag","embeddable":true,"href":"https:\/\/agrozone.ee\/fi\/wp-json\/wp\/v2\/product_tag?post=41278"}],"curies":[{"name":"wp","href":"https:\/\/api.w.org\/{rel}","templated":true}]}}