{"id":41280,"date":"2024-10-14T11:27:05","date_gmt":"2024-10-14T09:27:05","guid":{"rendered":"https:\/\/agrozone.ee\/toode\/talvipeite-16-x-5-m-rulla\/"},"modified":"2024-10-14T11:27:05","modified_gmt":"2024-10-14T09:27:05","slug":"talvipeite-16-x-5-m-rulla","status":"publish","type":"product","link":"https:\/\/agrozone.ee\/fi\/tuote\/talvipeite-16-x-5-m-rulla\/","title":{"rendered":"Talvipeite 1,6 x 5 m (rulla)"},"content":{"rendered":"<p><strong>Talvipeite 1,6\u00d75 m<\/strong>, 8 m\u00b2, <strong>75g\/m2<\/strong><\/p>\n<p>Talvipeite suojaa kylm\u00e4narkoja pensaita, koriste- ja havupuita, ruusupensaita, alppiruusuja, perennoja, k\u00f6ynn\u00f6skasveja ja yrttej\u00e4 talvella kylm\u00e4lt\u00e4 ja kev\u00e4\u00e4ll\u00e4 auringon aiheuttamilta vaurioilta.<\/p>\n<p>&nbsp;<\/p>\n<h3>K\u00e4ytt\u00f6ohjeet<\/h3>\n<ul>\n<li>Peite asetetaan kasveille pysyvien pakkasten saapuessa ja poistetaan maanpinnan sulamisen j\u00e4lkeen.<\/li>\n<li>Herkkien kasvien kohdalla on tarpeen tukea.<\/li>\n<li>Kangas l\u00e4p\u00e4isee ilmaa ja suojaa kasveja taudeilta.<\/li>\n<li>Kasvien poistamisen j\u00e4lkeen kangas kuivataan ja s\u00e4ilytet\u00e4\u00e4n seuraavaan talveen asti.<\/li>\n<\/ul>\n","protected":false},"excerpt":{"rendered":"<p>Talvipeite suojaa kylm\u00e4narkoja pensaita, koriste- ja havupuita, ruusupensaita, alppiruusuja, perennoja, k\u00f6ynn\u00f6skasveja ja yrttej\u00e4 talvella kylm\u00e4lt\u00e4 ja kev\u00e4\u00e4ll\u00e4 auringon aiheuttamilta vaurioilta.<\/p>\n","protected":false},"featured_media":41281,"template":"","meta":{"_acf_changed":false,"_seopress_robots_primary_cat":"none","_seopress_titles_title":"Talvipeite 1,6 x 5 m - Kasvien suojaus talvella","_seopress_titles_desc":"Talvipeite 1,6 x 5 m suojaa kylm\u00e4narkoja kasveja talvella ja kev\u00e4\u00e4ll\u00e4. Laadukas ratkaisu kasvien terveyden yll\u00e4pit\u00e4miseen kaikissa s\u00e4\u00e4olosuhteissa. ","_seopress_robots_index":"","_gspb_post_css":""},"product_brand":[],"product_cat":[2392,2448,2458],"product_tag":[],"class_list":{"0":"post-41280","1":"product","2":"type-product","3":"status-publish","4":"has-post-thumbnail","6":"product_cat-kaikki-luokat","7":"product_cat-kasvinsuojelukankaat-ja-maanpeitekankaat","8":"product_cat-talvisuojat","9":"product_shipping_class-ei-mahdu-automaattiin","11":"first","12":"instock","13":"taxable","14":"shipping-taxable","15":"purchasable","16":"product-type-simple"},"ct_brands":[],"acf":[],"_links":{"self":[{"href":"https:\/\/agrozone.ee\/fi\/wp-json\/wp\/v2\/product\/41280","targetHints":{"allow":["GET"]}}],"collection":[{"href":"https:\/\/agrozone.ee\/fi\/wp-json\/wp\/v2\/product"}],"about":[{"href":"https:\/\/agrozone.ee\/fi\/wp-json\/wp\/v2\/types\/product"}],"wp:featuredmedia":[{"embeddable":true,"href":"https:\/\/agrozone.ee\/fi\/wp-json\/wp\/v2\/media\/41281"}],"wp:attachment":[{"href":"https:\/\/agrozone.ee\/fi\/wp-json\/wp\/v2\/media?parent=41280"}],"wp:term":[{"taxonomy":"product_brand","embeddable":true,"href":"https:\/\/agrozone.ee\/fi\/wp-json\/wp\/v2\/product_brand?post=41280"},{"taxonomy":"product_cat","embeddable":true,"href":"https:\/\/agrozone.ee\/fi\/wp-json\/wp\/v2\/product_cat?post=41280"},{"taxonomy":"product_tag","embeddable":true,"href":"https:\/\/agrozone.ee\/fi\/wp-json\/wp\/v2\/product_tag?post=41280"}],"curies":[{"name":"wp","href":"https:\/\/api.w.org\/{rel}","templated":true}]}}