{"id":41283,"date":"2024-06-09T15:50:12","date_gmt":"2024-06-09T12:50:12","guid":{"rendered":"https:\/\/agrozone.ee\/toode\/kompostin-kaynnistin-2-kg\/"},"modified":"2025-12-09T09:40:51","modified_gmt":"2025-12-09T07:40:51","slug":"kompostin-kaynnistin-2-kg","status":"publish","type":"product","link":"https:\/\/agrozone.ee\/fi\/tuote\/kompostin-kaynnistin-2-kg\/","title":{"rendered":"Kompostin k\u00e4ynnistin 2 kg"},"content":{"rendered":"<ul>\n<li>Kompostoinnin k\u00e4ynnistin t\u00e4ysipainoisen kompostin saamiseksi puutarha- ja keitti\u00f6j\u00e4tteist\u00e4.<\/li>\n<li>Kompostin k\u00e4ynnistin nopeuttaa kompostoitumista ravinteiden ansiosta, joita hajottavat mikro-organismit tarvitsevat.<\/li>\n<li>Kompostoinnin k\u00e4ynnistingranulaatit sis\u00e4lt\u00e4v\u00e4t runsaasti typpe\u00e4.<\/li>\n<\/ul>\n<h4>K\u00e4ytt\u00f6ohjeet<\/h4>\n<ul>\n<li>Komposti valmistuu nopeasti, kun lis\u00e4\u00e4t noin 2 rkl (noin 20 ml 1 litraan).<\/li>\n<li>Kompostin k\u00e4ynnistin nopeuttaa orgaanisen j\u00e4tteen kompostoitumista.<\/li>\n<li>Nopeuttaa hajoamista, s\u00e4ilytt\u00e4\u00e4 tarvittavan kosteuden, nostaa k\u00e4ymisl\u00e4mp\u00f6tilaa, aktivoi humuksen muodostumista ja kompostin kypsymist\u00e4.<\/li>\n<\/ul>\n<p><strong>K\u00c4YTT\u00d6OHJE.<\/strong><\/p>\n<ul>\n<li>Ripottele kerroksittain 5\u201310 cm v\u00e4lein kompostimassan sekaan 100 g.<\/li>\n<li>Ruiskuttaa syksyll\u00e4 sadonkorjuun j\u00e4lkeen pudonneille omenapuun lehdille 5 %:n liuoksena (100 g \/ 2 l vett\u00e4).<\/li>\n<li>100 g = noin kahvikupillinen 1,5 dl.<\/li>\n<\/ul>\n<p><strong>S\u00c4ILYTYS.<\/strong> S\u00e4ilyt\u00e4 alkuper\u00e4ispakkauksessa, kuivassa, lasten ja kotiel\u00e4inten ulottumattomissa. S\u00e4ilyvyysaika: Oikein s\u00e4ilytettyn\u00e4 k\u00e4ytt\u00f6aika ei ole rajoitettu. <\/p>\n","protected":false},"excerpt":{"rendered":"<ul>\n<li>Kompostoinnin k\u00e4ynnistin t\u00e4ysipainoisen kompostin saamiseksi puutarha- ja keitti\u00f6j\u00e4tteist\u00e4.<\/li>\n<li>Kompostin k\u00e4ynnistin nopeuttaa kompostoitumista ravinteiden ansiosta, joita hajottavat mikro-organismit tarvitsevat.<\/li>\n<li>Kompostoinnin k\u00e4ynnistingranulaatit sis\u00e4lt\u00e4v\u00e4t runsaasti typpe\u00e4.<\/li>\n<\/ul>\n","protected":false},"featured_media":56768,"template":"","meta":{"_acf_changed":false,"_seopress_robots_primary_cat":"","_seopress_titles_title":"","_seopress_titles_desc":"Kompostoinnin k\u00e4ynnistin t\u00e4ysipainoisen kompostin saamiseksi puutarha- ja keitti\u00f6j\u00e4tteist\u00e4. Kompostoinnin k\u00e4ynnistingranulaatit sis\u00e4lt\u00e4v\u00e4t runsaasti typpe\u00e4. ","_seopress_robots_index":"","_gspb_post_css":""},"product_brand":[],"product_cat":[2392,2369,2363],"product_tag":[],"class_list":{"0":"post-41283","1":"product","2":"type-product","3":"status-publish","4":"has-post-thumbnail","6":"product_cat-kaikki-luokat","7":"product_cat-komposti","8":"product_cat-puutarhatarvikkeet","10":"first","11":"instock","12":"taxable","13":"shipping-taxable","14":"purchasable","15":"product-type-simple"},"ct_brands":[],"acf":[],"_links":{"self":[{"href":"https:\/\/agrozone.ee\/fi\/wp-json\/wp\/v2\/product\/41283","targetHints":{"allow":["GET"]}}],"collection":[{"href":"https:\/\/agrozone.ee\/fi\/wp-json\/wp\/v2\/product"}],"about":[{"href":"https:\/\/agrozone.ee\/fi\/wp-json\/wp\/v2\/types\/product"}],"wp:featuredmedia":[{"embeddable":true,"href":"https:\/\/agrozone.ee\/fi\/wp-json\/wp\/v2\/media\/56768"}],"wp:attachment":[{"href":"https:\/\/agrozone.ee\/fi\/wp-json\/wp\/v2\/media?parent=41283"}],"wp:term":[{"taxonomy":"product_brand","embeddable":true,"href":"https:\/\/agrozone.ee\/fi\/wp-json\/wp\/v2\/product_brand?post=41283"},{"taxonomy":"product_cat","embeddable":true,"href":"https:\/\/agrozone.ee\/fi\/wp-json\/wp\/v2\/product_cat?post=41283"},{"taxonomy":"product_tag","embeddable":true,"href":"https:\/\/agrozone.ee\/fi\/wp-json\/wp\/v2\/product_tag?post=41283"}],"curies":[{"name":"wp","href":"https:\/\/api.w.org\/{rel}","templated":true}]}}