{"id":41286,"date":"2024-10-07T13:50:39","date_gmt":"2024-10-07T11:50:39","guid":{"rendered":"https:\/\/agrozone.ee\/toode\/petunia-celebrity-regular-mix\/"},"modified":"2024-10-07T13:50:39","modified_gmt":"2024-10-07T11:50:39","slug":"petunia-celebrity-regular-mix","status":"publish","type":"product","link":"https:\/\/agrozone.ee\/fi\/tuote\/petunia-celebrity-regular-mix\/","title":{"rendered":"Petunia &#8216;Celebrity Regular Mix&#8217;"},"content":{"rendered":"<p><b><i>Petunia<\/i> \u00d7 <i>atkinsiana<\/i><\/b> (synonym: <i>Petunia<\/i> \u00d7 <i>hybrida<\/i>)<\/p>\n<ul>\n<li class=\"plained\">Matalakasvuinen ja kompakti hybridipetunialajike.<\/li>\n<li class=\"plained\">Eri v\u00e4rien sekoitus.<\/li>\n<li class=\"plained\">Eritt\u00e4in hyv\u00e4 sateenkesto.<\/li>\n<li class=\"plained\">Korkeus: 30 cm.<\/li>\n<li class=\"plained\">Pakkauksessa 30 pellettoitua siement\u00e4.<\/li>\n<\/ul>\n<p>&nbsp;<\/p>\n<ul>\n<li class=\"plained\">Pellettoidut siemenet kylv\u00f6n helpottamiseksi.<\/li>\n<li class=\"plained\">Kylvettyj\u00e4 siemeni\u00e4 ei peitet\u00e4 mullalla.<\/li>\n<li class=\"plained\">Suosii aurinkoista ja tuulensuojaista kasvupaikkaa sek\u00e4 ravinteikasta ja vett\u00e4 l\u00e4p\u00e4isev\u00e4\u00e4 maaper\u00e4\u00e4.<\/li>\n<\/ul>\n","protected":false},"excerpt":{"rendered":"<ul>\n<li class=\"plained\">Matalakasvuinen ja kompakti hybridipetunialajike.<\/li>\n<li class=\"plained\">Eri v\u00e4rien sekoitus.<\/li>\n<li class=\"plained\">Eritt\u00e4in hyv\u00e4 sateenkesto.<\/li>\n<li class=\"plained\">Korkeus: 30 cm.<\/li>\n<\/ul>\n","protected":false},"featured_media":41288,"template":"","meta":{"_acf_changed":false,"_seopress_robots_primary_cat":"none","_seopress_titles_title":"Petunia 'Celebrity Regular Mix' - Kompakti ja V\u00e4rik\u00e4s","_seopress_titles_desc":"Matalakasvuinen petunia, joka tarjoaa erilaisia v\u00e4rej\u00e4 ja hyv\u00e4\u00e4 sateenkestoa. Ihanteellinen valinta jokaiseen puutarhaan. Kylv\u00e4mist\u00e4 varten 30 pellettoitua siement\u00e4.  ","_seopress_robots_index":"","_gspb_post_css":""},"product_brand":[],"product_cat":[2392,2423,2432,2399],"product_tag":[],"class_list":{"0":"post-41286","1":"product","2":"type-product","3":"status-publish","4":"has-post-thumbnail","6":"product_cat-kaikki-luokat","7":"product_cat-kukkien-siemenet","8":"product_cat-petunia-fi","9":"product_cat-siemenet","11":"first","12":"instock","13":"featured","14":"taxable","15":"shipping-taxable","16":"purchasable","17":"product-type-simple"},"ct_brands":[],"acf":[],"_links":{"self":[{"href":"https:\/\/agrozone.ee\/fi\/wp-json\/wp\/v2\/product\/41286","targetHints":{"allow":["GET"]}}],"collection":[{"href":"https:\/\/agrozone.ee\/fi\/wp-json\/wp\/v2\/product"}],"about":[{"href":"https:\/\/agrozone.ee\/fi\/wp-json\/wp\/v2\/types\/product"}],"wp:featuredmedia":[{"embeddable":true,"href":"https:\/\/agrozone.ee\/fi\/wp-json\/wp\/v2\/media\/41288"}],"wp:attachment":[{"href":"https:\/\/agrozone.ee\/fi\/wp-json\/wp\/v2\/media?parent=41286"}],"wp:term":[{"taxonomy":"product_brand","embeddable":true,"href":"https:\/\/agrozone.ee\/fi\/wp-json\/wp\/v2\/product_brand?post=41286"},{"taxonomy":"product_cat","embeddable":true,"href":"https:\/\/agrozone.ee\/fi\/wp-json\/wp\/v2\/product_cat?post=41286"},{"taxonomy":"product_tag","embeddable":true,"href":"https:\/\/agrozone.ee\/fi\/wp-json\/wp\/v2\/product_tag?post=41286"}],"curies":[{"name":"wp","href":"https:\/\/api.w.org\/{rel}","templated":true}]}}