{"id":41296,"date":"2024-06-09T16:00:48","date_gmt":"2024-06-09T13:00:48","guid":{"rendered":"https:\/\/agrozone.ee\/toode\/kaltsiumnitraatti-1-kg\/"},"modified":"2024-06-09T16:00:48","modified_gmt":"2024-06-09T14:00:48","slug":"kaltsiumnitraatti-1-kg","status":"publish","type":"product","link":"https:\/\/agrozone.ee\/fi\/tuote\/kaltsiumnitraatti-1-kg\/","title":{"rendered":"Kaltsiumnitraatti 1 kg"},"content":{"rendered":"<p>Kaltsiumnitraatti on nopeasti vaikuttava, veteen liukeneva typpilannoite, joka sis\u00e4lt\u00e4\u00e4 kalsiumia. Sit\u00e4 k\u00e4ytet\u00e4\u00e4n kasvihuone- ja puutarhakasvien kasteluun ja lehtien kautta tapahtuvaan lannoitukseen.<\/p>\n<p>&nbsp;<\/p>\n<h3>K\u00e4ytt\u00f6ohjeet<\/h3>\n<p>Lis\u00e4t\u00e4\u00e4n 1\u201320 g 10 litraan vett\u00e4.<\/p>\n","protected":false},"excerpt":{"rendered":"<p>Kaltsiumnitraatti on nopeasti vaikuttava, veteen liukeneva typpilannoite, joka sis\u00e4lt\u00e4\u00e4 kalsiumia. Sit\u00e4 k\u00e4ytet\u00e4\u00e4n kasvihuone- ja puutarhakasvien kasteluun ja lehtien kautta tapahtuvaan lannoitukseen.<\/p>\n","protected":false},"featured_media":57634,"template":"","meta":{"_acf_changed":false,"_seopress_robots_primary_cat":"","_seopress_titles_title":"","_seopress_titles_desc":"Kaltsiumnitraatti on nopeasti vaikuttava, veteen liukeneva typpilannoite, joka sis\u00e4lt\u00e4\u00e4 kalsiumia. Sit\u00e4 k\u00e4ytet\u00e4\u00e4n kasvihuone- ja puutarhakasvien kasteluun ja lehtien kautta tapahtuvaan lannoitukseen.","_seopress_robots_index":"","_gspb_post_css":""},"product_brand":[],"product_cat":[2392,2438,2460],"product_tag":[],"class_list":{"0":"post-41296","1":"product","2":"type-product","3":"status-publish","4":"has-post-thumbnail","6":"product_cat-kaikki-luokat","7":"product_cat-lannoitteet","8":"product_cat-puutarhalannoitteet","10":"first","11":"instock","12":"taxable","13":"shipping-taxable","14":"purchasable","15":"product-type-simple"},"ct_brands":[],"acf":[],"_links":{"self":[{"href":"https:\/\/agrozone.ee\/fi\/wp-json\/wp\/v2\/product\/41296","targetHints":{"allow":["GET"]}}],"collection":[{"href":"https:\/\/agrozone.ee\/fi\/wp-json\/wp\/v2\/product"}],"about":[{"href":"https:\/\/agrozone.ee\/fi\/wp-json\/wp\/v2\/types\/product"}],"wp:featuredmedia":[{"embeddable":true,"href":"https:\/\/agrozone.ee\/fi\/wp-json\/wp\/v2\/media\/57634"}],"wp:attachment":[{"href":"https:\/\/agrozone.ee\/fi\/wp-json\/wp\/v2\/media?parent=41296"}],"wp:term":[{"taxonomy":"product_brand","embeddable":true,"href":"https:\/\/agrozone.ee\/fi\/wp-json\/wp\/v2\/product_brand?post=41296"},{"taxonomy":"product_cat","embeddable":true,"href":"https:\/\/agrozone.ee\/fi\/wp-json\/wp\/v2\/product_cat?post=41296"},{"taxonomy":"product_tag","embeddable":true,"href":"https:\/\/agrozone.ee\/fi\/wp-json\/wp\/v2\/product_tag?post=41296"}],"curies":[{"name":"wp","href":"https:\/\/api.w.org\/{rel}","templated":true}]}}