{"id":41299,"date":"2024-06-09T15:50:11","date_gmt":"2024-06-09T12:50:11","guid":{"rendered":"https:\/\/agrozone.ee\/toode\/orkideoiden-kastelu-lannoite-300-g\/"},"modified":"2025-11-13T21:27:56","modified_gmt":"2025-11-13T19:27:56","slug":"orkideoiden-kastelu-lannoite-300-g","status":"publish","type":"product","link":"https:\/\/agrozone.ee\/fi\/tuote\/orkideoiden-kastelu-lannoite-300-g\/","title":{"rendered":"Orkideoiden kastelu lannoite 300 g"},"content":{"rendered":"<p><strong>Orkideoiden kastelu lannoite 300 g<\/strong><\/p>\n<ul>\n<li>Nopeasti vaikuttava, erityisesti orkideojen kasvatukseen kehitetty tasapainoisen koostumuksen omaava t\u00e4yslannoite, josta orkideat imev\u00e4t ravinteet eritt\u00e4in helposti.<\/li>\n<li>Sopii kaikille orkidealajeille.<\/li>\n<li>Sis\u00e4lt\u00e4\u00e4 kaikkia kasveille t\u00e4rkeit\u00e4 hivenaineita helposti omaksuttavassa muodossa.<\/li>\n<li>Aktivoi kukintaa, orkideoiden kukat ovat kauniita ja rehevi\u00e4.<\/li>\n<li>Kasvi kukkii pitk\u00e4\u00e4n ja on terve.<\/li>\n<\/ul>\n<h3>K\u00e4ytt\u00f6ohjeet<\/h3>\n<ul>\n<li>Liuota jauhe veteen ja kastele kasveja yhdell\u00e4 tasaisella mitallisella* 1 litraan vett\u00e4 valmistetulla liuoksella tai upota juuret ruukkuineen lannoiteliuokseen 15 minuutiksi.<\/li>\n<li>Kasteluun on suositeltavaa k\u00e4ytt\u00e4\u00e4 keitetty\u00e4 tai sadevett\u00e4.<\/li>\n<li>Intensiivisen kasvun ja kukinnan aikana lannoitetaan kerran viikossa, lepokaudella kerran kuukaudessa.<\/li>\n<li>* \u00c4mp\u00e4riss\u00e4 on mitallinen.<\/li>\n<li>1 kukkuramitallinen lannoitetta = 2 g.<\/li>\n<li>300 g riitt\u00e4\u00e4 600 litraan vett\u00e4.<\/li>\n<\/ul>\n","protected":false},"excerpt":{"rendered":"<ul>\n<li>Nopeasti vaikuttava, erityisesti orkideojen kasvatukseen kehitetty tasapainoisen koostumuksen omaava t\u00e4yslannoite, josta orkideat imev\u00e4t ravinteet eritt\u00e4in helposti.<\/li>\n<li>Sopii kaikille orkidealajeille.<\/li>\n<li>Sis\u00e4lt\u00e4\u00e4 kaikkia kasveille t\u00e4rkeit\u00e4 hivenaineita helposti omaksuttavassa muodossa.<\/li>\n<li>Aktivoi kukintaa, orkideoiden kukat ovat kauniita ja rehevi\u00e4.<\/li>\n<li>Kasvi kukkii pitk\u00e4\u00e4n ja on terve.<\/li>\n<\/ul>\n","protected":false},"featured_media":57606,"template":"","meta":{"_acf_changed":false,"_seopress_robots_primary_cat":"","_seopress_titles_title":"","_seopress_titles_desc":"Orkideoiden kastelu lannoite - nopeasti vaikuttava, erityisesti orkideojen kasvatukseen kehitetty tasapainoisen koostumuksen omaava t\u00e4yslannoite.","_seopress_robots_index":"","_gspb_post_css":""},"product_brand":[],"product_cat":[2467,2392,2461,2438],"product_tag":[],"class_list":{"0":"post-41299","1":"product","2":"type-product","3":"status-publish","4":"has-post-thumbnail","6":"product_cat-huonekasvien-lannoitteet","7":"product_cat-kaikki-luokat","8":"product_cat-kasteluun-sekoitettava-lannoite","9":"product_cat-lannoitteet","11":"first","12":"instock","13":"taxable","14":"shipping-taxable","15":"purchasable","16":"product-type-simple"},"ct_brands":[],"acf":[],"_links":{"self":[{"href":"https:\/\/agrozone.ee\/fi\/wp-json\/wp\/v2\/product\/41299","targetHints":{"allow":["GET"]}}],"collection":[{"href":"https:\/\/agrozone.ee\/fi\/wp-json\/wp\/v2\/product"}],"about":[{"href":"https:\/\/agrozone.ee\/fi\/wp-json\/wp\/v2\/types\/product"}],"wp:featuredmedia":[{"embeddable":true,"href":"https:\/\/agrozone.ee\/fi\/wp-json\/wp\/v2\/media\/57606"}],"wp:attachment":[{"href":"https:\/\/agrozone.ee\/fi\/wp-json\/wp\/v2\/media?parent=41299"}],"wp:term":[{"taxonomy":"product_brand","embeddable":true,"href":"https:\/\/agrozone.ee\/fi\/wp-json\/wp\/v2\/product_brand?post=41299"},{"taxonomy":"product_cat","embeddable":true,"href":"https:\/\/agrozone.ee\/fi\/wp-json\/wp\/v2\/product_cat?post=41299"},{"taxonomy":"product_tag","embeddable":true,"href":"https:\/\/agrozone.ee\/fi\/wp-json\/wp\/v2\/product_tag?post=41299"}],"curies":[{"name":"wp","href":"https:\/\/api.w.org\/{rel}","templated":true}]}}