{"id":41303,"date":"2024-06-09T15:57:29","date_gmt":"2024-06-09T12:57:29","guid":{"rendered":"https:\/\/agrozone.ee\/toode\/sipulikukkien-istutuslannoite-1-kg\/"},"modified":"2024-06-09T15:57:29","modified_gmt":"2024-06-09T13:57:29","slug":"sipulikukkien-istutuslannoite-1-kg","status":"publish","type":"product","link":"https:\/\/agrozone.ee\/fi\/tuote\/sipulikukkien-istutuslannoite-1-kg\/","title":{"rendered":"Sipulikukkien istutuslannoite 1 kg"},"content":{"rendered":"<p><strong>Sipulikukkien istutuslannoite 1 kg<\/strong><\/p>\n<ul>\n<li>Istutuslannoite sipulikukille \u2013 tulppaanit, narsissit, hyasintit, krookukset, lumikellot, id\u00e4nsinililjat, kirjopikarililjat, laukut, daaliat, liljat, begoniat, gladiolukset, pionit, kannat, verkkosinisilm\u00e4t ja miekkaliljat.<\/li>\n<li>Rakeinen t\u00e4yslannoite, joka sis\u00e4lt\u00e4\u00e4 tasapainoisessa suhteessa kaikkia juurtumiseen ja kasvuun tarvittavia ravinteita, varmistaa kasville vahvan juuriston kehityksen, voimakkaan kasvun ja my\u00f6hemmin runsaan kukinnan.<\/li>\n<\/ul>\n<h4>K\u00e4ytt\u00f6ohjeet<\/h4>\n<ul>\n<li>K\u00e4ytet\u00e4\u00e4n aikaisin kev\u00e4\u00e4st\u00e4 my\u00f6h\u00e4iseen syksyyn.<\/li>\n<li>Lannoite sekoitetaan tasaisesti sipulikukkien istutusmultaan tai istutuskorin pohjalla olevaan maahan.<\/li>\n<li>K\u00e4ytt\u00f6m\u00e4\u00e4r\u00e4 sipulikukille 200\u2013300 g\/m\u00b2.<\/li>\n<li>20\u201325 g = noin puoli kourallista, 40 g = noin kourallinen.<\/li>\n<\/ul>\n","protected":false},"excerpt":{"rendered":"<p>Rakeinen t\u00e4yslannoite, joka sis\u00e4lt\u00e4\u00e4 tasapainoisessa suhteessa kaikkia juurtumiseen ja kasvuun tarvittavia ravinteita, varmistaa kasville vahvan juuriston kehityksen, voimakkaan kasvun ja my\u00f6hemmin runsaan kukinnan.<\/p>\n","protected":false},"featured_media":56786,"template":"","meta":{"_acf_changed":false,"_seopress_robots_primary_cat":"none","_seopress_titles_title":"","_seopress_titles_desc":"Sipulikukkien istutuslannoite 1 kg - Rakeinen t\u00e4yslannoite, joka sis\u00e4lt\u00e4\u00e4 tasapainoisessa suhteessa kaikkia juurtumiseen ja kasvuun tarvittavia ravintoaineita.","_seopress_robots_index":"","_gspb_post_css":""},"product_brand":[],"product_cat":[2392,2438,2460,2466],"product_tag":[],"class_list":{"0":"post-41303","1":"product","2":"type-product","3":"status-publish","4":"has-post-thumbnail","6":"product_cat-kaikki-luokat","7":"product_cat-lannoitteet","8":"product_cat-puutarhalannoitteet","9":"product_cat-syksy","11":"first","12":"instock","13":"taxable","14":"shipping-taxable","15":"purchasable","16":"product-type-simple"},"ct_brands":[],"acf":[],"_links":{"self":[{"href":"https:\/\/agrozone.ee\/fi\/wp-json\/wp\/v2\/product\/41303","targetHints":{"allow":["GET"]}}],"collection":[{"href":"https:\/\/agrozone.ee\/fi\/wp-json\/wp\/v2\/product"}],"about":[{"href":"https:\/\/agrozone.ee\/fi\/wp-json\/wp\/v2\/types\/product"}],"wp:featuredmedia":[{"embeddable":true,"href":"https:\/\/agrozone.ee\/fi\/wp-json\/wp\/v2\/media\/56786"}],"wp:attachment":[{"href":"https:\/\/agrozone.ee\/fi\/wp-json\/wp\/v2\/media?parent=41303"}],"wp:term":[{"taxonomy":"product_brand","embeddable":true,"href":"https:\/\/agrozone.ee\/fi\/wp-json\/wp\/v2\/product_brand?post=41303"},{"taxonomy":"product_cat","embeddable":true,"href":"https:\/\/agrozone.ee\/fi\/wp-json\/wp\/v2\/product_cat?post=41303"},{"taxonomy":"product_tag","embeddable":true,"href":"https:\/\/agrozone.ee\/fi\/wp-json\/wp\/v2\/product_tag?post=41303"}],"curies":[{"name":"wp","href":"https:\/\/api.w.org\/{rel}","templated":true}]}}