{"id":41304,"date":"2024-06-09T15:58:34","date_gmt":"2024-06-09T13:58:34","guid":{"rendered":"https:\/\/agrozone.ee\/toode\/nurmikon-lannoite-10-kg\/"},"modified":"2024-06-09T15:58:34","modified_gmt":"2024-06-09T13:58:34","slug":"nurmikon-lannoite-10-kg","status":"publish","type":"product","link":"https:\/\/agrozone.ee\/fi\/tuote\/nurmikon-lannoite-10-kg\/","title":{"rendered":"Nurmikon lannoite 10 kg"},"content":{"rendered":"<ul>\n<li>Typpipitoinen nurmikon lannoite, joka stimuloi kasvua ja tiheytt\u00e4.<\/li>\n<li>Kev\u00e4\u00e4ll\u00e4 nurmikon elvytt\u00e4miseen ja kasvun edist\u00e4miseen sopii k\u00e4ytt\u00e4\u00e4 suuremman typpipitoisuuden omaavaa nurmikon lannoitetta tai kev\u00e4\u00e4n nurmikon lannoitetta.<\/li>\n<li><span style=\"font-size: 16px;\">T\u00e4m\u00e4 erikoislannoite tekee nurmikosta tihe\u00e4mm\u00e4n ja kest\u00e4v\u00e4mm\u00e4n kuivuudelle ja rikkakasvien kasvulle.<\/span><\/li>\n<\/ul>\n<h3>K\u00e4ytt\u00f6ohjeet<\/h3>\n<ul>\n<li>Lannoitusta voidaan aloittaa kasvien it\u00e4misen j\u00e4lkeen.<\/li>\n<li>K\u00e4yt\u00e4 varhaiskev\u00e4\u00e4n nurmikon it\u00e4misen j\u00e4lkeen aina keskikes\u00e4\u00e4n asti (maaliskuusta hein\u00e4kuuhun) 1-2 kertaa.<\/li>\n<li>Lannoite levitet\u00e4\u00e4n tasaisesti, mieluiten kuivalle nurmikolle.<\/li>\n<\/ul>\n<p><strong>Lannoitteen m\u00e4\u00e4r\u00e4:<\/strong> 1 kg = 50 m\u00b2. <strong>Lannoitussuositukset:<\/strong> k\u00e4yt\u00e4 vain, jos tarve on todettu. <span style=\"font-size: 16px;\">\u00c4l\u00e4 ylit\u00e4 suositeltuja<\/span><strong style=\"font-size: 16px;\"> m\u00e4\u00e4ri\u00e4.<\/strong><\/p>\n","protected":false},"excerpt":{"rendered":"<ul>\n<li>Typpipitoinen nurmikon lannoite, joka stimuloi kasvua ja tiheytt\u00e4.<\/li>\n<li>Kev\u00e4\u00e4ll\u00e4 nurmikon elvytt\u00e4miseen ja kasvun edist\u00e4miseen sopii k\u00e4ytt\u00e4\u00e4 suuremman typpipitoisuuden omaavaa nurmikon lannoitetta tai kev\u00e4\u00e4n nurmikon lannoitetta.<\/li>\n<li><span style=\"font-size: 16px;\">T\u00e4m\u00e4 erikoislannoite tekee nurmikosta tihe\u00e4mm\u00e4n ja kest\u00e4v\u00e4mm\u00e4n kuivuudelle ja rikkakasvien kasvulle.<\/span><\/li>\n<\/ul>\n","protected":false},"featured_media":41306,"template":"","meta":{"_acf_changed":false,"_seopress_robots_primary_cat":"","_seopress_titles_title":"","_seopress_titles_desc":"Typpipitoinen nurmikon lannoite, joka stimuloi kasvua ja tiheytt\u00e4. T\u00e4m\u00e4 erikoislannoite tekee nurmikosta tihe\u00e4mm\u00e4n ja kest\u00e4v\u00e4mm\u00e4n kuivuudelle ja rikkakasvien kasvulle. ","_seopress_robots_index":"","_gspb_post_css":""},"product_brand":[],"product_cat":[2392,2438,2463],"product_tag":[],"class_list":{"0":"post-41304","1":"product","2":"type-product","3":"status-publish","4":"has-post-thumbnail","6":"product_cat-kaikki-luokat","7":"product_cat-lannoitteet","8":"product_cat-nurmikkolannoitteet","10":"first","11":"instock","12":"taxable","13":"shipping-taxable","14":"purchasable","15":"product-type-simple"},"ct_brands":[],"acf":[],"_links":{"self":[{"href":"https:\/\/agrozone.ee\/fi\/wp-json\/wp\/v2\/product\/41304","targetHints":{"allow":["GET"]}}],"collection":[{"href":"https:\/\/agrozone.ee\/fi\/wp-json\/wp\/v2\/product"}],"about":[{"href":"https:\/\/agrozone.ee\/fi\/wp-json\/wp\/v2\/types\/product"}],"wp:featuredmedia":[{"embeddable":true,"href":"https:\/\/agrozone.ee\/fi\/wp-json\/wp\/v2\/media\/41306"}],"wp:attachment":[{"href":"https:\/\/agrozone.ee\/fi\/wp-json\/wp\/v2\/media?parent=41304"}],"wp:term":[{"taxonomy":"product_brand","embeddable":true,"href":"https:\/\/agrozone.ee\/fi\/wp-json\/wp\/v2\/product_brand?post=41304"},{"taxonomy":"product_cat","embeddable":true,"href":"https:\/\/agrozone.ee\/fi\/wp-json\/wp\/v2\/product_cat?post=41304"},{"taxonomy":"product_tag","embeddable":true,"href":"https:\/\/agrozone.ee\/fi\/wp-json\/wp\/v2\/product_tag?post=41304"}],"curies":[{"name":"wp","href":"https:\/\/api.w.org\/{rel}","templated":true}]}}