{"id":41313,"date":"2024-06-09T15:57:52","date_gmt":"2024-06-09T12:57:52","guid":{"rendered":"https:\/\/agrozone.ee\/toode\/kukkien-marjojen-ja-vihannesten-kastelu-lannoite-1-kg\/"},"modified":"2024-06-09T15:57:52","modified_gmt":"2024-06-09T13:57:52","slug":"kukkien-marjojen-ja-vihannesten-kastelu-lannoite-1-kg","status":"publish","type":"product","link":"https:\/\/agrozone.ee\/fi\/tuote\/kukkien-marjojen-ja-vihannesten-kastelu-lannoite-1-kg\/","title":{"rendered":"Kukkien, marjojen ja vihannesten kastelu lannoite 1 kg"},"content":{"rendered":"<p><strong>Kukkien, marjojen ja vihannesten kastelu lannoite 1 kg<\/strong><\/p>\n<ul>\n<li>Sopii kaikkien kes\u00e4kukkien, koristepuiden, ruusujen, pensaiden, huone-, parveke-, kasvihuone- ja avomaakasvien kasteluun tai lehtien kautta tapahtuvaan lannoitukseen.<\/li>\n<li>Aktivoi kukintaa ja lis\u00e4\u00e4 satoa.<\/li>\n<li>Sis\u00e4lt\u00e4\u00e4 kaikkia kasveille tarvittavia hivenaineita.<\/li>\n<\/ul>\n<h3><strong>K\u00e4ytt\u00f6ohjeet<\/strong><\/h3>\n<p>Valmistele kasteluliuos liuottamalla sopiva m\u00e4\u00e4r\u00e4 lannoitetta veteen. Kastele kasveja saadulla liuoksella. KAIKKI PUUTARHAKASVIT: kastettaessa liuotetaan 10 litraan vett\u00e4 jokaisella kastelukerralla 1 tl, 1\u20132 viikon v\u00e4lein kasteltaessa 3 tl. HUONEKASVIT: liuotetaan 2 litraan vett\u00e4 jokaisella kastelukerralla huhtikuusta elokuuhun 0,5 tl, talvella kerran kuukaudessa 0,5 tl. 1 rkl = 10 g, 1 tl = 5 g. Lehtien kautta lannoitettaessa 1 %:n liuoksella 2 tl 1 litraan vett\u00e4. M\u00c4\u00c4R\u00c4: 1 kg riitt\u00e4\u00e4 2000 litraan vett\u00e4. Ruiskutetaan pilvisell\u00e4 s\u00e4\u00e4ll\u00e4, aamulla tai illalla. <\/p>\n","protected":false},"excerpt":{"rendered":"<ul>\n<li>Sopii kaikkien kes\u00e4kukkien, koristepuiden, ruusujen, pensaiden, huone-, parveke-, kasvihuone- ja avomaakasvien kasteluun tai lehtien kautta tapahtuvaan lannoitukseen.<\/li>\n<li>Aktivoi kukintaa ja lis\u00e4\u00e4 satoa.<\/li>\n<li>Sis\u00e4lt\u00e4\u00e4 kaikkia kasveille tarvittavia hivenaineita.<\/li>\n<\/ul>\n","protected":false},"featured_media":55532,"template":"","meta":{"_acf_changed":false,"_seopress_robots_primary_cat":"","_seopress_titles_title":"","_seopress_titles_desc":"Kukkien, marjojen ja vihannesten kastelu lannoite 1 kg - Aktivoi kukintaa ja lis\u00e4\u00e4 satoa. Sis\u00e4lt\u00e4\u00e4 kaikkia kasveille tarvittavia hivenaineita. ","_seopress_robots_index":"","_gspb_post_css":""},"product_brand":[],"product_cat":[2392,2461,2438,2460],"product_tag":[],"class_list":{"0":"post-41313","1":"product","2":"type-product","3":"status-publish","4":"has-post-thumbnail","6":"product_cat-kaikki-luokat","7":"product_cat-kasteluun-sekoitettava-lannoite","8":"product_cat-lannoitteet","9":"product_cat-puutarhalannoitteet","11":"first","12":"instock","13":"taxable","14":"shipping-taxable","15":"purchasable","16":"product-type-simple"},"ct_brands":[],"acf":[],"_links":{"self":[{"href":"https:\/\/agrozone.ee\/fi\/wp-json\/wp\/v2\/product\/41313","targetHints":{"allow":["GET"]}}],"collection":[{"href":"https:\/\/agrozone.ee\/fi\/wp-json\/wp\/v2\/product"}],"about":[{"href":"https:\/\/agrozone.ee\/fi\/wp-json\/wp\/v2\/types\/product"}],"wp:featuredmedia":[{"embeddable":true,"href":"https:\/\/agrozone.ee\/fi\/wp-json\/wp\/v2\/media\/55532"}],"wp:attachment":[{"href":"https:\/\/agrozone.ee\/fi\/wp-json\/wp\/v2\/media?parent=41313"}],"wp:term":[{"taxonomy":"product_brand","embeddable":true,"href":"https:\/\/agrozone.ee\/fi\/wp-json\/wp\/v2\/product_brand?post=41313"},{"taxonomy":"product_cat","embeddable":true,"href":"https:\/\/agrozone.ee\/fi\/wp-json\/wp\/v2\/product_cat?post=41313"},{"taxonomy":"product_tag","embeddable":true,"href":"https:\/\/agrozone.ee\/fi\/wp-json\/wp\/v2\/product_tag?post=41313"}],"curies":[{"name":"wp","href":"https:\/\/api.w.org\/{rel}","templated":true}]}}