{"id":41317,"date":"2024-06-09T15:57:30","date_gmt":"2024-06-09T12:57:30","guid":{"rendered":"https:\/\/agrozone.ee\/toode\/kesakukkien-kastelu-lannoite-300-g\/"},"modified":"2024-06-09T15:57:30","modified_gmt":"2024-06-09T13:57:30","slug":"kesakukkien-kastelu-lannoite-300-g","status":"publish","type":"product","link":"https:\/\/agrozone.ee\/fi\/tuote\/kesakukkien-kastelu-lannoite-300-g\/","title":{"rendered":"Kes\u00e4kukkien kastelu lannoite 300 g"},"content":{"rendered":"<p>Nopeasti vaikuttava, veteen liukeneva t\u00e4yslannoite, jossa on hivenaineita pelargonioiden, surfiinioiden, petunioiden, orvokkien, lobelioitten, krysanteemien, leukojen, keh\u00e4kukkien, salkoruusujen, salvioiden, daalioiden, leijonankitojen, maksaruohojen, astereiden, ruusujen, rautayrttien ja muiden huone-, parveke-, amppeli-, kes\u00e4- ja perennojen sek\u00e4 koristepensaiden kasteluun. Lannoite on tasapainoisen koostumuksen omaava ja sis\u00e4lt\u00e4\u00e4 kaikkia kasveille t\u00e4rkeit\u00e4 hivenaineita helposti omaksuttavassa muodossa.  Nopeuttaa kukinnan alkamista ja edist\u00e4\u00e4 uusien kukkanuppujen muodostumista. Lannoitteessa oleva magnesium ja hivenaineet vahvistavat kasveja, varmistavat optimaalisen kasvun ja tekev\u00e4t kukan v\u00e4rist\u00e4 kirkkaan. Kukat kukkivat runsaasti ja pitk\u00e4\u00e4n. Lannoitteessa oleva kalium vahvistaa kasveja, tekee kukkien tuoksun intensiivisemm\u00e4ksi ja lis\u00e4\u00e4 kasvien vastustuskyky\u00e4 ep\u00e4suotuisille kasvuolosuhteille ja taudeille.  <\/p>\n<p>&nbsp;<\/p>\n<h3>K\u00e4ytt\u00f6ohjeet<\/h3>\n<p>Liuota jauhe veteen ja kastele kasveja yhdell\u00e4 kukkurallisella mitallisella* 5 litraan vett\u00e4 kaksi kertaa viikossa tai kahdella kukkurallisella mitallisella 5 litraan vett\u00e4 valmistetulla liuoksella kerran viikossa. *\u00c4mp\u00e4riss\u00e4 on mitallinen. 1 kukkuramitallinen lannoitetta = 2 g. 300 g riitt\u00e4\u00e4 600 litraan vett\u00e4.   <\/p>\n","protected":false},"excerpt":{"rendered":"<p>Nopeasti vaikuttava, veteen liukeneva t\u00e4yslannoite, jossa on hivenaineita pelargonioiden, surfiinioiden, petunioiden, orvokkien, lobelioitten, krysanteemien, leukojen, keh\u00e4kukkien, salkoruusujen, salvioiden, daalioiden, leijonankitojen, maksaruohojen, astereiden, ruusujen, rautayrttien ja muiden huone-, parveke-, amppeli-, kes\u00e4- ja perennojen sek\u00e4 koristepensaiden kasteluun. Lannoite on tasapainoisen koostumuksen omaava ja sis\u00e4lt\u00e4\u00e4 kaikkia kasveille t\u00e4rkeit\u00e4 hivenaineita helposti omaksuttavassa muodossa.  Nopeuttaa kukinnan alkamista ja edist\u00e4\u00e4 uusien kukkanuppujen muodostumista. Lannoitteessa oleva magnesium ja hivenaineet vahvistavat kasveja, varmistavat optimaalisen kasvun ja tekev\u00e4t kukan v\u00e4rist\u00e4 kirkkaan. Kukat kukkivat runsaasti ja pitk\u00e4\u00e4n. Lannoitteessa oleva kalium vahvistaa kasveja, tekee kukkien tuoksun intensiivisemm\u00e4ksi ja lis\u00e4\u00e4 kasvien vastustuskyky\u00e4 ep\u00e4suotuisille kasvuolosuhteille ja taudeille.  <\/p>\n","protected":false},"featured_media":57593,"template":"","meta":{"_acf_changed":false,"_seopress_robots_primary_cat":"","_seopress_titles_title":"","_seopress_titles_desc":"","_seopress_robots_index":"","_gspb_post_css":""},"product_brand":[],"product_cat":[2392,2461,2438,2460],"product_tag":[],"class_list":{"0":"post-41317","1":"product","2":"type-product","3":"status-publish","4":"has-post-thumbnail","6":"product_cat-kaikki-luokat","7":"product_cat-kasteluun-sekoitettava-lannoite","8":"product_cat-lannoitteet","9":"product_cat-puutarhalannoitteet","11":"first","12":"instock","13":"taxable","14":"shipping-taxable","15":"purchasable","16":"product-type-simple"},"ct_brands":[],"acf":[],"_links":{"self":[{"href":"https:\/\/agrozone.ee\/fi\/wp-json\/wp\/v2\/product\/41317","targetHints":{"allow":["GET"]}}],"collection":[{"href":"https:\/\/agrozone.ee\/fi\/wp-json\/wp\/v2\/product"}],"about":[{"href":"https:\/\/agrozone.ee\/fi\/wp-json\/wp\/v2\/types\/product"}],"wp:featuredmedia":[{"embeddable":true,"href":"https:\/\/agrozone.ee\/fi\/wp-json\/wp\/v2\/media\/57593"}],"wp:attachment":[{"href":"https:\/\/agrozone.ee\/fi\/wp-json\/wp\/v2\/media?parent=41317"}],"wp:term":[{"taxonomy":"product_brand","embeddable":true,"href":"https:\/\/agrozone.ee\/fi\/wp-json\/wp\/v2\/product_brand?post=41317"},{"taxonomy":"product_cat","embeddable":true,"href":"https:\/\/agrozone.ee\/fi\/wp-json\/wp\/v2\/product_cat?post=41317"},{"taxonomy":"product_tag","embeddable":true,"href":"https:\/\/agrozone.ee\/fi\/wp-json\/wp\/v2\/product_tag?post=41317"}],"curies":[{"name":"wp","href":"https:\/\/api.w.org\/{rel}","templated":true}]}}