{"id":41324,"date":"2024-06-09T15:58:35","date_gmt":"2024-06-09T12:58:35","guid":{"rendered":"https:\/\/agrozone.ee\/toode\/sammaleenpoistoaine-nurmikolle-10-kg\/"},"modified":"2024-06-09T15:58:35","modified_gmt":"2024-06-09T13:58:35","slug":"sammaleenpoistoaine-nurmikolle-10-kg","status":"publish","type":"product","link":"https:\/\/agrozone.ee\/fi\/tuote\/sammaleenpoistoaine-nurmikolle-10-kg\/","title":{"rendered":"Sammaleenpoistoaine nurmikolle 10 kg"},"content":{"rendered":"<ul>\n<li>Baltic Agron sammaleenpoistoaine nurmikolle auttaa p\u00e4\u00e4sem\u00e4\u00e4n eroon sammaleesta.<\/li>\n<li>Sammal valtaa nurmikon, jos maaper\u00e4 on liian tiivist\u00e4 ja huonosti ilmastavaa, ravinnek\u00f6yh\u00e4\u00e4, nurmikko kasvaa varjossa tai kyseess\u00e4 on liian kostea tai hapan maaper\u00e4.<\/li>\n<\/ul>\n<h3>K\u00e4ytt\u00f6ohjeet<\/h3>\n<ul>\n<li>Sammaleenpoistoainetta sis\u00e4lt\u00e4v\u00e4\u00e4 nurmikon lannoitetta levitet\u00e4\u00e4n huhtikuusta syyskuuhun sammaloituneisiin kohtiin (30 g\/m\u00b2) ja annetaan vaikuttaa pari p\u00e4iv\u00e4\u00e4. Ruskettunut sammal haravoidaan pois nurmikolta. <\/li>\n<li>Syntyneet aukot t\u00e4ytet\u00e4\u00e4n mullalla ja kylvet\u00e4\u00e4n uusi nurmikon siemen.<\/li>\n<li>Sammaleen p\u00e4\u00e4semiseksi suosittelemme nurmikon s\u00e4\u00e4nn\u00f6llist\u00e4 ilmastusta (puutarhahaarukalla tai ilmaajalla) ja kalkitsemista.<\/li>\n<li>4 kg = 120 m\u00b2.<\/li>\n<\/ul>\n","protected":false},"excerpt":{"rendered":"<ul>\n<li>Baltic Agron sammaleenpoistoaine nurmikolle auttaa p\u00e4\u00e4sem\u00e4\u00e4n eroon sammaleesta.<\/li>\n<li>Sammal valtaa nurmikon, jos maaper\u00e4 on liian tiivist\u00e4 ja huonosti ilmastavaa, ravinnek\u00f6yh\u00e4\u00e4, nurmikko kasvaa varjossa tai kyseess\u00e4 on liian kostea tai hapan maaper\u00e4.<\/li>\n<\/ul>\n","protected":false},"featured_media":58187,"template":"","meta":{"_acf_changed":false,"_seopress_robots_primary_cat":"","_seopress_titles_title":"","_seopress_titles_desc":"Sammaleen poistava nurmikon lannoite auttaa p\u00e4\u00e4sem\u00e4\u00e4n eroon sammaleesta. Sammal valtaa nurmikon, jos maaper\u00e4 on liian tiivist\u00e4 ja huonosti ilmastavaa, ravinnek\u00f6yh\u00e4\u00e4 tai nurmikko kasvaa varjossa. ","_seopress_robots_index":"","_gspb_post_css":""},"product_brand":[],"product_cat":[2392,2438,2463],"product_tag":[],"class_list":{"0":"post-41324","1":"product","2":"type-product","3":"status-publish","4":"has-post-thumbnail","6":"product_cat-kaikki-luokat","7":"product_cat-lannoitteet","8":"product_cat-nurmikkolannoitteet","10":"first","11":"instock","12":"taxable","13":"shipping-taxable","14":"purchasable","15":"product-type-simple"},"ct_brands":[],"acf":[],"_links":{"self":[{"href":"https:\/\/agrozone.ee\/fi\/wp-json\/wp\/v2\/product\/41324","targetHints":{"allow":["GET"]}}],"collection":[{"href":"https:\/\/agrozone.ee\/fi\/wp-json\/wp\/v2\/product"}],"about":[{"href":"https:\/\/agrozone.ee\/fi\/wp-json\/wp\/v2\/types\/product"}],"wp:featuredmedia":[{"embeddable":true,"href":"https:\/\/agrozone.ee\/fi\/wp-json\/wp\/v2\/media\/58187"}],"wp:attachment":[{"href":"https:\/\/agrozone.ee\/fi\/wp-json\/wp\/v2\/media?parent=41324"}],"wp:term":[{"taxonomy":"product_brand","embeddable":true,"href":"https:\/\/agrozone.ee\/fi\/wp-json\/wp\/v2\/product_brand?post=41324"},{"taxonomy":"product_cat","embeddable":true,"href":"https:\/\/agrozone.ee\/fi\/wp-json\/wp\/v2\/product_cat?post=41324"},{"taxonomy":"product_tag","embeddable":true,"href":"https:\/\/agrozone.ee\/fi\/wp-json\/wp\/v2\/product_tag?post=41324"}],"curies":[{"name":"wp","href":"https:\/\/api.w.org\/{rel}","templated":true}]}}