{"id":41339,"date":"2024-06-09T15:58:35","date_gmt":"2024-06-09T12:58:35","guid":{"rendered":"https:\/\/agrozone.ee\/toode\/kesalannoite-nurmikolle-5-kg\/"},"modified":"2024-06-09T15:58:35","modified_gmt":"2024-06-09T13:58:35","slug":"kesalannoite-nurmikolle-5-kg","status":"publish","type":"product","link":"https:\/\/agrozone.ee\/fi\/tuote\/kesalannoite-nurmikolle-5-kg\/","title":{"rendered":"Kes\u00e4lannoite nurmikolle 5 kg"},"content":{"rendered":"<p>Tasaisesti ja pitk\u00e4vaikutteisesti vaikuttava rakeinen t\u00e4yslannoite, joka auttaa nurmikkoa pysym\u00e4\u00e4n samettisen vihre\u00e4n\u00e4 eik\u00e4 kiihdyt\u00e4 nurmikon kasvua liikaa. Lannoitteessa on ravinteet tasapainossa ja nurmikkokasveille sopivassa suhteessa. Se tekee nurmikosta kauniin, vahvistaa nurmikkokasvien juuristoa ja tekee nurmikosta vastustuskykyisen tauteja, kuivuutta ja sammaloitumista vastaan.  <\/p>\n<p>&nbsp;<\/p>\n<h3>K\u00e4ytt\u00f6ohjeet<\/h3>\n<p>K\u00e4ytet\u00e4\u00e4n kes\u00e4kuusta elokuuhun. Elokuussa, syyskuussa ja lokakuussa lannoitetaan syyslannoitteella.  K\u00c4YTT\u00d6OHJE. 2,5\u20133 kg\/100 m\u00b2 \u2013 nurmikot kotipuutarhoissa, viheralueet, nurmipintaiset urheilukent\u00e4t.<\/p>\n","protected":false},"excerpt":{"rendered":"<p>Tasaisesti ja pitk\u00e4vaikutteisesti vaikuttava rakeinen t\u00e4yslannoite, joka auttaa nurmikkoa pysym\u00e4\u00e4n samettisen vihre\u00e4n\u00e4 eik\u00e4 kiihdyt\u00e4 nurmikon kasvua liikaa. Lannoitteessa on ravinteet tasapainossa ja nurmikkokasveille sopivassa suhteessa. Se tekee nurmikosta kauniin, vahvistaa nurmikkokasvien juuristoa ja tekee nurmikosta vastustuskykyisen tauteja, kuivuutta ja sammaloitumista vastaan.  <\/p>\n<p>&nbsp;<\/p>\n","protected":false},"featured_media":49235,"template":"","meta":{"_acf_changed":false,"_seopress_robots_primary_cat":"","_seopress_titles_title":"","_seopress_titles_desc":"","_seopress_robots_index":"","_gspb_post_css":""},"product_brand":[],"product_cat":[2392,2438,2463],"product_tag":[],"class_list":{"0":"post-41339","1":"product","2":"type-product","3":"status-publish","4":"has-post-thumbnail","6":"product_cat-kaikki-luokat","7":"product_cat-lannoitteet","8":"product_cat-nurmikkolannoitteet","10":"first","11":"instock","12":"featured","13":"taxable","14":"shipping-taxable","15":"purchasable","16":"product-type-simple"},"ct_brands":[],"acf":[],"_links":{"self":[{"href":"https:\/\/agrozone.ee\/fi\/wp-json\/wp\/v2\/product\/41339","targetHints":{"allow":["GET"]}}],"collection":[{"href":"https:\/\/agrozone.ee\/fi\/wp-json\/wp\/v2\/product"}],"about":[{"href":"https:\/\/agrozone.ee\/fi\/wp-json\/wp\/v2\/types\/product"}],"wp:featuredmedia":[{"embeddable":true,"href":"https:\/\/agrozone.ee\/fi\/wp-json\/wp\/v2\/media\/49235"}],"wp:attachment":[{"href":"https:\/\/agrozone.ee\/fi\/wp-json\/wp\/v2\/media?parent=41339"}],"wp:term":[{"taxonomy":"product_brand","embeddable":true,"href":"https:\/\/agrozone.ee\/fi\/wp-json\/wp\/v2\/product_brand?post=41339"},{"taxonomy":"product_cat","embeddable":true,"href":"https:\/\/agrozone.ee\/fi\/wp-json\/wp\/v2\/product_cat?post=41339"},{"taxonomy":"product_tag","embeddable":true,"href":"https:\/\/agrozone.ee\/fi\/wp-json\/wp\/v2\/product_tag?post=41339"}],"curies":[{"name":"wp","href":"https:\/\/api.w.org\/{rel}","templated":true}]}}