{"id":41341,"date":"2024-06-09T15:58:56","date_gmt":"2024-06-09T13:58:56","guid":{"rendered":"https:\/\/agrozone.ee\/toode\/nestemainen-lannoite-huonekasveille-500-ml\/"},"modified":"2024-06-09T15:58:56","modified_gmt":"2024-06-09T13:58:56","slug":"nestemainen-lannoite-huonekasveille-500-ml","status":"publish","type":"product","link":"https:\/\/agrozone.ee\/fi\/tuote\/nestemainen-lannoite-huonekasveille-500-ml\/","title":{"rendered":"Nestem\u00e4inen lannoite huonekasveille 500 ml"},"content":{"rendered":"<p><strong>Nestem\u00e4inen lannoite huonekasveille 500 ml<\/strong><\/p>\n<ul>\n<li>Nopeasti vaikuttava nestem\u00e4inen lannoite huonekasvien kasteluun, sopii sek\u00e4 kukkiville ett\u00e4 viherkasveille: esimerkiksi r\u00f6nsyliljoille, saniaisille (sulkavehka, nefrolepis, hiussaniainen), muratille, pelargonioille, flamingokukille, ruusuille, orvokeille, tuoksuk\u00f6ynn\u00f6skasveille, anopinkielille, kirjovehkoille, fatsioille, esikoille, kalanhoeille, kellokukille, muratille, lohik\u00e4\u00e4rmepuille, alppiruusuille ja muille huonekasveille.<\/li>\n<li>Sis\u00e4lt\u00e4\u00e4 kaikkia kasvien kasvuun ja kehitykseen tarvittavia p\u00e4\u00e4ravinteita oikeassa suhteessa.<\/li>\n<li>Lannoitteen k\u00e4ytt\u00f6 antaa kukille kirkkaan kukkien v\u00e4rin, rehev\u00e4t kukat, runsaan ja pitk\u00e4aikaisen kukinnan, vahvan juuriston ja intensiivisen vihre\u00e4n lehtien v\u00e4rin.<\/li>\n<\/ul>\n<h3>K\u00e4ytt\u00f6ohjeet<\/h3>\n<ul>\n<li>Kastele kasveja lannoiteliuoksella kasvukauden aikana (maaliskuusta lokakuuhun) kerran viikossa.<\/li>\n<li>Talvella kasveja kastellaan lannoiteliuoksella kerran kuukaudessa.<\/li>\n<li>Nelj\u00e4nnes pullonkorkillinen nestem\u00e4ist\u00e4 lannoitetta liuotetaan 1 litraan vett\u00e4 (20 ml eli 1 korkillinen liuotetaan 5 litraan vett\u00e4).<\/li>\n<li>500 ml = 65 litraa kasteluliuosta.<\/li>\n<\/ul>\n","protected":false},"excerpt":{"rendered":"<ul>\n<li>Nopeasti vaikuttava nestem\u00e4inen lannoite huonekasvien kasteluun, sopii sek\u00e4 kukkiville ett\u00e4 viherkasveille: esimerkiksi r\u00f6nsyliljoille, saniaisille (sulkavehka, nefrolepis, hiussaniainen), muratille, pelargonioille, flamingokukille, ruusuille, orvokeille, tuoksuk\u00f6ynn\u00f6skasveille, anopinkielille, kirjovehkoille, fatsioille, esikoille, kalanhoeille, kellokukille, muratille, lohik\u00e4\u00e4rmepuille, alppiruusuille ja muille huonekasveille.<\/li>\n<li>Sis\u00e4lt\u00e4\u00e4 kaikkia kasvien kasvuun ja kehitykseen tarvittavia p\u00e4\u00e4ravinteita oikeassa suhteessa.<\/li>\n<\/ul>\n","protected":false},"featured_media":41344,"template":"","meta":{"_acf_changed":false,"_seopress_robots_primary_cat":"","_seopress_titles_title":"","_seopress_titles_desc":"Nestem\u00e4inen lannoite huonekasveille 500 ml - Nopeasti vaikuttava nestem\u00e4inen lannoite huonekasvien kasteluun, sopii sek\u00e4 kukkiville ett\u00e4 viherkasveille.","_seopress_robots_index":"","_gspb_post_css":""},"product_brand":[],"product_cat":[2467,2392,2461,2438,2468],"product_tag":[],"class_list":{"0":"post-41341","1":"product","2":"type-product","3":"status-publish","4":"has-post-thumbnail","6":"product_cat-huonekasvien-lannoitteet","7":"product_cat-kaikki-luokat","8":"product_cat-kasteluun-sekoitettava-lannoite","9":"product_cat-lannoitteet","10":"product_cat-nestemainen-lannoite","12":"first","13":"instock","14":"taxable","15":"shipping-taxable","16":"purchasable","17":"product-type-simple"},"ct_brands":[],"acf":[],"_links":{"self":[{"href":"https:\/\/agrozone.ee\/fi\/wp-json\/wp\/v2\/product\/41341","targetHints":{"allow":["GET"]}}],"collection":[{"href":"https:\/\/agrozone.ee\/fi\/wp-json\/wp\/v2\/product"}],"about":[{"href":"https:\/\/agrozone.ee\/fi\/wp-json\/wp\/v2\/types\/product"}],"wp:featuredmedia":[{"embeddable":true,"href":"https:\/\/agrozone.ee\/fi\/wp-json\/wp\/v2\/media\/41344"}],"wp:attachment":[{"href":"https:\/\/agrozone.ee\/fi\/wp-json\/wp\/v2\/media?parent=41341"}],"wp:term":[{"taxonomy":"product_brand","embeddable":true,"href":"https:\/\/agrozone.ee\/fi\/wp-json\/wp\/v2\/product_brand?post=41341"},{"taxonomy":"product_cat","embeddable":true,"href":"https:\/\/agrozone.ee\/fi\/wp-json\/wp\/v2\/product_cat?post=41341"},{"taxonomy":"product_tag","embeddable":true,"href":"https:\/\/agrozone.ee\/fi\/wp-json\/wp\/v2\/product_tag?post=41341"}],"curies":[{"name":"wp","href":"https:\/\/api.w.org\/{rel}","templated":true}]}}