{"id":41345,"date":"2024-06-09T15:58:56","date_gmt":"2024-06-09T13:58:56","guid":{"rendered":"https:\/\/agrozone.ee\/toode\/orkideoiden-lannoitepuikot\/"},"modified":"2024-06-09T15:58:56","modified_gmt":"2024-06-09T13:58:56","slug":"orkideoiden-lannoitepuikot","status":"publish","type":"product","link":"https:\/\/agrozone.ee\/fi\/tuote\/orkideoiden-lannoitepuikot\/","title":{"rendered":"Orkideoiden lannoitepuikot"},"content":{"rendered":"<ul>\n<li>Orkideoiden lannoitepuikot ovat erityinen mineraalilannoite orkideojen, erityisesti perhosk\u00e4mmek\u00f6iden, ravinnetarpeisiin.<\/li>\n<li>Lannoitepuikot stimuloivat kasvien kasvua ja kukkanuppujen muodostumista varmistaen pitk\u00e4n kukinta-ajan.<\/li>\n<li>Ravinne on hitaasti liukenevassa muodossa, mik\u00e4 mahdollistaa kasvien ravinteiden saannin v\u00e4hitellen tarpeen mukaan.<\/li>\n<li>Yliannostuksen vaaraa ei siis ole.<\/li>\n<\/ul>\n<h4>K\u00e4ytt\u00f6ohjeet<\/h4>\n<ul>\n<li>Mittaa ruukun halkaisija.<\/li>\n<li>Ota ruukun halkaisijan mukaan (katso taulukko) pakkauksesta tarvittava m\u00e4\u00e4r\u00e4 puikkoja ja murra ne tarvittaessa useampaan osaan.<\/li>\n<li>Paina puikot multaan kasvin ja ruukun reunan v\u00e4liin.<\/li>\n<li>Kastele kevyesti.<\/li>\n<li>Vaihda puikot tarvittaessa kolmen kuukauden v\u00e4lein.<\/li>\n<li>Erityisen suolaherkkien orkidealajien (esim. miltonia, venuksenkenk\u00e4) kohdalla puikkojen m\u00e4\u00e4r\u00e4\u00e4 v\u00e4hennet\u00e4\u00e4n puoleen.<\/li>\n<li>Lannoita orkideoita aktiivisen kasvun aikana (kukinnan tai uusien versojen, lehtien ja juurien kasvun aikana).<\/li>\n<\/ul>\n","protected":false},"excerpt":{"rendered":"<ul>\n<li>Orkideoiden lannoitepuikot ovat erityinen mineraalilannoite orkideojen, erityisesti perhosk\u00e4mmek\u00f6iden, ravinnetarpeisiin.<\/li>\n<li>Lannoitepuikot stimuloivat kasvien kasvua ja kukkanuppujen muodostumista varmistaen pitk\u00e4n kukinta-ajan.<\/li>\n<li>Ravinne on hitaasti liukenevassa muodossa, mik\u00e4 mahdollistaa kasvien ravinteiden saannin v\u00e4hitellen tarpeen mukaan.<\/li>\n<li>Yliannostuksen vaaraa ei siis ole.<\/li>\n<\/ul>\n","protected":false},"featured_media":41347,"template":"","meta":{"_acf_changed":false,"_seopress_robots_primary_cat":"","_seopress_titles_title":"","_seopress_titles_desc":"Orkideoiden lannoitepuikot ovat erityinen mineraalilannoite orkideojen, erityisesti perhosk\u00e4mmek\u00f6iden, ravinnetarpeisiin. Lannoitepuikot stimuloivat kasvien kasvua. ","_seopress_robots_index":"","_gspb_post_css":""},"product_brand":[],"product_cat":[2467,2392,2438],"product_tag":[],"class_list":{"0":"post-41345","1":"product","2":"type-product","3":"status-publish","4":"has-post-thumbnail","6":"product_cat-huonekasvien-lannoitteet","7":"product_cat-kaikki-luokat","8":"product_cat-lannoitteet","10":"first","11":"instock","12":"taxable","13":"shipping-taxable","14":"purchasable","15":"product-type-simple"},"ct_brands":[],"acf":[],"_links":{"self":[{"href":"https:\/\/agrozone.ee\/fi\/wp-json\/wp\/v2\/product\/41345","targetHints":{"allow":["GET"]}}],"collection":[{"href":"https:\/\/agrozone.ee\/fi\/wp-json\/wp\/v2\/product"}],"about":[{"href":"https:\/\/agrozone.ee\/fi\/wp-json\/wp\/v2\/types\/product"}],"wp:featuredmedia":[{"embeddable":true,"href":"https:\/\/agrozone.ee\/fi\/wp-json\/wp\/v2\/media\/41347"}],"wp:attachment":[{"href":"https:\/\/agrozone.ee\/fi\/wp-json\/wp\/v2\/media?parent=41345"}],"wp:term":[{"taxonomy":"product_brand","embeddable":true,"href":"https:\/\/agrozone.ee\/fi\/wp-json\/wp\/v2\/product_brand?post=41345"},{"taxonomy":"product_cat","embeddable":true,"href":"https:\/\/agrozone.ee\/fi\/wp-json\/wp\/v2\/product_cat?post=41345"},{"taxonomy":"product_tag","embeddable":true,"href":"https:\/\/agrozone.ee\/fi\/wp-json\/wp\/v2\/product_tag?post=41345"}],"curies":[{"name":"wp","href":"https:\/\/api.w.org\/{rel}","templated":true}]}}