{"id":41346,"date":"2024-06-09T15:59:18","date_gmt":"2024-06-09T12:59:18","guid":{"rendered":"https:\/\/agrozone.ee\/toode\/hedelmapuiden-ruiskutuspakkaus-750-g\/"},"modified":"2024-06-09T15:59:18","modified_gmt":"2024-06-09T13:59:18","slug":"hedelmapuiden-ruiskutuspakkaus-750-g","status":"publish","type":"product","link":"https:\/\/agrozone.ee\/fi\/tuote\/hedelmapuiden-ruiskutuspakkaus-750-g\/","title":{"rendered":"Hedelm\u00e4puiden ruiskutuspakkaus 750 g"},"content":{"rendered":"<p>Pakkaus sis\u00e4lt\u00e4\u00e4 veteen liukenevaa ureaa ja kuparisulfaattia ruiskutteen valmistukseen hedelm\u00e4puiden ja marjapensaiden ruiskuttamiseen aikaisin kev\u00e4\u00e4ll\u00e4 ja my\u00f6h\u00e4\u00e4n syksyll\u00e4. Ruiskuttamalla ravitsemme kasveja typell\u00e4 ja kuparilla sek\u00e4 ehk\u00e4isemme sairauksia (esim. lehtihome, laho). Kasveista tulee vahvempia ja vastustuskykyisempi\u00e4 ep\u00e4suotuisia kasvuolosuhteita vastaan.  <\/p>\n<p>&nbsp;<\/p>\n<h3>K\u00e4ytt\u00f6ohjeet<\/h3>\n<p>Suositellaan k\u00e4ytett\u00e4v\u00e4ksi maaliskuusta marraskuuhun. KEV\u00c4TRUISKUTUS. Ruiskutetaan, kun lumi on sulanut ja l\u00e4mp\u00f6tila on yli 0 \u00b0C. Ruiskutus tehd\u00e4\u00e4n ennen silmujen puhkeamista. Suosittelemme ruiskuttamaan liuosta my\u00f6s puun alla oleville viime vuoden lehdille ja hedelmien j\u00e4\u00e4nteille, sill\u00e4 se auttaa ehk\u00e4isem\u00e4\u00e4n tautien ja tuholaisten levi\u00e4mist\u00e4. SYYSRUISKUTUS. Lokakuussa-marraskuussa ruiskutetaan, kun lehdet ovat pudonneet, puun alusta on siivottu ja sato on korjattu. KOMPOSTOINNIN KIIHREYT\u00c4MISEKSI. Valmisliuoksella kastellaan kompostoitavia kasvij\u00e4tteit\u00e4 \u2013 se edist\u00e4\u00e4 kompostoitumista ja rikastuttaa kompostia typell\u00e4.        <\/p>\n","protected":false},"excerpt":{"rendered":"<p>Pakkaus sis\u00e4lt\u00e4\u00e4 veteen liukenevaa ureaa ja kuparisulfaattia ruiskutteen valmistukseen hedelm\u00e4puiden ja marjapensaiden ruiskuttamiseen aikaisin kev\u00e4\u00e4ll\u00e4 ja my\u00f6h\u00e4\u00e4n syksyll\u00e4. Ruiskuttamalla ravitsemme kasveja typell\u00e4 ja kuparilla sek\u00e4 ehk\u00e4isemme sairauksia (esim. lehtihome, laho). Kasveista tulee vahvempia ja vastustuskykyisempi\u00e4 ep\u00e4suotuisia kasvuolosuhteita vastaan.  <\/p>\n","protected":false},"featured_media":41348,"template":"","meta":{"_acf_changed":false,"_seopress_robots_primary_cat":"","_seopress_titles_title":"","_seopress_titles_desc":"","_seopress_robots_index":"","_gspb_post_css":""},"product_brand":[],"product_cat":[2392,2361,2438,2460,2356],"product_tag":[],"class_list":{"0":"post-41346","1":"product","2":"type-product","3":"status-publish","4":"has-post-thumbnail","6":"product_cat-kaikki-luokat","7":"product_cat-kasvinsuojeluaineet","8":"product_cat-lannoitteet","9":"product_cat-puutarhalannoitteet","10":"product_cat-puutarhan-ja-kasvien-suojelu","12":"first","13":"instock","14":"featured","15":"taxable","16":"shipping-taxable","17":"purchasable","18":"product-type-simple"},"ct_brands":[],"acf":[],"_links":{"self":[{"href":"https:\/\/agrozone.ee\/fi\/wp-json\/wp\/v2\/product\/41346","targetHints":{"allow":["GET"]}}],"collection":[{"href":"https:\/\/agrozone.ee\/fi\/wp-json\/wp\/v2\/product"}],"about":[{"href":"https:\/\/agrozone.ee\/fi\/wp-json\/wp\/v2\/types\/product"}],"wp:featuredmedia":[{"embeddable":true,"href":"https:\/\/agrozone.ee\/fi\/wp-json\/wp\/v2\/media\/41348"}],"wp:attachment":[{"href":"https:\/\/agrozone.ee\/fi\/wp-json\/wp\/v2\/media?parent=41346"}],"wp:term":[{"taxonomy":"product_brand","embeddable":true,"href":"https:\/\/agrozone.ee\/fi\/wp-json\/wp\/v2\/product_brand?post=41346"},{"taxonomy":"product_cat","embeddable":true,"href":"https:\/\/agrozone.ee\/fi\/wp-json\/wp\/v2\/product_cat?post=41346"},{"taxonomy":"product_tag","embeddable":true,"href":"https:\/\/agrozone.ee\/fi\/wp-json\/wp\/v2\/product_tag?post=41346"}],"curies":[{"name":"wp","href":"https:\/\/api.w.org\/{rel}","templated":true}]}}