{"id":41349,"date":"2024-06-09T15:58:56","date_gmt":"2024-06-09T13:58:56","guid":{"rendered":"https:\/\/agrozone.ee\/toode\/nestemainen-orkidealannoite-500-ml\/"},"modified":"2024-06-09T15:58:56","modified_gmt":"2024-06-09T13:58:56","slug":"nestemainen-orkidealannoite-500-ml","status":"publish","type":"product","link":"https:\/\/agrozone.ee\/fi\/tuote\/nestemainen-orkidealannoite-500-ml\/","title":{"rendered":"Nestem\u00e4inen orkidealannoite 500 ml"},"content":{"rendered":"<p><strong>Nestem\u00e4inen orkidealannoite 500 ml<\/strong><\/p>\n<ul>\n<li>Orkideoiden nestem\u00e4inen lannoite on erityinen mineraalilannoite orkideojen, erityisesti perhosk\u00e4mmek\u00f6iden, ravinnetarpeisiin.<\/li>\n<li>Nopeasti vaikuttava, veteen liukeneva t\u00e4yslannoite, jossa on hivenaineita, kaikkien orkidealajien ymp\u00e4rivuotiseen kasteluun.<\/li>\n<li>Lannoite on tasapainoisen koostumuksen omaava ja sis\u00e4lt\u00e4\u00e4 kaikkia kasveille t\u00e4rkeit\u00e4 p\u00e4\u00e4ravinteita oikeassa suhteessa.<\/li>\n<li>Aktivoi kukintaa, orkideoiden kukat ovat rehevi\u00e4 ja niill\u00e4 on kirkas v\u00e4ri.<\/li>\n<li>Kasvit kukkivat pitk\u00e4\u00e4n ja runsaasti ja pysyv\u00e4t tervein\u00e4.<\/li>\n<\/ul>\n<h3>K\u00e4ytt\u00f6ohjeet<\/h3>\n<ul>\n<li>Kasvin juuret kastellaan tai upotetaan ruukkuineen lannoiteliuokseen 15 minuutiksi.<\/li>\n<li>Kasteluliuoksen valmistukseen on suositeltavaa k\u00e4ytt\u00e4\u00e4 sadevett\u00e4 tai keitetty\u00e4 haaleaa vett\u00e4.<\/li>\n<li>Kasvukaudella lannoitetaan 2\u20133 kertaa kuukaudessa, talvella (lokakuusta maaliskuuhun) 1\u20132 kertaa kuukaudessa.<\/li>\n<li>Nelj\u00e4nnes pullonkorkillinen nestem\u00e4ist\u00e4 lannoitetta liuotetaan 1 litraan vett\u00e4 (20 ml eli 1 korkillinen liuotetaan 5 litraan vett\u00e4).<\/li>\n<\/ul>\n","protected":false},"excerpt":{"rendered":"<ul>\n<li>Orkideoiden nestem\u00e4inen lannoite on erityinen mineraalilannoite orkideojen, erityisesti perhosk\u00e4mmek\u00f6iden, ravinnetarpeisiin.<\/li>\n<li>Nopeasti vaikuttava, veteen liukeneva t\u00e4yslannoite, jossa on hivenaineita, kaikkien orkidealajien ymp\u00e4rivuotiseen kasteluun.<\/li>\n<li>Lannoite on tasapainoisen koostumuksen omaava ja sis\u00e4lt\u00e4\u00e4 kaikkia kasveille t\u00e4rkeit\u00e4 p\u00e4\u00e4ravinteita oikeassa suhteessa.<\/li>\n<li>Aktivoi kukintaa, orkideoiden kukat ovat rehevi\u00e4 ja niill\u00e4 on kirkas v\u00e4ri.<\/li>\n<li>Kasvit kukkivat pitk\u00e4\u00e4n ja runsaasti ja pysyv\u00e4t tervein\u00e4.<\/li>\n<\/ul>\n","protected":false},"featured_media":41351,"template":"","meta":{"_acf_changed":false,"_seopress_robots_primary_cat":"","_seopress_titles_title":"","_seopress_titles_desc":"Orkideoiden nestem\u00e4inen lannoite on mineraalilannoite orkideojen, erityisesti perhosk\u00e4mmek\u00f6iden, ravinnetarpeisiin. Kasvit kukkivat pitk\u00e4\u00e4n ja runsaasti ja pysyv\u00e4t tervein\u00e4. ","_seopress_robots_index":"","_gspb_post_css":""},"product_brand":[],"product_cat":[2467,2392,2461,2438,2468],"product_tag":[],"class_list":{"0":"post-41349","1":"product","2":"type-product","3":"status-publish","4":"has-post-thumbnail","6":"product_cat-huonekasvien-lannoitteet","7":"product_cat-kaikki-luokat","8":"product_cat-kasteluun-sekoitettava-lannoite","9":"product_cat-lannoitteet","10":"product_cat-nestemainen-lannoite","12":"first","13":"instock","14":"taxable","15":"shipping-taxable","16":"purchasable","17":"product-type-simple"},"ct_brands":[],"acf":[],"_links":{"self":[{"href":"https:\/\/agrozone.ee\/fi\/wp-json\/wp\/v2\/product\/41349","targetHints":{"allow":["GET"]}}],"collection":[{"href":"https:\/\/agrozone.ee\/fi\/wp-json\/wp\/v2\/product"}],"about":[{"href":"https:\/\/agrozone.ee\/fi\/wp-json\/wp\/v2\/types\/product"}],"wp:featuredmedia":[{"embeddable":true,"href":"https:\/\/agrozone.ee\/fi\/wp-json\/wp\/v2\/media\/41351"}],"wp:attachment":[{"href":"https:\/\/agrozone.ee\/fi\/wp-json\/wp\/v2\/media?parent=41349"}],"wp:term":[{"taxonomy":"product_brand","embeddable":true,"href":"https:\/\/agrozone.ee\/fi\/wp-json\/wp\/v2\/product_brand?post=41349"},{"taxonomy":"product_cat","embeddable":true,"href":"https:\/\/agrozone.ee\/fi\/wp-json\/wp\/v2\/product_cat?post=41349"},{"taxonomy":"product_tag","embeddable":true,"href":"https:\/\/agrozone.ee\/fi\/wp-json\/wp\/v2\/product_tag?post=41349"}],"curies":[{"name":"wp","href":"https:\/\/api.w.org\/{rel}","templated":true}]}}